{"id":53006,"date":"2023-03-29T00:00:30","date_gmt":"2023-03-29T04:00:30","guid":{"rendered":"https:\/\/www.goelette.ca\/?post_type=product&#038;p=53006"},"modified":"2024-06-05T15:35:08","modified_gmt":"2024-06-05T19:35:08","slug":"docteur-campagne-t3-clara","status":"publish","type":"product","link":"https:\/\/goelette.ca\/en\/tous-les-livres\/docteur-campagne-t3-clara\/","title":{"rendered":"Docteur campagne Tome 3 : Clara"},"content":{"rendered":"<p>Lorsque Samuel revient du front bien vivant, il trouve sa fianc\u00e9e mari\u00e9e et sa fille devenue une femme ind\u00e9pendante. Il devra alors lutter contre son attachement profond pour Catherine, bien que les origines du petit Emmanuel lui rappellent constamment leur amour pass\u00e9. Pouss\u00e9 par sa m\u00e8re \u00e0 se trouver une \u00e9pouse, il oscillera entre son attirance pour une femme beaucoup trop jeune et une autre qui a offert sa vie \u00e0 Dieu. Guid\u00e9 par son coeur, le docteur traversera encore plusieurs \u00e9preuves avant de trouver la paix. Clara est un roman tout aussi \u00e9mouvant que le docteur. Dernier tome de la trilogie Docteur Campagne, il cl\u00f4t le destin de ses personnages en faisant vibrer les \u00e9motions des lecteurs.<\/p>\n","protected":false},"excerpt":{"rendered":"<p>Lorsque Samuel revient du front bien vivant, il trouve sa fianc\u00e9e mari\u00e9e et sa fille devenue une femme ind\u00e9pendante. Il devra alors lutter contre son attachement profond pour Catherine, bien que les origines du petit Emmanuel lui rappellent constamment leur amour pass\u00e9. Pouss\u00e9 par sa m\u00e8re \u00e0 se trouver une \u00e9pouse, il oscillera entre son [&hellip;]<\/p>\n","protected":false},"featured_media":52946,"template":"","meta":{"wds_primary_product_brand":0,"wds_primary_product_cat":0,"wds_primary_maison_dedition":0},"product_brand":[],"product_cat":[542],"product_tag":[],"maison_dedition":[541],"class_list":{"0":"post-53006","1":"product","2":"type-product","3":"status-publish","4":"has-post-thumbnail","6":"product_cat-roman","7":"pa_auteur-andre-mathieu","8":"maison_dedition-les-editions-coup-doeil","10":"first","11":"instock","12":"taxable","13":"shipping-taxable","14":"purchasable","15":"product-type-variable"},"bundled_by":[],"bundle_stock_status":"instock","bundle_stock_quantity":null,"bundle_virtual":false,"bundle_layout":"","bundle_add_to_cart_form_location":"","bundle_editable_in_cart":false,"bundle_sold_individually_context":"","bundle_item_grouping":"","bundle_min_size":"","bundle_max_size":"","bundle_price":[],"bundled_items":[],"bundle_sell_ids":[],"acf":[],"_links":{"self":[{"href":"https:\/\/goelette.ca\/en\/wp-json\/wp\/v2\/product\/53006","targetHints":{"allow":["GET"]}}],"collection":[{"href":"https:\/\/goelette.ca\/en\/wp-json\/wp\/v2\/product"}],"about":[{"href":"https:\/\/goelette.ca\/en\/wp-json\/wp\/v2\/types\/product"}],"wp:featuredmedia":[{"embeddable":true,"href":"https:\/\/goelette.ca\/en\/wp-json\/wp\/v2\/media\/52946"}],"wp:attachment":[{"href":"https:\/\/goelette.ca\/en\/wp-json\/wp\/v2\/media?parent=53006"}],"wp:term":[{"taxonomy":"product_brand","embeddable":true,"href":"https:\/\/goelette.ca\/en\/wp-json\/wp\/v2\/product_brand?post=53006"},{"taxonomy":"product_cat","embeddable":true,"href":"https:\/\/goelette.ca\/en\/wp-json\/wp\/v2\/product_cat?post=53006"},{"taxonomy":"product_tag","embeddable":true,"href":"https:\/\/goelette.ca\/en\/wp-json\/wp\/v2\/product_tag?post=53006"},{"taxonomy":"maison_dedition","embeddable":true,"href":"https:\/\/goelette.ca\/en\/wp-json\/wp\/v2\/maison_dedition?post=53006"}],"curies":[{"name":"wp","href":"https:\/\/api.w.org\/{rel}","templated":true}]}}