{"id":53001,"date":"2023-03-29T00:00:36","date_gmt":"2023-03-29T04:00:36","guid":{"rendered":"https:\/\/www.goelette.ca\/?post_type=product&#038;p=53001"},"modified":"2024-06-05T15:35:51","modified_gmt":"2024-06-05T19:35:51","slug":"docteur-campagne-t2-les-fleurs-du-soir","status":"publish","type":"product","link":"https:\/\/goelette.ca\/en\/tous-les-livres\/docteur-campagne-t2-les-fleurs-du-soir\/","title":{"rendered":"Docteur campagne Tome 2 : Les fleurs du soir"},"content":{"rendered":"<p>Samuel Goulet vit des jours heureux en Beauce, entour\u00e9 de ses nombreuses soupirantes auxquelles il pr\u00e9f\u00e8re toujours Catherine et sa fille adoptive, Clara. Malgr\u00e9 tout, la guerre qui s\u00e9vit en Europe l\u2019appelle et il s\u2019enr\u00f4le par devoir autant que par conviction. Bien vite, la vie de celles qui l\u2019aiment et des habitants du village sera boulevers\u00e9e\u2026 Catherine et Clara prendront chacune un chemin diff\u00e9rent pour surmonter les \u00e9preuves que la vie leur envoie, mais qui sait, le destin peut \u00eatre \u00e9tonnant parfois !<br \/>\nLes fleurs du soir, deuxi\u00e8me tome de la trilogie Docteur Campagne, r\u00e9v\u00e8le les m\u00e9andres de la guerre autant que ceux de l\u2019\u00e2me. On y d\u00e9couvre aussi qu\u2019\u00e0 travers l\u2019adversit\u00e9 se d\u00e9voile toujours un soup\u00e7on d\u2019espoir\u2026<\/p>\n","protected":false},"excerpt":{"rendered":"<p>Samuel Goulet vit des jours heureux en Beauce, entour\u00e9 de ses nombreuses soupirantes auxquelles il pr\u00e9f\u00e8re toujours Catherine et sa fille adoptive, Clara. Malgr\u00e9 tout, la guerre qui s\u00e9vit en Europe l\u2019appelle et il s\u2019enr\u00f4le par devoir autant que par conviction. Bien vite, la vie de celles qui l\u2019aiment et des habitants du village sera [&hellip;]<\/p>\n","protected":false},"featured_media":53004,"template":"","meta":{"wds_primary_product_brand":0,"wds_primary_product_cat":0,"wds_primary_maison_dedition":0},"product_brand":[],"product_cat":[542],"product_tag":[],"maison_dedition":[541],"class_list":{"0":"post-53001","1":"product","2":"type-product","3":"status-publish","4":"has-post-thumbnail","6":"product_cat-roman","7":"pa_auteur-andre-mathieu","8":"maison_dedition-les-editions-coup-doeil","10":"first","11":"instock","12":"taxable","13":"shipping-taxable","14":"purchasable","15":"product-type-variable"},"bundled_by":[],"bundle_stock_status":"instock","bundle_stock_quantity":null,"bundle_virtual":false,"bundle_layout":"","bundle_add_to_cart_form_location":"","bundle_editable_in_cart":false,"bundle_sold_individually_context":"","bundle_item_grouping":"","bundle_min_size":"","bundle_max_size":"","bundle_price":[],"bundled_items":[],"bundle_sell_ids":[],"acf":[],"_links":{"self":[{"href":"https:\/\/goelette.ca\/en\/wp-json\/wp\/v2\/product\/53001","targetHints":{"allow":["GET"]}}],"collection":[{"href":"https:\/\/goelette.ca\/en\/wp-json\/wp\/v2\/product"}],"about":[{"href":"https:\/\/goelette.ca\/en\/wp-json\/wp\/v2\/types\/product"}],"wp:featuredmedia":[{"embeddable":true,"href":"https:\/\/goelette.ca\/en\/wp-json\/wp\/v2\/media\/53004"}],"wp:attachment":[{"href":"https:\/\/goelette.ca\/en\/wp-json\/wp\/v2\/media?parent=53001"}],"wp:term":[{"taxonomy":"product_brand","embeddable":true,"href":"https:\/\/goelette.ca\/en\/wp-json\/wp\/v2\/product_brand?post=53001"},{"taxonomy":"product_cat","embeddable":true,"href":"https:\/\/goelette.ca\/en\/wp-json\/wp\/v2\/product_cat?post=53001"},{"taxonomy":"product_tag","embeddable":true,"href":"https:\/\/goelette.ca\/en\/wp-json\/wp\/v2\/product_tag?post=53001"},{"taxonomy":"maison_dedition","embeddable":true,"href":"https:\/\/goelette.ca\/en\/wp-json\/wp\/v2\/maison_dedition?post=53001"}],"curies":[{"name":"wp","href":"https:\/\/api.w.org\/{rel}","templated":true}]}}