{"id":52995,"date":"2023-03-29T00:00:27","date_gmt":"2023-03-29T04:00:27","guid":{"rendered":"https:\/\/www.goelette.ca\/?post_type=product&#038;p=52995"},"modified":"2023-04-07T13:26:28","modified_gmt":"2023-04-07T17:26:28","slug":"docteur-campagne-t1","status":"publish","type":"product","link":"https:\/\/goelette.ca\/en\/tous-les-livres\/docteur-campagne-t1\/","title":{"rendered":"Docteur campagne Tome 1"},"content":{"rendered":"<p>Alors que la crise \u00e9conomique fait encore des ravages, le jeune m\u00e9decin Samuel Goulet ne pense qu\u2019\u00e0 sa fianc\u00e9e qui vient d\u2019\u00eatre emport\u00e9e par la tuberculose. Il quitte alors la ville pour s\u2019installer en lointaine campagne. Accueilli chaleureusement, il est, d\u00e8s son arriv\u00e9e, aim\u00e9 de tous et convoit\u00e9 par toutes. Avec sa voix en or, il devient l\u2019homme le plus en vue de la paroisse. Mais voil\u00e0 que l\u2019amour lui joue des tours et l\u2019attire vers la seule personne qui le fuit, la fascinante Catherine. Il fera alors tout pour obtenir la seule chose qui manque \u00e0 son bonheur : la clef de son coeur\u2026 Premier tome de la trilogie Docteur Campagne, ce tr\u00e9sor d\u2019\u00e9criture entra\u00eenera les lecteurs au coeur des secrets et des intrigues dissimul\u00e9s derri\u00e8re une apparente tranquillit\u00e9 rurale.<\/p>\n","protected":false},"excerpt":{"rendered":"<p>Alors que la crise \u00e9conomique fait encore des ravages, le jeune m\u00e9decin Samuel Goulet ne pense qu\u2019\u00e0 sa fianc\u00e9e qui vient d\u2019\u00eatre emport\u00e9e par la tuberculose. Il quitte alors la ville pour s\u2019installer en lointaine campagne. Accueilli chaleureusement, il est, d\u00e8s son arriv\u00e9e, aim\u00e9 de tous et convoit\u00e9 par toutes. Avec sa voix en or, [&hellip;]<\/p>\n","protected":false},"featured_media":52999,"template":"","meta":{"wds_primary_product_brand":0,"wds_primary_product_cat":0,"wds_primary_maison_dedition":0},"product_brand":[],"product_cat":[542],"product_tag":[],"maison_dedition":[541],"class_list":{"0":"post-52995","1":"product","2":"type-product","3":"status-publish","4":"has-post-thumbnail","6":"product_cat-roman","7":"pa_auteur-andre-mathieu","8":"maison_dedition-les-editions-coup-doeil","10":"first","11":"instock","12":"taxable","13":"shipping-taxable","14":"purchasable","15":"product-type-variable"},"bundled_by":[],"bundle_stock_status":"instock","bundle_stock_quantity":null,"bundle_virtual":false,"bundle_layout":"","bundle_add_to_cart_form_location":"","bundle_editable_in_cart":false,"bundle_sold_individually_context":"","bundle_item_grouping":"","bundle_min_size":"","bundle_max_size":"","bundle_price":[],"bundled_items":[],"bundle_sell_ids":[],"acf":[],"_links":{"self":[{"href":"https:\/\/goelette.ca\/en\/wp-json\/wp\/v2\/product\/52995","targetHints":{"allow":["GET"]}}],"collection":[{"href":"https:\/\/goelette.ca\/en\/wp-json\/wp\/v2\/product"}],"about":[{"href":"https:\/\/goelette.ca\/en\/wp-json\/wp\/v2\/types\/product"}],"wp:featuredmedia":[{"embeddable":true,"href":"https:\/\/goelette.ca\/en\/wp-json\/wp\/v2\/media\/52999"}],"wp:attachment":[{"href":"https:\/\/goelette.ca\/en\/wp-json\/wp\/v2\/media?parent=52995"}],"wp:term":[{"taxonomy":"product_brand","embeddable":true,"href":"https:\/\/goelette.ca\/en\/wp-json\/wp\/v2\/product_brand?post=52995"},{"taxonomy":"product_cat","embeddable":true,"href":"https:\/\/goelette.ca\/en\/wp-json\/wp\/v2\/product_cat?post=52995"},{"taxonomy":"product_tag","embeddable":true,"href":"https:\/\/goelette.ca\/en\/wp-json\/wp\/v2\/product_tag?post=52995"},{"taxonomy":"maison_dedition","embeddable":true,"href":"https:\/\/goelette.ca\/en\/wp-json\/wp\/v2\/maison_dedition?post=52995"}],"curies":[{"name":"wp","href":"https:\/\/api.w.org\/{rel}","templated":true}]}}