{"id":52990,"date":"2023-03-16T00:00:34","date_gmt":"2023-03-16T04:00:34","guid":{"rendered":"https:\/\/www.goelette.ca\/?post_type=product&#038;p=52990"},"modified":"2023-11-03T11:27:52","modified_gmt":"2023-11-03T15:27:52","slug":"zone-detente-geante-labyrinthe","status":"publish","type":"product","link":"https:\/\/goelette.ca\/en\/tous-les-livres\/zone-detente-geante-labyrinthe\/","title":{"rendered":"Zone d\u00e9tente g\u00e9ante &#8211; Labyrinthe"},"content":{"rendered":"<p>60 CHEMINS \u00c0 D\u00c9COUVRIR<\/p>\n<p>Entrez dans des labyrinthes aux formes vari\u00e9es et tentez de trouver le chemin vers la sortie. Chaque labyrinthe grand format compte de nombreuses impasses, de quoi vous immerger dans ce passe-temps et profiter 16d\u2019un agr\u00e9able moment de d\u00e9tente.<\/p>\n","protected":false},"excerpt":{"rendered":"<p>60 CHEMINS \u00c0 D\u00c9COUVRIR Entrez dans des labyrinthes aux formes vari\u00e9es et tentez de trouver le chemin vers la sortie. Chaque labyrinthe grand format compte de nombreuses impasses, de quoi vous immerger dans ce passe-temps et profiter 16d\u2019un agr\u00e9able moment de d\u00e9tente.<\/p>\n","protected":false},"featured_media":52992,"template":"","meta":{"wds_primary_product_brand":0,"wds_primary_product_cat":0,"wds_primary_maison_dedition":0},"product_brand":[],"product_cat":[567,571,566],"product_tag":[],"maison_dedition":[630,766],"class_list":{"0":"post-52990","1":"product","2":"type-product","3":"status-publish","4":"has-post-thumbnail","6":"product_cat-adulte","7":"product_cat-coloriage","8":"product_cat-livres-de-jeux","9":"pa_auteur-collectif","10":"maison_dedition-les-editions-goelette","11":"maison_dedition-zone-detente","13":"first","14":"instock","15":"taxable","16":"shipping-taxable","17":"purchasable","18":"product-type-variable"},"bundled_by":[],"bundle_stock_status":"instock","bundle_stock_quantity":null,"bundle_virtual":false,"bundle_layout":"","bundle_add_to_cart_form_location":"","bundle_editable_in_cart":false,"bundle_sold_individually_context":"","bundle_item_grouping":"","bundle_min_size":"","bundle_max_size":"","bundle_price":[],"bundled_items":[],"bundle_sell_ids":[],"acf":[],"_links":{"self":[{"href":"https:\/\/goelette.ca\/en\/wp-json\/wp\/v2\/product\/52990","targetHints":{"allow":["GET"]}}],"collection":[{"href":"https:\/\/goelette.ca\/en\/wp-json\/wp\/v2\/product"}],"about":[{"href":"https:\/\/goelette.ca\/en\/wp-json\/wp\/v2\/types\/product"}],"wp:featuredmedia":[{"embeddable":true,"href":"https:\/\/goelette.ca\/en\/wp-json\/wp\/v2\/media\/52992"}],"wp:attachment":[{"href":"https:\/\/goelette.ca\/en\/wp-json\/wp\/v2\/media?parent=52990"}],"wp:term":[{"taxonomy":"product_brand","embeddable":true,"href":"https:\/\/goelette.ca\/en\/wp-json\/wp\/v2\/product_brand?post=52990"},{"taxonomy":"product_cat","embeddable":true,"href":"https:\/\/goelette.ca\/en\/wp-json\/wp\/v2\/product_cat?post=52990"},{"taxonomy":"product_tag","embeddable":true,"href":"https:\/\/goelette.ca\/en\/wp-json\/wp\/v2\/product_tag?post=52990"},{"taxonomy":"maison_dedition","embeddable":true,"href":"https:\/\/goelette.ca\/en\/wp-json\/wp\/v2\/maison_dedition?post=52990"}],"curies":[{"name":"wp","href":"https:\/\/api.w.org\/{rel}","templated":true}]}}