{"id":52986,"date":"2023-03-16T00:00:14","date_gmt":"2023-03-16T04:00:14","guid":{"rendered":"https:\/\/www.goelette.ca\/?post_type=product&#038;p=52986"},"modified":"2023-11-03T11:28:35","modified_gmt":"2023-11-03T15:28:35","slug":"zone-detente-geante-mandalas","status":"publish","type":"product","link":"https:\/\/goelette.ca\/en\/tous-les-livres\/zone-detente-geante-mandalas\/","title":{"rendered":"Zone d\u00e9tente g\u00e9ante &#8211; Mandalas"},"content":{"rendered":"<p>60 DESSINS INSPIRANTS<\/p>\n<p>Laissez votre inspiration du moment guider le choix des couleurs que vous agencerez pour donner vie \u00e0 ces mandalas cr\u00e9atifs.<br \/>\nChaque dessin grand format compte de nombreux d\u00e9tails, de quoi vous immerger dans ce passe-temps cr\u00e9atif et profiter d\u2019un agr\u00e9able moment de d\u00e9tente.<\/p>\n","protected":false},"excerpt":{"rendered":"<p>60 DESSINS INSPIRANTS Laissez votre inspiration du moment guider le choix des couleurs que vous agencerez pour donner vie \u00e0 ces mandalas cr\u00e9atifs. Chaque dessin grand format compte de nombreux d\u00e9tails, de quoi vous immerger dans ce passe-temps cr\u00e9atif et profiter d\u2019un agr\u00e9able moment de d\u00e9tente.<\/p>\n","protected":false},"featured_media":52988,"template":"","meta":{"wds_primary_product_brand":0,"wds_primary_product_cat":0,"wds_primary_maison_dedition":0},"product_brand":[],"product_cat":[567,571,566],"product_tag":[],"maison_dedition":[630,766],"class_list":{"0":"post-52986","1":"product","2":"type-product","3":"status-publish","4":"has-post-thumbnail","6":"product_cat-adulte","7":"product_cat-coloriage","8":"product_cat-livres-de-jeux","9":"pa_auteur-collectif","10":"maison_dedition-les-editions-goelette","11":"maison_dedition-zone-detente","13":"first","14":"instock","15":"taxable","16":"shipping-taxable","17":"purchasable","18":"product-type-variable"},"bundled_by":[],"bundle_stock_status":"instock","bundle_stock_quantity":null,"bundle_virtual":false,"bundle_layout":"","bundle_add_to_cart_form_location":"","bundle_editable_in_cart":false,"bundle_sold_individually_context":"","bundle_item_grouping":"","bundle_min_size":"","bundle_max_size":"","bundle_price":[],"bundled_items":[],"bundle_sell_ids":[],"acf":[],"_links":{"self":[{"href":"https:\/\/goelette.ca\/en\/wp-json\/wp\/v2\/product\/52986","targetHints":{"allow":["GET"]}}],"collection":[{"href":"https:\/\/goelette.ca\/en\/wp-json\/wp\/v2\/product"}],"about":[{"href":"https:\/\/goelette.ca\/en\/wp-json\/wp\/v2\/types\/product"}],"wp:featuredmedia":[{"embeddable":true,"href":"https:\/\/goelette.ca\/en\/wp-json\/wp\/v2\/media\/52988"}],"wp:attachment":[{"href":"https:\/\/goelette.ca\/en\/wp-json\/wp\/v2\/media?parent=52986"}],"wp:term":[{"taxonomy":"product_brand","embeddable":true,"href":"https:\/\/goelette.ca\/en\/wp-json\/wp\/v2\/product_brand?post=52986"},{"taxonomy":"product_cat","embeddable":true,"href":"https:\/\/goelette.ca\/en\/wp-json\/wp\/v2\/product_cat?post=52986"},{"taxonomy":"product_tag","embeddable":true,"href":"https:\/\/goelette.ca\/en\/wp-json\/wp\/v2\/product_tag?post=52986"},{"taxonomy":"maison_dedition","embeddable":true,"href":"https:\/\/goelette.ca\/en\/wp-json\/wp\/v2\/maison_dedition?post=52986"}],"curies":[{"name":"wp","href":"https:\/\/api.w.org\/{rel}","templated":true}]}}