{"id":52935,"date":"2023-03-09T00:00:16","date_gmt":"2023-03-09T05:00:16","guid":{"rendered":"https:\/\/www.goelette.ca\/?post_type=product&#038;p=52935"},"modified":"2024-08-09T11:04:40","modified_gmt":"2024-08-09T15:04:40","slug":"sherlock-holmes-la-vallee-de-la-peur","status":"publish","type":"product","link":"https:\/\/goelette.ca\/en\/tous-les-livres\/sherlock-holmes-la-vallee-de-la-peur\/","title":{"rendered":"Sherlock Holmes &#8211; La Vall\u00e9e de la Peur"},"content":{"rendered":"<p>La Vall\u00e9e de la Peur<\/p>\n<p>Tout juste apr\u00e8s avoir re\u00e7u une lettre chiffr\u00e9e leur indiquant qu\u2019un individu nomm\u00e9 Douglas est en tr\u00e8s grave danger, Sherlock Holmes et le Dr Watson apprennent que ce m\u00eame homme a \u00e9t\u00e9 assassin\u00e9 la nuit pr\u00e9c\u00e9dente chez lui, \u00e0 Birlstone. Pourtant, la victime habite dans un manoir entour\u00e9 de douves, et remonte le pont-levis \u00e0 la tomb\u00e9e du jour. Est-ce qu\u2019un intrus a pu s\u2019introduire dans son domicile malgr\u00e9 tout ? Ou avons-nous affaire \u00e0 un drame qui se profile \u00e0 huis clos ? Le d\u00e9tective Sherlock Holmes devra user de son esprit d\u00e9ductif l\u00e9gendaire pour r\u00e9soudre cette \u00e9nigme des plus complexes.<\/p>\n<p>LAISSEZ-VOUS TRANSPORTER AU COEUR DES ENQU\u00caTES DE L\u2019EMBL\u00c9MATIQUE DUO HOLMES ET WATSON<\/p>\n","protected":false},"excerpt":{"rendered":"<p>La Vall\u00e9e de la Peur Tout juste apr\u00e8s avoir re\u00e7u une lettre chiffr\u00e9e leur indiquant qu\u2019un individu nomm\u00e9 Douglas est en tr\u00e8s grave danger, Sherlock Holmes et le Dr Watson apprennent que ce m\u00eame homme a \u00e9t\u00e9 assassin\u00e9 la nuit pr\u00e9c\u00e9dente chez lui, \u00e0 Birlstone. Pourtant, la victime habite dans un manoir entour\u00e9 de douves, [&hellip;]<\/p>\n","protected":false},"featured_media":52929,"template":"","meta":{"wds_primary_product_brand":0,"wds_primary_product_cat":0,"wds_primary_maison_dedition":0},"product_brand":[],"product_cat":[546,542],"product_tag":[],"maison_dedition":[541],"class_list":{"0":"post-52935","1":"product","2":"type-product","3":"status-publish","4":"has-post-thumbnail","6":"product_cat-policier-thriller","7":"product_cat-roman","8":"maison_dedition-les-editions-coup-doeil","10":"first","11":"instock","12":"taxable","13":"shipping-taxable","14":"purchasable","15":"product-type-variable"},"bundled_by":[],"bundle_stock_status":"instock","bundle_stock_quantity":null,"bundle_virtual":false,"bundle_layout":"","bundle_add_to_cart_form_location":"","bundle_editable_in_cart":false,"bundle_sold_individually_context":"","bundle_item_grouping":"","bundle_min_size":"","bundle_max_size":"","bundle_price":[],"bundled_items":[],"bundle_sell_ids":[],"acf":[],"_links":{"self":[{"href":"https:\/\/goelette.ca\/en\/wp-json\/wp\/v2\/product\/52935","targetHints":{"allow":["GET"]}}],"collection":[{"href":"https:\/\/goelette.ca\/en\/wp-json\/wp\/v2\/product"}],"about":[{"href":"https:\/\/goelette.ca\/en\/wp-json\/wp\/v2\/types\/product"}],"wp:featuredmedia":[{"embeddable":true,"href":"https:\/\/goelette.ca\/en\/wp-json\/wp\/v2\/media\/52929"}],"wp:attachment":[{"href":"https:\/\/goelette.ca\/en\/wp-json\/wp\/v2\/media?parent=52935"}],"wp:term":[{"taxonomy":"product_brand","embeddable":true,"href":"https:\/\/goelette.ca\/en\/wp-json\/wp\/v2\/product_brand?post=52935"},{"taxonomy":"product_cat","embeddable":true,"href":"https:\/\/goelette.ca\/en\/wp-json\/wp\/v2\/product_cat?post=52935"},{"taxonomy":"product_tag","embeddable":true,"href":"https:\/\/goelette.ca\/en\/wp-json\/wp\/v2\/product_tag?post=52935"},{"taxonomy":"maison_dedition","embeddable":true,"href":"https:\/\/goelette.ca\/en\/wp-json\/wp\/v2\/maison_dedition?post=52935"}],"curies":[{"name":"wp","href":"https:\/\/api.w.org\/{rel}","templated":true}]}}