{"id":52926,"date":"2023-03-09T00:00:54","date_gmt":"2023-03-09T05:00:54","guid":{"rendered":"https:\/\/www.goelette.ca\/?post_type=product&#038;p=52926"},"modified":"2024-10-31T11:17:09","modified_gmt":"2024-10-31T15:17:09","slug":"sherlock-holmes-une-etude-en-rouge","status":"publish","type":"product","link":"https:\/\/goelette.ca\/en\/tous-les-livres\/sherlock-holmes-une-etude-en-rouge\/","title":{"rendered":"Sherlock Holmes &#8211; Une \u00e9tude en rouge"},"content":{"rendered":"<p>Une \u00e9tude en rouge<\/p>\n<p>Un homme est retrouv\u00e9 mort dans une maison inhabit\u00e9e de Londres. Le corps ne comporte aucune blessure, pourtant la sc\u00e8ne de crime est couverte de traces de sang. Le Dr John Watson, qui vient de rencontrer l\u2019insolite d\u00e9tective Sherlock Holmes, l\u2019accompagne pour la toute premi\u00e8re fois sur cette affaire. L\u2019incroyable pouvoir de d\u00e9duction de Holmes leur permettra-t-il de d\u00e9couvrir la cl\u00e9 de l\u2019\u00e9nigme ?<\/p>\n<p>Une \u00e9tude en rouge est l\u2019enqu\u00eate qui signe le d\u00e9but d\u2019une longue s\u00e9rie d\u2019intrigues tr\u00e9pidantes, mais aussi d\u2019une grande histoire d\u2019amiti\u00e9.<\/p>\n<p>LAISSEZ-VOUS TRANSPORTER AU COEUR DES ENQU\u00caTES DE L\u2019EMBL\u00c9MATIQUE DUO HOLMES ET WATSON<\/p>\n","protected":false},"excerpt":{"rendered":"<p>Une \u00e9tude en rouge Un homme est retrouv\u00e9 mort dans une maison inhabit\u00e9e de Londres. Le corps ne comporte aucune blessure, pourtant la sc\u00e8ne de crime est couverte de traces de sang. Le Dr John Watson, qui vient de rencontrer l\u2019insolite d\u00e9tective Sherlock Holmes, l\u2019accompagne pour la toute premi\u00e8re fois sur cette affaire. L\u2019incroyable pouvoir [&hellip;]<\/p>\n","protected":false},"featured_media":52933,"template":"","meta":{"wds_primary_product_brand":0,"wds_primary_product_cat":0,"wds_primary_maison_dedition":0},"product_brand":[],"product_cat":[546,542],"product_tag":[],"maison_dedition":[541],"class_list":{"0":"post-52926","1":"product","2":"type-product","3":"status-publish","4":"has-post-thumbnail","6":"product_cat-policier-thriller","7":"product_cat-roman","8":"maison_dedition-les-editions-coup-doeil","10":"first","11":"instock","12":"taxable","13":"shipping-taxable","14":"purchasable","15":"product-type-variable"},"bundled_by":[],"bundle_stock_status":"instock","bundle_stock_quantity":null,"bundle_virtual":false,"bundle_layout":"","bundle_add_to_cart_form_location":"","bundle_editable_in_cart":false,"bundle_sold_individually_context":"","bundle_item_grouping":"","bundle_min_size":"","bundle_max_size":"","bundle_price":[],"bundled_items":[],"bundle_sell_ids":[],"acf":[],"_links":{"self":[{"href":"https:\/\/goelette.ca\/en\/wp-json\/wp\/v2\/product\/52926","targetHints":{"allow":["GET"]}}],"collection":[{"href":"https:\/\/goelette.ca\/en\/wp-json\/wp\/v2\/product"}],"about":[{"href":"https:\/\/goelette.ca\/en\/wp-json\/wp\/v2\/types\/product"}],"wp:featuredmedia":[{"embeddable":true,"href":"https:\/\/goelette.ca\/en\/wp-json\/wp\/v2\/media\/52933"}],"wp:attachment":[{"href":"https:\/\/goelette.ca\/en\/wp-json\/wp\/v2\/media?parent=52926"}],"wp:term":[{"taxonomy":"product_brand","embeddable":true,"href":"https:\/\/goelette.ca\/en\/wp-json\/wp\/v2\/product_brand?post=52926"},{"taxonomy":"product_cat","embeddable":true,"href":"https:\/\/goelette.ca\/en\/wp-json\/wp\/v2\/product_cat?post=52926"},{"taxonomy":"product_tag","embeddable":true,"href":"https:\/\/goelette.ca\/en\/wp-json\/wp\/v2\/product_tag?post=52926"},{"taxonomy":"maison_dedition","embeddable":true,"href":"https:\/\/goelette.ca\/en\/wp-json\/wp\/v2\/maison_dedition?post=52926"}],"curies":[{"name":"wp","href":"https:\/\/api.w.org\/{rel}","templated":true}]}}