{"id":52921,"date":"2023-03-09T00:00:41","date_gmt":"2023-03-09T05:00:41","guid":{"rendered":"https:\/\/www.goelette.ca\/?post_type=product&#038;p=52921"},"modified":"2024-08-09T11:05:32","modified_gmt":"2024-08-09T15:05:32","slug":"sherlock-holmes-le-chien-des-baskerville","status":"publish","type":"product","link":"https:\/\/goelette.ca\/en\/tous-les-livres\/sherlock-holmes-le-chien-des-baskerville\/","title":{"rendered":"Sherlock Holmes &#8211; Le chien des Baskerville"},"content":{"rendered":"<p>Le chien des Baskerville<\/p>\n<p>La l\u00e9gende veut qu\u2019un chien d\u00e9moniaque r\u00f4de dans la lande brumeuse entourant le manoir des Baskerville et que celui-ci soit \u00e0 la recherche des descendants de cette famille. Cette mal\u00e9diction serait-elle \u00e0 l\u2019origine de la mort de Charles Baskerville ? Son neveu, sir Henry, seul h\u00e9ritier du domaine, serait-il aussi en danger ? Sherlock Holmes, sceptique quant \u00e0 l\u2019aspect surnaturel de l\u2019affaire, mais intrigu\u00e9 par les faits, confie la t\u00e2che de prot\u00e9ger sir Henry au Dr Watson. Se pourrait-il qu\u2019une explication rationnelle se cache derri\u00e8re ce myst\u00e8re ?<br \/>\nCamp\u00e9e dans le paysage bucolique du Devonshire, cette enqu\u00eate est la plus c\u00e9l\u00e8bre du d\u00e9tective Sherlock Holmes.<\/p>\n<p>LAISSEZ-VOUS TRANSPORTER AU COEUR DES ENQU\u00caTES DE L\u2019EMBL\u00c9MATIQUE DUO HOLMES ET WATSON<\/p>\n","protected":false},"excerpt":{"rendered":"<p>Le chien des Baskerville La l\u00e9gende veut qu\u2019un chien d\u00e9moniaque r\u00f4de dans la lande brumeuse entourant le manoir des Baskerville et que celui-ci soit \u00e0 la recherche des descendants de cette famille. Cette mal\u00e9diction serait-elle \u00e0 l\u2019origine de la mort de Charles Baskerville ? Son neveu, sir Henry, seul h\u00e9ritier du domaine, serait-il aussi en [&hellip;]<\/p>\n","protected":false},"featured_media":52924,"template":"","meta":{"wds_primary_product_brand":0,"wds_primary_product_cat":0,"wds_primary_maison_dedition":0},"product_brand":[],"product_cat":[546,542],"product_tag":[],"maison_dedition":[541],"class_list":{"0":"post-52921","1":"product","2":"type-product","3":"status-publish","4":"has-post-thumbnail","6":"product_cat-policier-thriller","7":"product_cat-roman","8":"maison_dedition-les-editions-coup-doeil","10":"first","11":"instock","12":"taxable","13":"shipping-taxable","14":"purchasable","15":"product-type-variable"},"bundled_by":[],"bundle_stock_status":"instock","bundle_stock_quantity":null,"bundle_virtual":false,"bundle_layout":"","bundle_add_to_cart_form_location":"","bundle_editable_in_cart":false,"bundle_sold_individually_context":"","bundle_item_grouping":"","bundle_min_size":"","bundle_max_size":"","bundle_price":[],"bundled_items":[],"bundle_sell_ids":[],"acf":[],"_links":{"self":[{"href":"https:\/\/goelette.ca\/en\/wp-json\/wp\/v2\/product\/52921","targetHints":{"allow":["GET"]}}],"collection":[{"href":"https:\/\/goelette.ca\/en\/wp-json\/wp\/v2\/product"}],"about":[{"href":"https:\/\/goelette.ca\/en\/wp-json\/wp\/v2\/types\/product"}],"wp:featuredmedia":[{"embeddable":true,"href":"https:\/\/goelette.ca\/en\/wp-json\/wp\/v2\/media\/52924"}],"wp:attachment":[{"href":"https:\/\/goelette.ca\/en\/wp-json\/wp\/v2\/media?parent=52921"}],"wp:term":[{"taxonomy":"product_brand","embeddable":true,"href":"https:\/\/goelette.ca\/en\/wp-json\/wp\/v2\/product_brand?post=52921"},{"taxonomy":"product_cat","embeddable":true,"href":"https:\/\/goelette.ca\/en\/wp-json\/wp\/v2\/product_cat?post=52921"},{"taxonomy":"product_tag","embeddable":true,"href":"https:\/\/goelette.ca\/en\/wp-json\/wp\/v2\/product_tag?post=52921"},{"taxonomy":"maison_dedition","embeddable":true,"href":"https:\/\/goelette.ca\/en\/wp-json\/wp\/v2\/maison_dedition?post=52921"}],"curies":[{"name":"wp","href":"https:\/\/api.w.org\/{rel}","templated":true}]}}