{"id":52915,"date":"2023-03-09T09:00:31","date_gmt":"2023-03-09T14:00:31","guid":{"rendered":"https:\/\/www.goelette.ca\/?post_type=product&#038;p=52915"},"modified":"2024-10-31T11:16:10","modified_gmt":"2024-10-31T15:16:10","slug":"sherlock-holmes-la-marque-des-quatre","status":"publish","type":"product","link":"https:\/\/goelette.ca\/en\/tous-les-livres\/sherlock-holmes-la-marque-des-quatre\/","title":{"rendered":"Sherlock Holmes &#8211; La marque des quatre"},"content":{"rendered":"<p>La marque des quatre<\/p>\n<p>Le 3 d\u00e9cembre 1878, le capitaine Morstan dispara\u00eet d\u2019une mani\u00e8re inexplicable. Pr\u00e8s de quatre ans plus tard, sa fille, Marie Morstan, re\u00e7oit par la poste une perle de grande valeur, myst\u00e9rieuse offrande qui se r\u00e9p\u00e9tera syst\u00e9matiquement durant six ans. Ainsi, lorsqu\u2019une lettre indiquant un point de rendez-vous est soudainement envoy\u00e9e \u00e0 la jeune femme, l\u2019inqui\u00e9tude la pousse \u00e0 se confier \u00e0 Sherlock Holmes. Le d\u00e9tective l\u2019aidera-t-il \u00e0 d\u00e9m\u00ealer cette curieuse affaire ? La marque des quatre renferme une intrigue aux multiples secrets, qui ne sera pas des plus faciles \u00e0 \u00e9lucider pour le c\u00e9l\u00e8bre enqu\u00eateur.<\/p>\n<p>LAISSEZ-VOUS TRANSPORTER AU COEUR DES ENQU\u00caTES DE L\u2019EMBL\u00c9MATIQUE DUO HOLMES ET WATSON<\/p>\n","protected":false},"excerpt":{"rendered":"<p>La marque des quatre Le 3 d\u00e9cembre 1878, le capitaine Morstan dispara\u00eet d\u2019une mani\u00e8re inexplicable. Pr\u00e8s de quatre ans plus tard, sa fille, Marie Morstan, re\u00e7oit par la poste une perle de grande valeur, myst\u00e9rieuse offrande qui se r\u00e9p\u00e9tera syst\u00e9matiquement durant six ans. Ainsi, lorsqu\u2019une lettre indiquant un point de rendez-vous est soudainement envoy\u00e9e \u00e0 [&hellip;]<\/p>\n","protected":false},"featured_media":52919,"template":"","meta":{"wds_primary_product_brand":0,"wds_primary_product_cat":0,"wds_primary_maison_dedition":0},"product_brand":[],"product_cat":[546,542],"product_tag":[],"maison_dedition":[541],"class_list":{"0":"post-52915","1":"product","2":"type-product","3":"status-publish","4":"has-post-thumbnail","6":"product_cat-policier-thriller","7":"product_cat-roman","8":"maison_dedition-les-editions-coup-doeil","10":"first","11":"instock","12":"taxable","13":"shipping-taxable","14":"purchasable","15":"product-type-variable"},"bundled_by":[],"bundle_stock_status":"instock","bundle_stock_quantity":null,"bundle_virtual":false,"bundle_layout":"","bundle_add_to_cart_form_location":"","bundle_editable_in_cart":false,"bundle_sold_individually_context":"","bundle_item_grouping":"","bundle_min_size":"","bundle_max_size":"","bundle_price":[],"bundled_items":[],"bundle_sell_ids":[],"acf":[],"_links":{"self":[{"href":"https:\/\/goelette.ca\/en\/wp-json\/wp\/v2\/product\/52915","targetHints":{"allow":["GET"]}}],"collection":[{"href":"https:\/\/goelette.ca\/en\/wp-json\/wp\/v2\/product"}],"about":[{"href":"https:\/\/goelette.ca\/en\/wp-json\/wp\/v2\/types\/product"}],"wp:featuredmedia":[{"embeddable":true,"href":"https:\/\/goelette.ca\/en\/wp-json\/wp\/v2\/media\/52919"}],"wp:attachment":[{"href":"https:\/\/goelette.ca\/en\/wp-json\/wp\/v2\/media?parent=52915"}],"wp:term":[{"taxonomy":"product_brand","embeddable":true,"href":"https:\/\/goelette.ca\/en\/wp-json\/wp\/v2\/product_brand?post=52915"},{"taxonomy":"product_cat","embeddable":true,"href":"https:\/\/goelette.ca\/en\/wp-json\/wp\/v2\/product_cat?post=52915"},{"taxonomy":"product_tag","embeddable":true,"href":"https:\/\/goelette.ca\/en\/wp-json\/wp\/v2\/product_tag?post=52915"},{"taxonomy":"maison_dedition","embeddable":true,"href":"https:\/\/goelette.ca\/en\/wp-json\/wp\/v2\/maison_dedition?post=52915"}],"curies":[{"name":"wp","href":"https:\/\/api.w.org\/{rel}","templated":true}]}}