{"id":52911,"date":"2023-03-09T00:00:50","date_gmt":"2023-03-09T05:00:50","guid":{"rendered":"https:\/\/www.goelette.ca\/?post_type=product&#038;p=52911"},"modified":"2023-11-07T13:35:28","modified_gmt":"2023-11-07T18:35:28","slug":"pouic-pouic-sors-de-ta-coquille","status":"publish","type":"product","link":"https:\/\/goelette.ca\/en\/tous-les-livres\/pouic-pouic-sors-de-ta-coquille\/","title":{"rendered":"Pouic-Pouic, sors de ta coquille !"},"content":{"rendered":"<p>Ohhh !<\/p>\n<p>&nbsp;<\/p>\n<p>Maman poule est inqui\u00e8te, car Pouic-Pouic n&#8217;arrive pas \u00e0 sortir de son \u0153uf !<\/p>\n<p>Est-ce que tu peux l&#8217;aider ?<\/p>\n","protected":false},"excerpt":{"rendered":"<p>Ohhh ! &nbsp; Maman poule est inqui\u00e8te, car Pouic-Pouic n&#8217;arrive pas \u00e0 sortir de son \u0153uf ! Est-ce que tu peux l&#8217;aider ?<\/p>\n","protected":false},"featured_media":56541,"template":"","meta":{"wds_primary_product_brand":0,"wds_primary_product_cat":0,"wds_primary_maison_dedition":0},"product_brand":[],"product_cat":[540,560,538,667],"product_tag":[],"maison_dedition":[630],"class_list":{"0":"post-52911","1":"product","2":"type-product","3":"status-publish","4":"has-post-thumbnail","6":"product_cat-0-2-ans","7":"product_cat-3-5-ans","8":"product_cat-jeunesse","9":"product_cat-livres-tout-carton","10":"pa_auteur-melanie-grenier","11":"maison_dedition-les-editions-goelette","13":"first","14":"instock","15":"taxable","16":"shipping-taxable","17":"purchasable","18":"product-type-variable"},"bundled_by":[],"bundle_stock_status":"instock","bundle_stock_quantity":null,"bundle_virtual":false,"bundle_layout":"","bundle_add_to_cart_form_location":"","bundle_editable_in_cart":false,"bundle_sold_individually_context":"","bundle_item_grouping":"","bundle_min_size":"","bundle_max_size":"","bundle_price":[],"bundled_items":[],"bundle_sell_ids":[],"acf":[],"_links":{"self":[{"href":"https:\/\/goelette.ca\/en\/wp-json\/wp\/v2\/product\/52911","targetHints":{"allow":["GET"]}}],"collection":[{"href":"https:\/\/goelette.ca\/en\/wp-json\/wp\/v2\/product"}],"about":[{"href":"https:\/\/goelette.ca\/en\/wp-json\/wp\/v2\/types\/product"}],"wp:featuredmedia":[{"embeddable":true,"href":"https:\/\/goelette.ca\/en\/wp-json\/wp\/v2\/media\/56541"}],"wp:attachment":[{"href":"https:\/\/goelette.ca\/en\/wp-json\/wp\/v2\/media?parent=52911"}],"wp:term":[{"taxonomy":"product_brand","embeddable":true,"href":"https:\/\/goelette.ca\/en\/wp-json\/wp\/v2\/product_brand?post=52911"},{"taxonomy":"product_cat","embeddable":true,"href":"https:\/\/goelette.ca\/en\/wp-json\/wp\/v2\/product_cat?post=52911"},{"taxonomy":"product_tag","embeddable":true,"href":"https:\/\/goelette.ca\/en\/wp-json\/wp\/v2\/product_tag?post=52911"},{"taxonomy":"maison_dedition","embeddable":true,"href":"https:\/\/goelette.ca\/en\/wp-json\/wp\/v2\/maison_dedition?post=52911"}],"curies":[{"name":"wp","href":"https:\/\/api.w.org\/{rel}","templated":true}]}}