{"id":52900,"date":"2023-03-02T00:00:38","date_gmt":"2023-03-02T05:00:38","guid":{"rendered":"https:\/\/www.goelette.ca\/?post_type=product&#038;p=52900"},"modified":"2023-06-28T13:20:12","modified_gmt":"2023-06-28T17:20:12","slug":"comme-une-ombre","status":"publish","type":"product","link":"https:\/\/goelette.ca\/en\/tous-les-livres\/comme-une-ombre\/","title":{"rendered":"Comme une ombre"},"content":{"rendered":"<p>L\u2019enqu\u00eatrice L\u00e9a Beaumont est d\u00e9p\u00each\u00e9e sur une sc\u00e8ne de crime pour le meurtre sordide d\u2019une jeune femme. Le corps a \u00e9t\u00e9 abandonn\u00e9 sur le mont Royal et comporte plusieurs marques qui laissent croire \u00e0 une mort atroce. Dans les jours qui suivent, deux autres cadavres sont retrouv\u00e9s dans des conditions similaires. L\u00e9a doit arr\u00eater le tueur en s\u00e9rie qui r\u00f4de dans les rues de Montr\u00e9al avant qu\u2019il ne prenne plus de vies. Quels sombres motifs poussent ce sadique personnage \u00e0 s\u2019en prendre \u00e0 des femmes innocentes ? Pour r\u00e9soudre cette affaire, l\u2019enqu\u00eatrice et son \u00e9quipe re\u00e7oivent l\u2019aide de Jules Tr\u00e9panier, un profileur de renom. Ensemble, ils se lancent dans une chasse \u00e0 l\u2019homme intense, qui fait remonter \u00e0 la surface des souvenirs que L\u00e9a croyait pourtant enfouis depuis longtemps.<\/p>\n<p>LES MONSTRES EXISTENT BEL ET BIEN\u2026 ET ILS SE D\u00c9PLACENT COMME DES OMBRES.<\/p>\n","protected":false},"excerpt":{"rendered":"<p>L\u2019enqu\u00eatrice L\u00e9a Beaumont est d\u00e9p\u00each\u00e9e sur une sc\u00e8ne de crime pour le meurtre sordide d\u2019une jeune femme. Le corps a \u00e9t\u00e9 abandonn\u00e9 sur le mont Royal et comporte plusieurs marques qui laissent croire \u00e0 une mort atroce. Dans les jours qui suivent, deux autres cadavres sont retrouv\u00e9s dans des conditions similaires. L\u00e9a doit arr\u00eater le [&hellip;]<\/p>\n","protected":false},"featured_media":52903,"template":"","meta":{"wds_primary_product_brand":0,"wds_primary_product_cat":0,"wds_primary_maison_dedition":0},"product_brand":[],"product_cat":[546,542],"product_tag":[],"maison_dedition":[630],"class_list":{"0":"post-52900","1":"product","2":"type-product","3":"status-publish","4":"has-post-thumbnail","6":"product_cat-policier-thriller","7":"product_cat-roman","8":"pa_auteur-kim-st-pierre","9":"maison_dedition-les-editions-goelette","11":"first","12":"instock","13":"taxable","14":"shipping-taxable","15":"purchasable","16":"product-type-variable"},"bundled_by":[],"bundle_stock_status":"instock","bundle_stock_quantity":null,"bundle_virtual":false,"bundle_layout":"","bundle_add_to_cart_form_location":"","bundle_editable_in_cart":false,"bundle_sold_individually_context":"","bundle_item_grouping":"","bundle_min_size":"","bundle_max_size":"","bundle_price":[],"bundled_items":[],"bundle_sell_ids":[],"acf":[],"_links":{"self":[{"href":"https:\/\/goelette.ca\/en\/wp-json\/wp\/v2\/product\/52900","targetHints":{"allow":["GET"]}}],"collection":[{"href":"https:\/\/goelette.ca\/en\/wp-json\/wp\/v2\/product"}],"about":[{"href":"https:\/\/goelette.ca\/en\/wp-json\/wp\/v2\/types\/product"}],"wp:featuredmedia":[{"embeddable":true,"href":"https:\/\/goelette.ca\/en\/wp-json\/wp\/v2\/media\/52903"}],"wp:attachment":[{"href":"https:\/\/goelette.ca\/en\/wp-json\/wp\/v2\/media?parent=52900"}],"wp:term":[{"taxonomy":"product_brand","embeddable":true,"href":"https:\/\/goelette.ca\/en\/wp-json\/wp\/v2\/product_brand?post=52900"},{"taxonomy":"product_cat","embeddable":true,"href":"https:\/\/goelette.ca\/en\/wp-json\/wp\/v2\/product_cat?post=52900"},{"taxonomy":"product_tag","embeddable":true,"href":"https:\/\/goelette.ca\/en\/wp-json\/wp\/v2\/product_tag?post=52900"},{"taxonomy":"maison_dedition","embeddable":true,"href":"https:\/\/goelette.ca\/en\/wp-json\/wp\/v2\/maison_dedition?post=52900"}],"curies":[{"name":"wp","href":"https:\/\/api.w.org\/{rel}","templated":true}]}}