{"id":52602,"date":"2023-02-23T00:00:32","date_gmt":"2023-02-23T05:00:32","guid":{"rendered":"https:\/\/www.goelette.ca\/?post_type=product&#038;p=52602"},"modified":"2023-02-07T08:52:31","modified_gmt":"2023-02-07T13:52:31","slug":"sur-mesure-3","status":"publish","type":"product","link":"https:\/\/goelette.ca\/en\/tous-les-livres\/sur-mesure-3\/","title":{"rendered":"Sur mesure"},"content":{"rendered":"<p>Lorsqu\u2019un \u00e9ni\u00e8me \u00e9chec amoureux s\u2019ajoute \u00e0 ceux qu\u2019elle a d\u00e9j\u00e0 v\u00e9cus, Anne Blythe se retrouve une fois de plus c\u00e9libataire. \u00c0 trente-trois ans, avec sa meilleure amie qui vient de se fiancer, elle commence \u00e0 d\u00e9sesp\u00e9rer. Si bien que, lorsqu\u2019elle tombe sur la myst\u00e9rieuse carte de visite d\u2019une agence de rencontres, Anne fonce. \u00c0 sa grande surprise, elle d\u00e9couvre qu\u2019on y offre des \u00ab mariages arrang\u00e9s \u00bb, ce qui, \u00e9tonnament, n\u2019est pas pour lui d\u00e9plaire. Quelques mois plus tard, elle file sous le soleil du Mexique \u00e0 la rencontre de Jack, son futur mari. C\u00e9l\u00e9brant leur<br \/>\nmariage d\u00e8s le lendemain, les nouveaux \u00e9poux filent le parfait bonheur. Leur union semble irr\u00e9prochable, mais Anne d\u00e9couvre \u00e0 son grand malheur que la r\u00e9alit\u00e9 n\u2019a rien d\u2019un conte de f\u00e9es. Aura-t-elle une fois pour toutes trouv\u00e9 l\u2019amour ou sera-t-elle \u00e0 nouveau flou\u00e9e ?<\/p>\n","protected":false},"excerpt":{"rendered":"<p>Lorsqu\u2019un \u00e9ni\u00e8me \u00e9chec amoureux s\u2019ajoute \u00e0 ceux qu\u2019elle a d\u00e9j\u00e0 v\u00e9cus, Anne Blythe se retrouve une fois de plus c\u00e9libataire. \u00c0 trente-trois ans, avec sa meilleure amie qui vient de se fiancer, elle commence \u00e0 d\u00e9sesp\u00e9rer. Si bien que, lorsqu\u2019elle tombe sur la myst\u00e9rieuse carte de visite d\u2019une agence de rencontres, Anne fonce. \u00c0 sa [&hellip;]<\/p>\n","protected":false},"featured_media":52604,"template":"","meta":{"wds_primary_product_brand":0,"wds_primary_product_cat":0,"wds_primary_maison_dedition":0},"product_brand":[],"product_cat":[542,585],"product_tag":[],"maison_dedition":[541],"class_list":{"0":"post-52602","1":"product","2":"type-product","3":"status-publish","4":"has-post-thumbnail","6":"product_cat-roman","7":"product_cat-romance","8":"pa_auteur-catherine-mckenzie","9":"maison_dedition-les-editions-coup-doeil","11":"first","12":"instock","13":"taxable","14":"shipping-taxable","15":"purchasable","16":"product-type-variable"},"bundled_by":[],"bundle_stock_status":"instock","bundle_stock_quantity":null,"bundle_virtual":false,"bundle_layout":"","bundle_add_to_cart_form_location":"","bundle_editable_in_cart":false,"bundle_sold_individually_context":"","bundle_item_grouping":"","bundle_min_size":"","bundle_max_size":"","bundle_price":[],"bundled_items":[],"bundle_sell_ids":[],"acf":[],"_links":{"self":[{"href":"https:\/\/goelette.ca\/en\/wp-json\/wp\/v2\/product\/52602","targetHints":{"allow":["GET"]}}],"collection":[{"href":"https:\/\/goelette.ca\/en\/wp-json\/wp\/v2\/product"}],"about":[{"href":"https:\/\/goelette.ca\/en\/wp-json\/wp\/v2\/types\/product"}],"wp:featuredmedia":[{"embeddable":true,"href":"https:\/\/goelette.ca\/en\/wp-json\/wp\/v2\/media\/52604"}],"wp:attachment":[{"href":"https:\/\/goelette.ca\/en\/wp-json\/wp\/v2\/media?parent=52602"}],"wp:term":[{"taxonomy":"product_brand","embeddable":true,"href":"https:\/\/goelette.ca\/en\/wp-json\/wp\/v2\/product_brand?post=52602"},{"taxonomy":"product_cat","embeddable":true,"href":"https:\/\/goelette.ca\/en\/wp-json\/wp\/v2\/product_cat?post=52602"},{"taxonomy":"product_tag","embeddable":true,"href":"https:\/\/goelette.ca\/en\/wp-json\/wp\/v2\/product_tag?post=52602"},{"taxonomy":"maison_dedition","embeddable":true,"href":"https:\/\/goelette.ca\/en\/wp-json\/wp\/v2\/maison_dedition?post=52602"}],"curies":[{"name":"wp","href":"https:\/\/api.w.org\/{rel}","templated":true}]}}