{"id":52539,"date":"2023-02-02T14:56:20","date_gmt":"2023-02-02T19:56:20","guid":{"rendered":"https:\/\/www.goelette.ca\/?post_type=product&#038;p=52539"},"modified":"2023-10-23T12:20:05","modified_gmt":"2023-10-23T16:20:05","slug":"mes-napperons-a-colorier-20-pages-detachables","status":"publish","type":"product","link":"https:\/\/goelette.ca\/en\/tous-les-livres\/mes-napperons-a-colorier-20-pages-detachables\/","title":{"rendered":"Mes napperons \u00e0 colorier &#8211; 20 pages  d\u00e9tachables"},"content":{"rendered":"<p>Voici les napperons parfaits pour patienter en attendant que le repas soit pret a servir !<br \/>\nD\u00e9couvre 20 feuilles d\u00e9tachables g\u00e9antes de coloriages, de dessins et de jeux ! Pour chaque th\u00e8me, il y a 4 napperons bien remplis pour t\u2019amuser.<\/p>\n<p>Les dinosaures | La ferme | L\u2019oc\u00e9an | La jungle<\/p>\n<p>Les princesses et les chevaliers<\/p>\n","protected":false},"excerpt":{"rendered":"<p>Voici les napperons parfaits pour patienter en attendant que le repas soit pret a servir ! D\u00e9couvre 20 feuilles d\u00e9tachables g\u00e9antes de coloriages, de dessins et de jeux ! Pour chaque th\u00e8me, il y a 4 napperons bien remplis pour t\u2019amuser. Les dinosaures | La ferme | L\u2019oc\u00e9an | La jungle Les princesses et les [&hellip;]<\/p>\n","protected":false},"featured_media":52571,"template":"","meta":{"wds_primary_product_brand":0,"wds_primary_product_cat":0,"wds_primary_maison_dedition":0},"product_brand":[],"product_cat":[590,674],"product_tag":[],"maison_dedition":[541],"class_list":{"0":"post-52539","1":"product","2":"type-product","3":"status-publish","4":"has-post-thumbnail","6":"product_cat-coloriage-jeunesse","7":"product_cat-napperon","8":"maison_dedition-les-editions-coup-doeil","10":"first","11":"instock","12":"taxable","13":"shipping-taxable","14":"purchasable","15":"product-type-variable"},"bundled_by":[],"bundle_stock_status":"instock","bundle_stock_quantity":null,"bundle_virtual":false,"bundle_layout":"","bundle_add_to_cart_form_location":"","bundle_editable_in_cart":false,"bundle_sold_individually_context":"","bundle_item_grouping":"","bundle_min_size":"","bundle_max_size":"","bundle_price":[],"bundled_items":[],"bundle_sell_ids":[],"acf":[],"_links":{"self":[{"href":"https:\/\/goelette.ca\/en\/wp-json\/wp\/v2\/product\/52539","targetHints":{"allow":["GET"]}}],"collection":[{"href":"https:\/\/goelette.ca\/en\/wp-json\/wp\/v2\/product"}],"about":[{"href":"https:\/\/goelette.ca\/en\/wp-json\/wp\/v2\/types\/product"}],"wp:featuredmedia":[{"embeddable":true,"href":"https:\/\/goelette.ca\/en\/wp-json\/wp\/v2\/media\/52571"}],"wp:attachment":[{"href":"https:\/\/goelette.ca\/en\/wp-json\/wp\/v2\/media?parent=52539"}],"wp:term":[{"taxonomy":"product_brand","embeddable":true,"href":"https:\/\/goelette.ca\/en\/wp-json\/wp\/v2\/product_brand?post=52539"},{"taxonomy":"product_cat","embeddable":true,"href":"https:\/\/goelette.ca\/en\/wp-json\/wp\/v2\/product_cat?post=52539"},{"taxonomy":"product_tag","embeddable":true,"href":"https:\/\/goelette.ca\/en\/wp-json\/wp\/v2\/product_tag?post=52539"},{"taxonomy":"maison_dedition","embeddable":true,"href":"https:\/\/goelette.ca\/en\/wp-json\/wp\/v2\/maison_dedition?post=52539"}],"curies":[{"name":"wp","href":"https:\/\/api.w.org\/{rel}","templated":true}]}}