{"id":52451,"date":"2023-02-09T00:00:46","date_gmt":"2023-02-09T05:00:46","guid":{"rendered":"https:\/\/www.goelette.ca\/?post_type=product&#038;p=52451"},"modified":"2023-02-03T10:33:34","modified_gmt":"2023-02-03T15:33:34","slug":"des-jeux-et-des-jeux-super-geants-sudokus-vol-2","status":"publish","type":"product","link":"https:\/\/goelette.ca\/en\/tous-les-livres\/des-jeux-et-des-jeux-super-geants-sudokus-vol-2\/","title":{"rendered":"Des jeux et des jeux super g\u00e9ants &#8211; Sudokus Vol. 2"},"content":{"rendered":"<p>74 GRILLES ET SOLUTIONS<\/p>\n<p>Amateurs de sudokus, retrouvez votre jeu pr\u00e9f\u00e9r\u00e9 dans un format super g\u00e9ant !<\/p>\n<p>Ces variantes du casse-t\u00eate de chiffres mettront votre logique au d\u00e9fi: Kamikaze, Trio Sodoku, Sumo, Quadro, Samurai, Shogun.<\/p>\n","protected":false},"excerpt":{"rendered":"<p>74 GRILLES ET SOLUTIONS Amateurs de sudokus, retrouvez votre jeu pr\u00e9f\u00e9r\u00e9 dans un format super g\u00e9ant ! Ces variantes du casse-t\u00eate de chiffres mettront votre logique au d\u00e9fi: Kamikaze, Trio Sodoku, Sumo, Quadro, Samurai, Shogun.<\/p>\n","protected":false},"featured_media":52453,"template":"","meta":{"wds_primary_product_brand":0,"wds_primary_product_cat":0,"wds_primary_maison_dedition":0},"product_brand":[],"product_cat":[567,566,569],"product_tag":[],"maison_dedition":[648,630],"class_list":{"0":"post-52451","1":"product","2":"type-product","3":"status-publish","4":"has-post-thumbnail","6":"product_cat-adulte","7":"product_cat-livres-de-jeux","8":"product_cat-sudokus","9":"pa_auteur-collectif","10":"maison_dedition-des-jeux-et-des-jeux","11":"maison_dedition-les-editions-goelette","13":"first","14":"instock","15":"taxable","16":"shipping-taxable","17":"purchasable","18":"product-type-variable"},"bundled_by":[],"bundle_stock_status":"instock","bundle_stock_quantity":null,"bundle_virtual":false,"bundle_layout":"","bundle_add_to_cart_form_location":"","bundle_editable_in_cart":false,"bundle_sold_individually_context":"","bundle_item_grouping":"","bundle_min_size":"","bundle_max_size":"","bundle_price":[],"bundled_items":[],"bundle_sell_ids":[],"acf":[],"_links":{"self":[{"href":"https:\/\/goelette.ca\/en\/wp-json\/wp\/v2\/product\/52451","targetHints":{"allow":["GET"]}}],"collection":[{"href":"https:\/\/goelette.ca\/en\/wp-json\/wp\/v2\/product"}],"about":[{"href":"https:\/\/goelette.ca\/en\/wp-json\/wp\/v2\/types\/product"}],"wp:featuredmedia":[{"embeddable":true,"href":"https:\/\/goelette.ca\/en\/wp-json\/wp\/v2\/media\/52453"}],"wp:attachment":[{"href":"https:\/\/goelette.ca\/en\/wp-json\/wp\/v2\/media?parent=52451"}],"wp:term":[{"taxonomy":"product_brand","embeddable":true,"href":"https:\/\/goelette.ca\/en\/wp-json\/wp\/v2\/product_brand?post=52451"},{"taxonomy":"product_cat","embeddable":true,"href":"https:\/\/goelette.ca\/en\/wp-json\/wp\/v2\/product_cat?post=52451"},{"taxonomy":"product_tag","embeddable":true,"href":"https:\/\/goelette.ca\/en\/wp-json\/wp\/v2\/product_tag?post=52451"},{"taxonomy":"maison_dedition","embeddable":true,"href":"https:\/\/goelette.ca\/en\/wp-json\/wp\/v2\/maison_dedition?post=52451"}],"curies":[{"name":"wp","href":"https:\/\/api.w.org\/{rel}","templated":true}]}}