{"id":52447,"date":"2023-02-09T00:00:08","date_gmt":"2023-02-09T05:00:08","guid":{"rendered":"https:\/\/www.goelette.ca\/?post_type=product&#038;p=52447"},"modified":"2025-04-14T09:58:03","modified_gmt":"2025-04-14T13:58:03","slug":"des-jeux-et-des-jeux-super-geants-mots-entrecroises-vol-2","status":"publish","type":"product","link":"https:\/\/goelette.ca\/en\/tous-les-livres\/des-jeux-et-des-jeux-super-geants-mots-entrecroises-vol-2\/","title":{"rendered":"Des jeux et des jeux super g\u00e9ants &#8211; Mots entrecrois\u00e9s Vol. 2"},"content":{"rendered":"<p>52 GRILLES ET SOLUTIONS<\/p>\n<p>Amateurs de mots entrecrois\u00e9s, retrouvez votre jeu pr\u00e9f\u00e9r\u00e9 dans un format super g\u00e9ant !<\/p>\n<p>Ces grandes grilles de 40 par 40 cases mettront vos capacit\u00e9s de d\u00e9duction au d\u00e9fi.<\/p>\n<p>&nbsp;<\/p>\n<p>&nbsp;<\/p>\n","protected":false},"excerpt":{"rendered":"<p>52 GRILLES ET SOLUTIONS Amateurs de mots entrecrois\u00e9s, retrouvez votre jeu pr\u00e9f\u00e9r\u00e9 dans un format super g\u00e9ant ! Ces grandes grilles de 40 par 40 cases mettront vos capacit\u00e9s de d\u00e9duction au d\u00e9fi. &nbsp; &nbsp;<\/p>\n","protected":false},"featured_media":241551,"template":"","meta":{"wds_primary_product_brand":0,"wds_primary_product_cat":0,"wds_primary_maison_dedition":0},"product_brand":[],"product_cat":[567,566,576],"product_tag":[],"maison_dedition":[648,630],"class_list":{"0":"post-52447","1":"product","2":"type-product","3":"status-publish","4":"has-post-thumbnail","6":"product_cat-adulte","7":"product_cat-livres-de-jeux","8":"product_cat-mots-entrecroises","9":"pa_auteur-collectif","10":"maison_dedition-des-jeux-et-des-jeux","11":"maison_dedition-les-editions-goelette","13":"first","14":"instock","15":"taxable","16":"shipping-taxable","17":"purchasable","18":"product-type-variable"},"bundled_by":[],"bundle_stock_status":"instock","bundle_stock_quantity":null,"bundle_virtual":false,"bundle_layout":"","bundle_add_to_cart_form_location":"","bundle_editable_in_cart":false,"bundle_sold_individually_context":"","bundle_item_grouping":"","bundle_min_size":"","bundle_max_size":"","bundle_price":[],"bundled_items":[],"bundle_sell_ids":[],"acf":[],"_links":{"self":[{"href":"https:\/\/goelette.ca\/en\/wp-json\/wp\/v2\/product\/52447","targetHints":{"allow":["GET"]}}],"collection":[{"href":"https:\/\/goelette.ca\/en\/wp-json\/wp\/v2\/product"}],"about":[{"href":"https:\/\/goelette.ca\/en\/wp-json\/wp\/v2\/types\/product"}],"wp:featuredmedia":[{"embeddable":true,"href":"https:\/\/goelette.ca\/en\/wp-json\/wp\/v2\/media\/241551"}],"wp:attachment":[{"href":"https:\/\/goelette.ca\/en\/wp-json\/wp\/v2\/media?parent=52447"}],"wp:term":[{"taxonomy":"product_brand","embeddable":true,"href":"https:\/\/goelette.ca\/en\/wp-json\/wp\/v2\/product_brand?post=52447"},{"taxonomy":"product_cat","embeddable":true,"href":"https:\/\/goelette.ca\/en\/wp-json\/wp\/v2\/product_cat?post=52447"},{"taxonomy":"product_tag","embeddable":true,"href":"https:\/\/goelette.ca\/en\/wp-json\/wp\/v2\/product_tag?post=52447"},{"taxonomy":"maison_dedition","embeddable":true,"href":"https:\/\/goelette.ca\/en\/wp-json\/wp\/v2\/maison_dedition?post=52447"}],"curies":[{"name":"wp","href":"https:\/\/api.w.org\/{rel}","templated":true}]}}