{"id":51999,"date":"2023-01-19T00:00:11","date_gmt":"2023-01-19T05:00:11","guid":{"rendered":"https:\/\/www.goelette.ca\/?post_type=product&#038;p=51999"},"modified":"2023-01-17T08:55:59","modified_gmt":"2023-01-17T13:55:59","slug":"les-lecons-de-vie-des-bicyclettes","status":"publish","type":"product","link":"https:\/\/goelette.ca\/en\/tous-les-livres\/les-lecons-de-vie-des-bicyclettes\/","title":{"rendered":"Les le\u00e7ons de vie des bicyclettes"},"content":{"rendered":"<p>Emmur\u00e9e derri\u00e8re sa fa\u00e7ade hautaine et rigide, Harriet n\u2019a pas conscience de l\u2019effet qu\u2019elle produit autour d\u2019elle. Et il est si facile pour les autres de s\u2019arr\u00eater \u00e0 leur premi\u00e8re impression : celle d\u2019une femme contr\u00f4lante et insupportable.<br \/>\nLorsqu\u2019elle d\u00e9cide sur un coup de t\u00eate de faire un accroc \u00e0 sa vie r\u00e9gl\u00e9e au quart de tour, Harriet ne peut deviner l\u2019ampleur du d\u00e9raillement qu\u2019elle provoquera, ni les obstacles qui se dresseront sur son chemin. Peut-\u00eatre lui fallait-il se rendre au fond du trou (ou du bois) pour enfin s\u2019ouvrir\u2026 \u00e0 moins qu\u2019elle ne fasse d\u2019abord disjoncter son compagnon d\u2019infortune !<\/p>\n<p>LES GENS SONT-ILS R\u00c9ELLEMENT TELS QU\u2019ON LES CROIT ? PEUVENT-ILS CHANGER ?<\/p>\n","protected":false},"excerpt":{"rendered":"<p>Emmur\u00e9e derri\u00e8re sa fa\u00e7ade hautaine et rigide, Harriet n\u2019a pas conscience de l\u2019effet qu\u2019elle produit autour d\u2019elle. Et il est si facile pour les autres de s\u2019arr\u00eater \u00e0 leur premi\u00e8re impression : celle d\u2019une femme contr\u00f4lante et insupportable. Lorsqu\u2019elle d\u00e9cide sur un coup de t\u00eate de faire un accroc \u00e0 sa vie r\u00e9gl\u00e9e au quart [&hellip;]<\/p>\n","protected":false},"featured_media":52004,"template":"","meta":{"wds_primary_product_brand":0,"wds_primary_product_cat":0,"wds_primary_maison_dedition":0},"product_brand":[],"product_cat":[548,542],"product_tag":[],"maison_dedition":[630],"class_list":{"0":"post-51999","1":"product","2":"type-product","3":"status-publish","4":"has-post-thumbnail","6":"product_cat-chick-lit","7":"product_cat-roman","8":"pa_auteur-marie-paquet","9":"maison_dedition-les-editions-goelette","11":"first","12":"instock","13":"taxable","14":"shipping-taxable","15":"purchasable","16":"product-type-variable"},"bundled_by":[],"bundle_stock_status":"instock","bundle_stock_quantity":null,"bundle_virtual":false,"bundle_layout":"","bundle_add_to_cart_form_location":"","bundle_editable_in_cart":false,"bundle_sold_individually_context":"","bundle_item_grouping":"","bundle_min_size":"","bundle_max_size":"","bundle_price":[],"bundled_items":[],"bundle_sell_ids":[],"acf":[],"_links":{"self":[{"href":"https:\/\/goelette.ca\/en\/wp-json\/wp\/v2\/product\/51999","targetHints":{"allow":["GET"]}}],"collection":[{"href":"https:\/\/goelette.ca\/en\/wp-json\/wp\/v2\/product"}],"about":[{"href":"https:\/\/goelette.ca\/en\/wp-json\/wp\/v2\/types\/product"}],"wp:featuredmedia":[{"embeddable":true,"href":"https:\/\/goelette.ca\/en\/wp-json\/wp\/v2\/media\/52004"}],"wp:attachment":[{"href":"https:\/\/goelette.ca\/en\/wp-json\/wp\/v2\/media?parent=51999"}],"wp:term":[{"taxonomy":"product_brand","embeddable":true,"href":"https:\/\/goelette.ca\/en\/wp-json\/wp\/v2\/product_brand?post=51999"},{"taxonomy":"product_cat","embeddable":true,"href":"https:\/\/goelette.ca\/en\/wp-json\/wp\/v2\/product_cat?post=51999"},{"taxonomy":"product_tag","embeddable":true,"href":"https:\/\/goelette.ca\/en\/wp-json\/wp\/v2\/product_tag?post=51999"},{"taxonomy":"maison_dedition","embeddable":true,"href":"https:\/\/goelette.ca\/en\/wp-json\/wp\/v2\/maison_dedition?post=51999"}],"curies":[{"name":"wp","href":"https:\/\/api.w.org\/{rel}","templated":true}]}}