{"id":51992,"date":"2023-01-19T00:00:36","date_gmt":"2023-01-19T05:00:36","guid":{"rendered":"https:\/\/www.goelette.ca\/?post_type=product&#038;p=51992"},"modified":"2023-03-23T14:13:10","modified_gmt":"2023-03-23T18:13:10","slug":"arsene-lupin-le-bouchon-de-cristal","status":"publish","type":"product","link":"https:\/\/goelette.ca\/en\/tous-les-livres\/arsene-lupin-le-bouchon-de-cristal\/","title":{"rendered":"Ars\u00e8ne Lupin &#8211; Le bouchon de cristal"},"content":{"rendered":"<p>Le soir o\u00f9 Ars\u00e8ne Lupin et ses complices s\u2019introduisent dans la demeure du d\u00e9put\u00e9 Daubrecq, le cambriolage ne se d\u00e9roule pas comme pr\u00e9vu. La police alert\u00e9e, Lupin parvient \u00e0 fuir, mais ses deux compagnons sont emprisonn\u00e9s. Le plus jeune, Gilbert, injustement condamn\u00e9 \u00e0 mort, a toutefois eu le temps de lui confier ce qu\u2019il a d\u00e9rob\u00e9 : un bouchon de cristal. Lupin, perplexe, n\u2019en connait pas l\u2019importance. Puis, sans que le gentleman-cambrioleur comprenne pourquoi ni comment, il se fait voler l\u2019objet \u00e0 son tour. Ars\u00e8ne Lupin r\u00e9ussira-t-il \u00e0 retrouver ce myst\u00e9rieux objet qui semble \u00eatre le dernier espoir pour sauver son prot\u00e9g\u00e9 de l\u2019\u00e9chafaud ?<br \/>\nP\u00e9rip\u00e9ties hautes en couleur et adversaires rus\u00e9s : dans cette aventure, rien ne viendra \u00e0 bout de l\u2019homme \u00e0 l\u2019esprit vif qu\u2019est Ars\u00e8ne Lupin !<\/p>\n<p>LE H\u00c9ROS AYANT INSPIR\u00c9 LA RETENTISSANTE S\u00c9RIE NETFLIX DIFFUS\u00c9E EN 2021<\/p>\n","protected":false},"excerpt":{"rendered":"<p>Le soir o\u00f9 Ars\u00e8ne Lupin et ses complices s\u2019introduisent dans la demeure du d\u00e9put\u00e9 Daubrecq, le cambriolage ne se d\u00e9roule pas comme pr\u00e9vu. La police alert\u00e9e, Lupin parvient \u00e0 fuir, mais ses deux compagnons sont emprisonn\u00e9s. Le plus jeune, Gilbert, injustement condamn\u00e9 \u00e0 mort, a toutefois eu le temps de lui confier ce qu\u2019il a [&hellip;]<\/p>\n","protected":false},"featured_media":51997,"template":"","meta":{"wds_primary_product_brand":0,"wds_primary_product_cat":0,"wds_primary_maison_dedition":0},"product_brand":[],"product_cat":[542],"product_tag":[],"maison_dedition":[628,541],"class_list":{"0":"post-51992","1":"product","2":"type-product","3":"status-publish","4":"has-post-thumbnail","6":"product_cat-roman","7":"pa_auteur-maurice-leblanc","8":"maison_dedition-arsene-lupin","9":"maison_dedition-les-editions-coup-doeil","11":"first","12":"instock","13":"taxable","14":"shipping-taxable","15":"purchasable","16":"product-type-variable"},"bundled_by":[],"bundle_stock_status":"instock","bundle_stock_quantity":null,"bundle_virtual":false,"bundle_layout":"","bundle_add_to_cart_form_location":"","bundle_editable_in_cart":false,"bundle_sold_individually_context":"","bundle_item_grouping":"","bundle_min_size":"","bundle_max_size":"","bundle_price":[],"bundled_items":[],"bundle_sell_ids":[],"acf":[],"_links":{"self":[{"href":"https:\/\/goelette.ca\/en\/wp-json\/wp\/v2\/product\/51992","targetHints":{"allow":["GET"]}}],"collection":[{"href":"https:\/\/goelette.ca\/en\/wp-json\/wp\/v2\/product"}],"about":[{"href":"https:\/\/goelette.ca\/en\/wp-json\/wp\/v2\/types\/product"}],"wp:featuredmedia":[{"embeddable":true,"href":"https:\/\/goelette.ca\/en\/wp-json\/wp\/v2\/media\/51997"}],"wp:attachment":[{"href":"https:\/\/goelette.ca\/en\/wp-json\/wp\/v2\/media?parent=51992"}],"wp:term":[{"taxonomy":"product_brand","embeddable":true,"href":"https:\/\/goelette.ca\/en\/wp-json\/wp\/v2\/product_brand?post=51992"},{"taxonomy":"product_cat","embeddable":true,"href":"https:\/\/goelette.ca\/en\/wp-json\/wp\/v2\/product_cat?post=51992"},{"taxonomy":"product_tag","embeddable":true,"href":"https:\/\/goelette.ca\/en\/wp-json\/wp\/v2\/product_tag?post=51992"},{"taxonomy":"maison_dedition","embeddable":true,"href":"https:\/\/goelette.ca\/en\/wp-json\/wp\/v2\/maison_dedition?post=51992"}],"curies":[{"name":"wp","href":"https:\/\/api.w.org\/{rel}","templated":true}]}}