{"id":51983,"date":"2023-01-19T00:00:37","date_gmt":"2023-01-19T05:00:37","guid":{"rendered":"https:\/\/www.goelette.ca\/?post_type=product&#038;p=51983"},"modified":"2023-03-23T14:12:51","modified_gmt":"2023-03-23T18:12:51","slug":"arsene-lupin-la-comtesse-de-cagliostro","status":"publish","type":"product","link":"https:\/\/goelette.ca\/en\/tous-les-livres\/arsene-lupin-la-comtesse-de-cagliostro\/","title":{"rendered":"Ars\u00e8ne Lupin &#8211; La comtesse de Cagliostro"},"content":{"rendered":"<p>Sous le nom de Raoul d\u2019Andr\u00e9sy, le jeune Ars\u00e8ne Lupin souhaite \u00e9pouser Clarisse, la fille du baron d\u2019\u00c9tigues, mais son p\u00e8re refuse de lui donner sa main. D\u00e9couvrant par hasard les manigances du baron et de ses complices, Lupin sauve de la noyade Jos\u00e9phine Balsamo, la comtesse de Cagliostro. D\u2019une beaut\u00e9 incroyable, celle-ci se r\u00e9v\u00e8le \u00eatre manipulatrice et extr\u00eamement intelligente. Ars\u00e8ne Lupin en tombe non seulement \u00e9perdument amoureux, mais apprendra aussi \u00e0 ses c\u00f4t\u00e9s le m\u00e9tier de voleur. Rapidement, les talents du jeune homme d\u00e9passent ceux de la comtesse, et leur amour se mue en haine. Les deux amants sauront-ils se sortir indemnes de leur in\u00e9vitable rivalit\u00e9 ?<br \/>\nSuivez Ars\u00e8ne Lupin dans sa toute premi\u00e8re aventure. Tr\u00e9sor monastique, alliances et trahisons : d\u00e9m\u00ealer cette intrigue est un d\u00e9fi \u00e0 la hauteur du jeune cambrioleur !<\/p>\n<p>LE H\u00c9ROS AYANT INSPIR\u00c9 LA RETENTISSANTE S\u00c9RIE NETFLIX DIFFUS\u00c9E EN 2021<\/p>\n","protected":false},"excerpt":{"rendered":"<p>Sous le nom de Raoul d\u2019Andr\u00e9sy, le jeune Ars\u00e8ne Lupin souhaite \u00e9pouser Clarisse, la fille du baron d\u2019\u00c9tigues, mais son p\u00e8re refuse de lui donner sa main. D\u00e9couvrant par hasard les manigances du baron et de ses complices, Lupin sauve de la noyade Jos\u00e9phine Balsamo, la comtesse de Cagliostro. D\u2019une beaut\u00e9 incroyable, celle-ci se r\u00e9v\u00e8le [&hellip;]<\/p>\n","protected":false},"featured_media":51989,"template":"","meta":{"wds_primary_product_brand":0,"wds_primary_product_cat":0,"wds_primary_maison_dedition":0},"product_brand":[],"product_cat":[542],"product_tag":[],"maison_dedition":[628,541],"class_list":{"0":"post-51983","1":"product","2":"type-product","3":"status-publish","4":"has-post-thumbnail","6":"product_cat-roman","7":"pa_auteur-maurice-leblanc","8":"maison_dedition-arsene-lupin","9":"maison_dedition-les-editions-coup-doeil","11":"first","12":"instock","13":"taxable","14":"shipping-taxable","15":"purchasable","16":"product-type-variable"},"bundled_by":[],"bundle_stock_status":"instock","bundle_stock_quantity":null,"bundle_virtual":false,"bundle_layout":"","bundle_add_to_cart_form_location":"","bundle_editable_in_cart":false,"bundle_sold_individually_context":"","bundle_item_grouping":"","bundle_min_size":"","bundle_max_size":"","bundle_price":[],"bundled_items":[],"bundle_sell_ids":[],"acf":[],"_links":{"self":[{"href":"https:\/\/goelette.ca\/en\/wp-json\/wp\/v2\/product\/51983","targetHints":{"allow":["GET"]}}],"collection":[{"href":"https:\/\/goelette.ca\/en\/wp-json\/wp\/v2\/product"}],"about":[{"href":"https:\/\/goelette.ca\/en\/wp-json\/wp\/v2\/types\/product"}],"wp:featuredmedia":[{"embeddable":true,"href":"https:\/\/goelette.ca\/en\/wp-json\/wp\/v2\/media\/51989"}],"wp:attachment":[{"href":"https:\/\/goelette.ca\/en\/wp-json\/wp\/v2\/media?parent=51983"}],"wp:term":[{"taxonomy":"product_brand","embeddable":true,"href":"https:\/\/goelette.ca\/en\/wp-json\/wp\/v2\/product_brand?post=51983"},{"taxonomy":"product_cat","embeddable":true,"href":"https:\/\/goelette.ca\/en\/wp-json\/wp\/v2\/product_cat?post=51983"},{"taxonomy":"product_tag","embeddable":true,"href":"https:\/\/goelette.ca\/en\/wp-json\/wp\/v2\/product_tag?post=51983"},{"taxonomy":"maison_dedition","embeddable":true,"href":"https:\/\/goelette.ca\/en\/wp-json\/wp\/v2\/maison_dedition?post=51983"}],"curies":[{"name":"wp","href":"https:\/\/api.w.org\/{rel}","templated":true}]}}