{"id":51628,"date":"2023-01-12T00:00:20","date_gmt":"2023-01-12T05:00:20","guid":{"rendered":"https:\/\/www.goelette.ca\/?post_type=product&#038;p=51628"},"modified":"2025-03-20T10:55:13","modified_gmt":"2025-03-20T14:55:13","slug":"bien-roulee-et-sur-le-bord-declater-tome-3","status":"publish","type":"product","link":"https:\/\/goelette.ca\/en\/tous-les-livres\/bien-roulee-et-sur-le-bord-declater-tome-3\/","title":{"rendered":"Bien roul\u00e9e &#8230; et sur le bord d&#8217;\u00e9clater ! Tome 3"},"content":{"rendered":"<p>\u00c7a y est, Rosaline est enceinte\u2026 de jumelles ! Amoureuse, mari\u00e9e, et bient\u00f4t maman : elle ne se serait jamais imagin\u00e9 vivre cela il y a quelques ann\u00e9es. Elle nage dans le bonheur ! Mais m\u00eame si Arnaud et Rosaline sont fous de joie que leur famille s\u2019agrandisse, l\u2019arriv\u00e9e des b\u00e9b\u00e9s demande beaucoup d\u2019organisation\u2026<br \/>\nEn plus des r\u00e9novations, l\u2019achat d\u2019un v\u00e9hicule neuf et l\u2019acquisition d\u2019un nombre inconcevable de couches, ils doivent g\u00e9rer les futurs grands-parents. En effet, la m\u00e8re de Rosaline, surexcit\u00e9e depuis qu\u2019elle a appris la nouvelle, a d\u00e9cid\u00e9 d\u2019\u00eatre responsable des cours pr\u00e9nataux de sa fille. Les nouveaux parents sont d\u00e9j\u00e0 d\u00e9bord\u00e9s, alors que les jumelles ne sont m\u00eame pas encore n\u00e9es !<\/p>\n<p>Avec Bien roul\u00e9e\u2026 sur le bord d\u2019\u00e9clater !, le tome qui cl\u00f4t la trilogie, Annie Lambert invite les lecteurs \u00e0 suivre Rosaline dans une derni\u00e8re aventure, qui repr\u00e9sente l\u2019une des plus belles \u00e9tapes de sa vie.<\/p>\n","protected":false},"excerpt":{"rendered":"<p>\u00c7a y est, Rosaline est enceinte\u2026 de jumelles ! Amoureuse, mari\u00e9e, et bient\u00f4t maman : elle ne se serait jamais imagin\u00e9 vivre cela il y a quelques ann\u00e9es. Elle nage dans le bonheur ! Mais m\u00eame si Arnaud et Rosaline sont fous de joie que leur famille s\u2019agrandisse, l\u2019arriv\u00e9e des b\u00e9b\u00e9s demande beaucoup d\u2019organisation\u2026 En [&hellip;]<\/p>\n","protected":false},"featured_media":51630,"template":"","meta":{"wds_primary_product_brand":0,"wds_primary_product_cat":0,"wds_primary_maison_dedition":0},"product_brand":[],"product_cat":[548,542,585],"product_tag":[],"maison_dedition":[541],"class_list":{"0":"post-51628","1":"product","2":"type-product","3":"status-publish","4":"has-post-thumbnail","6":"product_cat-chick-lit","7":"product_cat-roman","8":"product_cat-romance","9":"pa_auteur-annie-lambert","10":"maison_dedition-les-editions-coup-doeil","12":"first","13":"instock","14":"taxable","15":"shipping-taxable","16":"purchasable","17":"product-type-variable","18":"has-default-attributes"},"bundled_by":[],"bundle_stock_status":"instock","bundle_stock_quantity":null,"bundle_virtual":false,"bundle_layout":"","bundle_add_to_cart_form_location":"","bundle_editable_in_cart":false,"bundle_sold_individually_context":"","bundle_item_grouping":"","bundle_min_size":"","bundle_max_size":"","bundle_price":[],"bundled_items":[],"bundle_sell_ids":[],"acf":[],"_links":{"self":[{"href":"https:\/\/goelette.ca\/en\/wp-json\/wp\/v2\/product\/51628","targetHints":{"allow":["GET"]}}],"collection":[{"href":"https:\/\/goelette.ca\/en\/wp-json\/wp\/v2\/product"}],"about":[{"href":"https:\/\/goelette.ca\/en\/wp-json\/wp\/v2\/types\/product"}],"wp:featuredmedia":[{"embeddable":true,"href":"https:\/\/goelette.ca\/en\/wp-json\/wp\/v2\/media\/51630"}],"wp:attachment":[{"href":"https:\/\/goelette.ca\/en\/wp-json\/wp\/v2\/media?parent=51628"}],"wp:term":[{"taxonomy":"product_brand","embeddable":true,"href":"https:\/\/goelette.ca\/en\/wp-json\/wp\/v2\/product_brand?post=51628"},{"taxonomy":"product_cat","embeddable":true,"href":"https:\/\/goelette.ca\/en\/wp-json\/wp\/v2\/product_cat?post=51628"},{"taxonomy":"product_tag","embeddable":true,"href":"https:\/\/goelette.ca\/en\/wp-json\/wp\/v2\/product_tag?post=51628"},{"taxonomy":"maison_dedition","embeddable":true,"href":"https:\/\/goelette.ca\/en\/wp-json\/wp\/v2\/maison_dedition?post=51628"}],"curies":[{"name":"wp","href":"https:\/\/api.w.org\/{rel}","templated":true}]}}