{"id":51624,"date":"2023-01-12T00:00:13","date_gmt":"2023-01-12T05:00:13","guid":{"rendered":"https:\/\/www.goelette.ca\/?post_type=product&#038;p=51624"},"modified":"2025-03-20T10:52:15","modified_gmt":"2025-03-20T14:52:15","slug":"bien-roulee-et-future-mariee-tome-2","status":"publish","type":"product","link":"https:\/\/goelette.ca\/en\/tous-les-livres\/bien-roulee-et-future-mariee-tome-2\/","title":{"rendered":"Bien roul\u00e9e &#8230; et future mari\u00e9e ! Tome 2"},"content":{"rendered":"<p>Rosaline n\u2019a jamais \u00e9t\u00e9 aussi heureuse que depuis qu\u2019elle est avec Arnaud. Les tourtereaux habitent ensemble depuis d\u00e9j\u00e0 un an, et il\u00a0 se r\u00e9jouissent d\u2019avoir Charlie, la fille d\u2019Arnaud, avec eux une semaine sur deux. Ainsi, lorsqu\u2019Arnaud lui fait la grande demande, c\u2019est sans h\u00e9siter que Rosaline dit OUI ! Organiser un mariage n\u2019est certainement pas de tout repos, surtout pour Rosaline, qui doit aussi remplir son r\u00f4le de belle-m\u00e8re et g\u00e9rer le fait que sa carri\u00e8re de styliste est en pleine expansion. En plus, son statut de fianc\u00e9e n\u2019a rien chang\u00e9 \u00e0 son v\u00e9ritable talent pour se mettre les pieds dans les plats ! Rosaline aura-t-elle droit \u00e0 son mariage der\u00eave malgr\u00e9 tout ?<\/p>\n<p>Dans Bien roul\u00e9e\u2026 et future mari\u00e9e !, les p\u00e9rip\u00e9ties et les \u00e9clats de rire ne cessent de s\u2019accumuler. Annie Lambert nous donne \u00e0 lire des sc\u00e8nes touchantes et remplies d\u2019humour pour notre plus grand plaisir.<\/p>\n","protected":false},"excerpt":{"rendered":"<p>Rosaline n\u2019a jamais \u00e9t\u00e9 aussi heureuse que depuis qu\u2019elle est avec Arnaud. Les tourtereaux habitent ensemble depuis d\u00e9j\u00e0 un an, et il\u00a0 se r\u00e9jouissent d\u2019avoir Charlie, la fille d\u2019Arnaud, avec eux une semaine sur deux. Ainsi, lorsqu\u2019Arnaud lui fait la grande demande, c\u2019est sans h\u00e9siter que Rosaline dit OUI ! Organiser un mariage n\u2019est certainement [&hellip;]<\/p>\n","protected":false},"featured_media":51626,"template":"","meta":{"wds_primary_product_brand":0,"wds_primary_product_cat":0,"wds_primary_maison_dedition":0},"product_brand":[],"product_cat":[548,542,585],"product_tag":[],"maison_dedition":[541],"class_list":{"0":"post-51624","1":"product","2":"type-product","3":"status-publish","4":"has-post-thumbnail","6":"product_cat-chick-lit","7":"product_cat-roman","8":"product_cat-romance","9":"pa_auteur-annie-lambert","10":"maison_dedition-les-editions-coup-doeil","12":"first","13":"instock","14":"taxable","15":"shipping-taxable","16":"purchasable","17":"product-type-variable","18":"has-default-attributes"},"bundled_by":[],"bundle_stock_status":"instock","bundle_stock_quantity":null,"bundle_virtual":false,"bundle_layout":"","bundle_add_to_cart_form_location":"","bundle_editable_in_cart":false,"bundle_sold_individually_context":"","bundle_item_grouping":"","bundle_min_size":"","bundle_max_size":"","bundle_price":[],"bundled_items":[],"bundle_sell_ids":[],"acf":[],"_links":{"self":[{"href":"https:\/\/goelette.ca\/en\/wp-json\/wp\/v2\/product\/51624","targetHints":{"allow":["GET"]}}],"collection":[{"href":"https:\/\/goelette.ca\/en\/wp-json\/wp\/v2\/product"}],"about":[{"href":"https:\/\/goelette.ca\/en\/wp-json\/wp\/v2\/types\/product"}],"wp:featuredmedia":[{"embeddable":true,"href":"https:\/\/goelette.ca\/en\/wp-json\/wp\/v2\/media\/51626"}],"wp:attachment":[{"href":"https:\/\/goelette.ca\/en\/wp-json\/wp\/v2\/media?parent=51624"}],"wp:term":[{"taxonomy":"product_brand","embeddable":true,"href":"https:\/\/goelette.ca\/en\/wp-json\/wp\/v2\/product_brand?post=51624"},{"taxonomy":"product_cat","embeddable":true,"href":"https:\/\/goelette.ca\/en\/wp-json\/wp\/v2\/product_cat?post=51624"},{"taxonomy":"product_tag","embeddable":true,"href":"https:\/\/goelette.ca\/en\/wp-json\/wp\/v2\/product_tag?post=51624"},{"taxonomy":"maison_dedition","embeddable":true,"href":"https:\/\/goelette.ca\/en\/wp-json\/wp\/v2\/maison_dedition?post=51624"}],"curies":[{"name":"wp","href":"https:\/\/api.w.org\/{rel}","templated":true}]}}