{"id":51618,"date":"2023-01-12T00:00:49","date_gmt":"2023-01-12T05:00:49","guid":{"rendered":"https:\/\/www.goelette.ca\/?post_type=product&#038;p=51618"},"modified":"2025-03-20T10:54:23","modified_gmt":"2025-03-20T14:54:23","slug":"bien-roulee-tome-1","status":"publish","type":"product","link":"https:\/\/goelette.ca\/en\/tous-les-livres\/bien-roulee-tome-1\/","title":{"rendered":"Bien roul\u00e9e Tome 1"},"content":{"rendered":"<p>\u00c0 vingt-neuf ans, Rosaline adore la vie qu\u2019elle m\u00e8ne. Sa carri\u00e8re de styliste est au summum et sa nouvelle cliente, Margo, n\u2019est rien de moins qu\u2019une vedette de renomm\u00e9e mondiale ! Ainsi, elle ne se pr\u00e9occupe pas trop du fait qu\u2019il ne se passe rien d\u2019int\u00e9ressant dans sa vie amoureuse\u2026 Rosaline s\u2019aime comme elle est, et la solitude ne lui fait pas peur !<br \/>\nPourtant, lorsqu\u2019elle rencontre Arnaud, un s\u00e9duisant policier, Rosaline comprend pourquoi tout le monde est \u00e0 la recherche de l\u2019amour. Apr\u00e8s tout, qui pourrait r\u00e9sister \u00e0 un bel homme qui passe sa journ\u00e9e \u00e0 sauver des gens ? Courant entre New York, Montr\u00e9al et l\u2019Italie, la jeune styliste apprend donc \u00e0 conna\u00eetre son prince charmant, m\u00eame si cela semble parfois trop beau pour \u00eatre vrai\u2026<\/p>\n<p>&nbsp;<\/p>\n<p>Avec Bien roul\u00e9e, Annie Lambert met \u00e0 l\u2019honneur les femmes fortes et arrive \u00e0 \u00e9voquer la f\u00e9minit\u00e9 dans toute sa splendeur. Il est facile de s\u2019identifier \u00e0 Rosaline, qui, \u00e0 force de naviguer entre les gaffes, promet de faire rire les lecteurs.<\/p>\n","protected":false},"excerpt":{"rendered":"<p>\u00c0 vingt-neuf ans, Rosaline adore la vie qu\u2019elle m\u00e8ne. Sa carri\u00e8re de styliste est au summum et sa nouvelle cliente, Margo, n\u2019est rien de moins qu\u2019une vedette de renomm\u00e9e mondiale ! Ainsi, elle ne se pr\u00e9occupe pas trop du fait qu\u2019il ne se passe rien d\u2019int\u00e9ressant dans sa vie amoureuse\u2026 Rosaline s\u2019aime comme elle est, [&hellip;]<\/p>\n","protected":false},"featured_media":51621,"template":"","meta":{"wds_primary_product_brand":0,"wds_primary_product_cat":0,"wds_primary_maison_dedition":0},"product_brand":[],"product_cat":[548,542,585],"product_tag":[],"maison_dedition":[541],"class_list":{"0":"post-51618","1":"product","2":"type-product","3":"status-publish","4":"has-post-thumbnail","6":"product_cat-chick-lit","7":"product_cat-roman","8":"product_cat-romance","9":"pa_auteur-annie-lambert","10":"maison_dedition-les-editions-coup-doeil","12":"first","13":"instock","14":"taxable","15":"shipping-taxable","16":"purchasable","17":"product-type-variable","18":"has-default-attributes"},"bundled_by":[],"bundle_stock_status":"instock","bundle_stock_quantity":null,"bundle_virtual":false,"bundle_layout":"","bundle_add_to_cart_form_location":"","bundle_editable_in_cart":false,"bundle_sold_individually_context":"","bundle_item_grouping":"","bundle_min_size":"","bundle_max_size":"","bundle_price":[],"bundled_items":[],"bundle_sell_ids":[],"acf":[],"_links":{"self":[{"href":"https:\/\/goelette.ca\/en\/wp-json\/wp\/v2\/product\/51618","targetHints":{"allow":["GET"]}}],"collection":[{"href":"https:\/\/goelette.ca\/en\/wp-json\/wp\/v2\/product"}],"about":[{"href":"https:\/\/goelette.ca\/en\/wp-json\/wp\/v2\/types\/product"}],"wp:featuredmedia":[{"embeddable":true,"href":"https:\/\/goelette.ca\/en\/wp-json\/wp\/v2\/media\/51621"}],"wp:attachment":[{"href":"https:\/\/goelette.ca\/en\/wp-json\/wp\/v2\/media?parent=51618"}],"wp:term":[{"taxonomy":"product_brand","embeddable":true,"href":"https:\/\/goelette.ca\/en\/wp-json\/wp\/v2\/product_brand?post=51618"},{"taxonomy":"product_cat","embeddable":true,"href":"https:\/\/goelette.ca\/en\/wp-json\/wp\/v2\/product_cat?post=51618"},{"taxonomy":"product_tag","embeddable":true,"href":"https:\/\/goelette.ca\/en\/wp-json\/wp\/v2\/product_tag?post=51618"},{"taxonomy":"maison_dedition","embeddable":true,"href":"https:\/\/goelette.ca\/en\/wp-json\/wp\/v2\/maison_dedition?post=51618"}],"curies":[{"name":"wp","href":"https:\/\/api.w.org\/{rel}","templated":true}]}}