{"id":51602,"date":"2023-01-09T10:55:58","date_gmt":"2023-01-09T15:55:58","guid":{"rendered":"https:\/\/www.goelette.ca\/?post_type=product&#038;p=51602"},"modified":"2023-10-23T12:03:14","modified_gmt":"2023-10-23T16:03:14","slug":"reflexions-sur-un-air-damitie","status":"publish","type":"product","link":"https:\/\/goelette.ca\/en\/tous-les-livres\/reflexions-sur-un-air-damitie\/","title":{"rendered":"R\u00e9flexions sur un air d&#8217;amiti\u00e9"},"content":{"rendered":"<p>Les faux amis sont comme la fausse monnaie ; il est souvent trop tard quand on s\u2019en aper\u00e7oit.<\/p>\n<p>R\u00e9flexions sur un air d\u2019amiti\u00e9 est un recueil de textes courts qui nous permet de r\u00e9fl\u00e9chir sur les amiti\u00e9s que nous entretenons. S\u2019inspirant de pens\u00e9es de Shakespeare, de Michel Tremblay ou encore d\u2019Aristote, Herv\u00e9 Desbois nous guide vers des relations saines et durables, une phrase \u00e0 la fois.<\/p>\n<p>Herv\u00e9 Desbois est auteur polyvalent et com\u00e9dien. Avec une main de ma\u00eetre, il se d\u00e9marque dans plusieurs genres dont la po\u00e9sie, la chanson, le roman et le livre d\u2019inspiration.<\/p>\n","protected":false},"excerpt":{"rendered":"<p>Les faux amis sont comme la fausse monnaie ; il est souvent trop tard quand on s\u2019en aper\u00e7oit. R\u00e9flexions sur un air d\u2019amiti\u00e9 est un recueil de textes courts qui nous permet de r\u00e9fl\u00e9chir sur les amiti\u00e9s que nous entretenons. S\u2019inspirant de pens\u00e9es de Shakespeare, de Michel Tremblay ou encore d\u2019Aristote, Herv\u00e9 Desbois nous guide [&hellip;]<\/p>\n","protected":false},"featured_media":51604,"template":"","meta":{"wds_primary_product_brand":0,"wds_primary_product_cat":0,"wds_primary_maison_dedition":0},"product_brand":[],"product_cat":[586,592,557],"product_tag":[],"maison_dedition":[541],"class_list":{"0":"post-51602","1":"product","2":"type-product","3":"status-publish","4":"has-post-thumbnail","6":"product_cat-bien-etre-et-sante-pratique","7":"product_cat-croissance-personnelle-pratique","8":"product_cat-pratique","9":"pa_auteur-herve-desbois","10":"maison_dedition-les-editions-coup-doeil","12":"first","13":"instock","14":"taxable","15":"shipping-taxable","16":"purchasable","17":"product-type-variable"},"bundled_by":[],"bundle_stock_status":"instock","bundle_stock_quantity":null,"bundle_virtual":false,"bundle_layout":"","bundle_add_to_cart_form_location":"","bundle_editable_in_cart":false,"bundle_sold_individually_context":"","bundle_item_grouping":"","bundle_min_size":"","bundle_max_size":"","bundle_price":[],"bundled_items":[],"bundle_sell_ids":[],"acf":[],"_links":{"self":[{"href":"https:\/\/goelette.ca\/en\/wp-json\/wp\/v2\/product\/51602","targetHints":{"allow":["GET"]}}],"collection":[{"href":"https:\/\/goelette.ca\/en\/wp-json\/wp\/v2\/product"}],"about":[{"href":"https:\/\/goelette.ca\/en\/wp-json\/wp\/v2\/types\/product"}],"wp:featuredmedia":[{"embeddable":true,"href":"https:\/\/goelette.ca\/en\/wp-json\/wp\/v2\/media\/51604"}],"wp:attachment":[{"href":"https:\/\/goelette.ca\/en\/wp-json\/wp\/v2\/media?parent=51602"}],"wp:term":[{"taxonomy":"product_brand","embeddable":true,"href":"https:\/\/goelette.ca\/en\/wp-json\/wp\/v2\/product_brand?post=51602"},{"taxonomy":"product_cat","embeddable":true,"href":"https:\/\/goelette.ca\/en\/wp-json\/wp\/v2\/product_cat?post=51602"},{"taxonomy":"product_tag","embeddable":true,"href":"https:\/\/goelette.ca\/en\/wp-json\/wp\/v2\/product_tag?post=51602"},{"taxonomy":"maison_dedition","embeddable":true,"href":"https:\/\/goelette.ca\/en\/wp-json\/wp\/v2\/maison_dedition?post=51602"}],"curies":[{"name":"wp","href":"https:\/\/api.w.org\/{rel}","templated":true}]}}