{"id":50866,"date":"2022-12-09T11:55:22","date_gmt":"2022-12-09T16:55:22","guid":{"rendered":"https:\/\/www.goelette.ca\/?post_type=product&#038;p=50866"},"modified":"2023-12-21T09:07:36","modified_gmt":"2023-12-21T14:07:36","slug":"heritage-quebec-la-grange-den-haut-tome-1","status":"publish","type":"product","link":"https:\/\/goelette.ca\/en\/tous-les-livres\/heritage-quebec-la-grange-den-haut-tome-1\/","title":{"rendered":"H\u00e9ritage Qu\u00e9bec &#8211; La grange d&#8217;en haut tome 1"},"content":{"rendered":"<p><span style=\"font-size: 14px;\">Vivant \u00e0 La Plaine, dans la r\u00e9gion de Lanaudi\u00e8re, H\u00e9l\u00e9na Pelletier r\u00eave d&#8217;un amour parfait, mais aucun ne semble pouvoir satisfaire les d\u00e9sirs de son coeur. Tentant de se rapprocher de ce qu&#8217;elle croit \u00eatre sa vocation, elle r\u00e9alise que les voies que l&#8217;on emprunte ne nous m\u00e8nent pas toujours au but d\u00e9sir\u00e9, et la jeune femme se retrouve prise au d\u00e9pourvu.<\/span><\/p>\n<p><span style=\"font-size: 14px;\">Afin de trouver le bonheur, H\u00e9l\u00e9na se tourne vers Gustave, qu&#8217;elle consid\u00e8re comme une planche de salut. Les apparences sont toutefois trompeuses, et les d\u00e9ceptions, am\u00e8res. Mais lorsque la flamme semble bien enfouie sous une vie de dur labeur et de devoirs conjugaux, l&#8217;amour prend une forme innatendue.<\/span><\/p>\n<p><span style=\"font-size: 14px;\">Dans ce premier tome de La grange d&#8217;en haut, Micheline Dalp\u00e9 nous transporte en pleine campagne qu\u00e9b\u00e9coise et nous d\u00e9peint admirablement bien une histoire authentique et poignante.<\/span><\/p>\n","protected":false},"excerpt":{"rendered":"<p>Vivant \u00e0 La Plaine, dans la r\u00e9gion de Lanaudi\u00e8re, H\u00e9l\u00e9na Pelletier r\u00eave d&#8217;un amour parfait, mais aucun ne semble pouvoir satisfaire les d\u00e9sirs de son coeur. Tentant de se rapprocher de ce qu&#8217;elle croit \u00eatre sa vocation, elle r\u00e9alise que les voies que l&#8217;on emprunte ne nous m\u00e8nent pas toujours au but d\u00e9sir\u00e9, et la [&hellip;]<\/p>\n","protected":false},"featured_media":50898,"template":"","meta":{"wds_primary_product_brand":0,"wds_primary_product_cat":0,"wds_primary_maison_dedition":0},"product_brand":[],"product_cat":[543,542],"product_tag":[],"maison_dedition":[668,541],"class_list":{"0":"post-50866","1":"product","2":"type-product","3":"status-publish","4":"has-post-thumbnail","6":"product_cat-historique","7":"product_cat-roman","8":"pa_auteur-micheline-dalpe","9":"maison_dedition-heritage-quebec","10":"maison_dedition-les-editions-coup-doeil","12":"first","13":"instock","14":"taxable","15":"shipping-taxable","16":"purchasable","17":"product-type-variable"},"bundled_by":[],"bundle_stock_status":"instock","bundle_stock_quantity":null,"bundle_virtual":false,"bundle_layout":"","bundle_add_to_cart_form_location":"","bundle_editable_in_cart":false,"bundle_sold_individually_context":"","bundle_item_grouping":"","bundle_min_size":"","bundle_max_size":"","bundle_price":[],"bundled_items":[],"bundle_sell_ids":[],"acf":[],"_links":{"self":[{"href":"https:\/\/goelette.ca\/en\/wp-json\/wp\/v2\/product\/50866","targetHints":{"allow":["GET"]}}],"collection":[{"href":"https:\/\/goelette.ca\/en\/wp-json\/wp\/v2\/product"}],"about":[{"href":"https:\/\/goelette.ca\/en\/wp-json\/wp\/v2\/types\/product"}],"wp:featuredmedia":[{"embeddable":true,"href":"https:\/\/goelette.ca\/en\/wp-json\/wp\/v2\/media\/50898"}],"wp:attachment":[{"href":"https:\/\/goelette.ca\/en\/wp-json\/wp\/v2\/media?parent=50866"}],"wp:term":[{"taxonomy":"product_brand","embeddable":true,"href":"https:\/\/goelette.ca\/en\/wp-json\/wp\/v2\/product_brand?post=50866"},{"taxonomy":"product_cat","embeddable":true,"href":"https:\/\/goelette.ca\/en\/wp-json\/wp\/v2\/product_cat?post=50866"},{"taxonomy":"product_tag","embeddable":true,"href":"https:\/\/goelette.ca\/en\/wp-json\/wp\/v2\/product_tag?post=50866"},{"taxonomy":"maison_dedition","embeddable":true,"href":"https:\/\/goelette.ca\/en\/wp-json\/wp\/v2\/maison_dedition?post=50866"}],"curies":[{"name":"wp","href":"https:\/\/api.w.org\/{rel}","templated":true}]}}