{"id":50864,"date":"2022-12-09T11:55:21","date_gmt":"2022-12-09T16:55:21","guid":{"rendered":"https:\/\/www.goelette.ca\/?post_type=product&#038;p=50864"},"modified":"2023-12-21T09:08:27","modified_gmt":"2023-12-21T14:08:27","slug":"heritage-quebec-la-grange-den-haut-tome-2","status":"publish","type":"product","link":"https:\/\/goelette.ca\/en\/tous-les-livres\/heritage-quebec-la-grange-den-haut-tome-2\/","title":{"rendered":"H\u00e9ritage Qu\u00e9bec &#8211; La grange d&#8217;en haut tome 2"},"content":{"rendered":"<p><span style=\"font-size: 14px;\">En plein coeur de la Grande D\u00e9pression, la famille d&#8217;H\u00e9l\u00e9na s&#8217;agrandit tranquillement, mais le bonheur que cela lui apporte ne dure qu&#8217;un temps, car le malheur s&#8217;acharne sur les Branchaud. Heureusement, des proches sont l\u00e0 pour pr\u00eater main-forte, et leur pr\u00e9sence ram\u00e8ne de l&#8217;espoir dans la maisonn\u00e9e.<\/span><\/p>\n<p><span style=\"font-size: 14px;\">Entre les premiers \u00e9mois amoureux, les surprises et les bouleversements, H\u00e9l\u00e9na et ses enfants continuent de r\u00eaver \u00e0 une vie meilleure. Marianne, l&#8217;a\u00een\u00e9e, et ses fr\u00e8res et soeurs travaillent \u00e0 tracer leur voie, encourag\u00e9s par leur m\u00e8re et guid\u00e9s par leurs ambitions et leur d\u00e9termination.<\/span><\/p>\n<p><span style=\"font-size: 14px;\">Dans la conclusion de ce diptyque touchant, Micheline Dalp\u00e9 met en relief les traditions qu\u00e9b\u00e9coises rurales du dernier si\u00e8cle dans un tableau o\u00f9, m\u00eame dans les moments difficiles, l&#8217;amour et la famille sortent gagnants.<\/span><\/p>\n","protected":false},"excerpt":{"rendered":"<p>En plein coeur de la Grande D\u00e9pression, la famille d&#8217;H\u00e9l\u00e9na s&#8217;agrandit tranquillement, mais le bonheur que cela lui apporte ne dure qu&#8217;un temps, car le malheur s&#8217;acharne sur les Branchaud. Heureusement, des proches sont l\u00e0 pour pr\u00eater main-forte, et leur pr\u00e9sence ram\u00e8ne de l&#8217;espoir dans la maisonn\u00e9e. Entre les premiers \u00e9mois amoureux, les surprises et [&hellip;]<\/p>\n","protected":false},"featured_media":50906,"template":"","meta":{"wds_primary_product_brand":0,"wds_primary_product_cat":0,"wds_primary_maison_dedition":0},"product_brand":[],"product_cat":[543,542],"product_tag":[],"maison_dedition":[668,541],"class_list":{"0":"post-50864","1":"product","2":"type-product","3":"status-publish","4":"has-post-thumbnail","6":"product_cat-historique","7":"product_cat-roman","8":"pa_auteur-micheline-dalpe","9":"maison_dedition-heritage-quebec","10":"maison_dedition-les-editions-coup-doeil","12":"first","13":"instock","14":"taxable","15":"shipping-taxable","16":"purchasable","17":"product-type-variable"},"bundled_by":[],"bundle_stock_status":"instock","bundle_stock_quantity":null,"bundle_virtual":false,"bundle_layout":"","bundle_add_to_cart_form_location":"","bundle_editable_in_cart":false,"bundle_sold_individually_context":"","bundle_item_grouping":"","bundle_min_size":"","bundle_max_size":"","bundle_price":[],"bundled_items":[],"bundle_sell_ids":[],"acf":[],"_links":{"self":[{"href":"https:\/\/goelette.ca\/en\/wp-json\/wp\/v2\/product\/50864","targetHints":{"allow":["GET"]}}],"collection":[{"href":"https:\/\/goelette.ca\/en\/wp-json\/wp\/v2\/product"}],"about":[{"href":"https:\/\/goelette.ca\/en\/wp-json\/wp\/v2\/types\/product"}],"wp:featuredmedia":[{"embeddable":true,"href":"https:\/\/goelette.ca\/en\/wp-json\/wp\/v2\/media\/50906"}],"wp:attachment":[{"href":"https:\/\/goelette.ca\/en\/wp-json\/wp\/v2\/media?parent=50864"}],"wp:term":[{"taxonomy":"product_brand","embeddable":true,"href":"https:\/\/goelette.ca\/en\/wp-json\/wp\/v2\/product_brand?post=50864"},{"taxonomy":"product_cat","embeddable":true,"href":"https:\/\/goelette.ca\/en\/wp-json\/wp\/v2\/product_cat?post=50864"},{"taxonomy":"product_tag","embeddable":true,"href":"https:\/\/goelette.ca\/en\/wp-json\/wp\/v2\/product_tag?post=50864"},{"taxonomy":"maison_dedition","embeddable":true,"href":"https:\/\/goelette.ca\/en\/wp-json\/wp\/v2\/maison_dedition?post=50864"}],"curies":[{"name":"wp","href":"https:\/\/api.w.org\/{rel}","templated":true}]}}