{"id":50859,"date":"2022-12-09T11:51:26","date_gmt":"2022-12-09T16:51:26","guid":{"rendered":"https:\/\/www.goelette.ca\/?post_type=product&#038;p=50859"},"modified":"2025-03-20T10:34:31","modified_gmt":"2025-03-20T14:34:31","slug":"heritage-quebec-la-decouverte-daurelie","status":"publish","type":"product","link":"https:\/\/goelette.ca\/en\/tous-les-livres\/heritage-quebec-la-decouverte-daurelie\/","title":{"rendered":"H\u00e9ritage Qu\u00e9bec &#8211; La d\u00e9couverte d&#8217;Aur\u00e9lie Tome 2"},"content":{"rendered":"<p><span style=\"font-size: small;\">Depuis un certain temps d\u00e9j\u00e0, Lorraine \u00e9coute Aur\u00e9lie raconter ses souvenirs. D\u2019abord en Europe de l\u2019apr\u00e8s-guerre, puis de retour au Qu\u00e9bec, o\u00f9 enfin elle se mariera et aura des enfants, Aur\u00e9lie transporte Lorraine dans son pass\u00e9 captivant. Mais \u00e0 travers cette histoire tr\u00e9pidante, Lorraine a ses propres soucis. Aur\u00e9lie l\u2019aidera \u00e0 retrouver des informations sur sa m\u00e8re, d\u00e9c\u00e9d\u00e9e, d\u00e9voilant ainsi des secrets insoup\u00e7onn\u00e9s qui \u00e9branleront leurs vies\u2026<\/span><\/p>\n<p><span style=\"font-size: small;\">Dans ce deuxi\u00e8me tome de la saga d\u2019Aur\u00e9lie, Claire Pontbriand pose un regard \u00e9mouvant sur la deuxi\u00e8me moiti\u00e9 du XXe si\u00e8cle qu\u00e9b\u00e9cois et les bouleversements politiques qui l\u2019ont peupl\u00e9. Poignant et tragique, ce roman perce les secrets de l\u2019\u00e2me humaine et saura toucher votre c\u0153ur.<\/span><\/p>\n","protected":false},"excerpt":{"rendered":"<p>Depuis un certain temps d\u00e9j\u00e0, Lorraine \u00e9coute Aur\u00e9lie raconter ses souvenirs. D\u2019abord en Europe de l\u2019apr\u00e8s-guerre, puis de retour au Qu\u00e9bec, o\u00f9 enfin elle se mariera et aura des enfants, Aur\u00e9lie transporte Lorraine dans son pass\u00e9 captivant. Mais \u00e0 travers cette histoire tr\u00e9pidante, Lorraine a ses propres soucis. Aur\u00e9lie l\u2019aidera \u00e0 retrouver des informations sur [&hellip;]<\/p>\n","protected":false},"featured_media":50862,"template":"","meta":{"wds_primary_product_brand":0,"wds_primary_product_cat":0,"wds_primary_maison_dedition":0},"product_brand":[],"product_cat":[543,542],"product_tag":[],"maison_dedition":[541],"class_list":{"0":"post-50859","1":"product","2":"type-product","3":"status-publish","4":"has-post-thumbnail","6":"product_cat-historique","7":"product_cat-roman","8":"pa_auteur-claire-pontbriand","9":"maison_dedition-les-editions-coup-doeil","11":"first","12":"instock","13":"taxable","14":"shipping-taxable","15":"purchasable","16":"product-type-variable","17":"has-default-attributes"},"bundled_by":[],"bundle_stock_status":"instock","bundle_stock_quantity":null,"bundle_virtual":false,"bundle_layout":"","bundle_add_to_cart_form_location":"","bundle_editable_in_cart":false,"bundle_sold_individually_context":"","bundle_item_grouping":"","bundle_min_size":"","bundle_max_size":"","bundle_price":[],"bundled_items":[],"bundle_sell_ids":[],"acf":[],"_links":{"self":[{"href":"https:\/\/goelette.ca\/en\/wp-json\/wp\/v2\/product\/50859","targetHints":{"allow":["GET"]}}],"collection":[{"href":"https:\/\/goelette.ca\/en\/wp-json\/wp\/v2\/product"}],"about":[{"href":"https:\/\/goelette.ca\/en\/wp-json\/wp\/v2\/types\/product"}],"wp:featuredmedia":[{"embeddable":true,"href":"https:\/\/goelette.ca\/en\/wp-json\/wp\/v2\/media\/50862"}],"wp:attachment":[{"href":"https:\/\/goelette.ca\/en\/wp-json\/wp\/v2\/media?parent=50859"}],"wp:term":[{"taxonomy":"product_brand","embeddable":true,"href":"https:\/\/goelette.ca\/en\/wp-json\/wp\/v2\/product_brand?post=50859"},{"taxonomy":"product_cat","embeddable":true,"href":"https:\/\/goelette.ca\/en\/wp-json\/wp\/v2\/product_cat?post=50859"},{"taxonomy":"product_tag","embeddable":true,"href":"https:\/\/goelette.ca\/en\/wp-json\/wp\/v2\/product_tag?post=50859"},{"taxonomy":"maison_dedition","embeddable":true,"href":"https:\/\/goelette.ca\/en\/wp-json\/wp\/v2\/maison_dedition?post=50859"}],"curies":[{"name":"wp","href":"https:\/\/api.w.org\/{rel}","templated":true}]}}