{"id":50855,"date":"2022-12-09T11:48:54","date_gmt":"2022-12-09T16:48:54","guid":{"rendered":"https:\/\/www.goelette.ca\/?post_type=product&#038;p=50855"},"modified":"2025-03-20T10:33:55","modified_gmt":"2025-03-20T14:33:55","slug":"heritage-quebec-le-manoir-daurelie","status":"publish","type":"product","link":"https:\/\/goelette.ca\/en\/tous-les-livres\/heritage-quebec-le-manoir-daurelie\/","title":{"rendered":"H\u00e9ritage Qu\u00e9bec &#8211; Le manoir d&#8217;Aur\u00e9lie Tome 1"},"content":{"rendered":"<p>Lorraine, photographe professionnelle, se voit offrir le contrat d\u2019immortaliser l\u2019imposant manoir d\u2019Aur\u00e9lie Savard. Elle accepte alors de plonger dans l\u2019univers de la vieille dame.<\/p>\n<p>De Sorel \u00e0 Paris et de Montr\u00e9al \u00e0 New York, Aur\u00e9lie raconte son histoire. Chaque jour, Lorraine en apprend un peu plus sur les voyages, les passions et les d\u00e9cisions qui ont rythm\u00e9 la vie de cette dame et, peu \u00e0 peu, les deux femmes s\u2019attachent l\u2019une \u00e0 l\u2019autre.<\/p>\n<p>Mais le fait que Lorraine ressemble tant \u00e0 Laurent, l\u2019amour perdu d\u2019Aur\u00e9lie, n\u2019y est sans doute pas pour rien&#8230;<\/p>\n<p>Avec le Qu\u00e9bec du d\u00e9but du si\u00e8cle comme toile de fond, ainsi que les \u00e9v\u00e9nements qui ont jalonn\u00e9 l\u2019histoire, ce r\u00e9cit, fort et poignant, raconte le destin d\u2019une femme touchante.<\/p>\n","protected":false},"excerpt":{"rendered":"<p>Lorraine, photographe professionnelle, se voit offrir le contrat d\u2019immortaliser l\u2019imposant manoir d\u2019Aur\u00e9lie Savard. Elle accepte alors de plonger dans l\u2019univers de la vieille dame. De Sorel \u00e0 Paris et de Montr\u00e9al \u00e0 New York, Aur\u00e9lie raconte son histoire. Chaque jour, Lorraine en apprend un peu plus sur les voyages, les passions et les d\u00e9cisions qui [&hellip;]<\/p>\n","protected":false},"featured_media":50857,"template":"","meta":{"wds_primary_product_brand":0,"wds_primary_product_cat":0,"wds_primary_maison_dedition":0},"product_brand":[],"product_cat":[543,542],"product_tag":[],"maison_dedition":[668,541],"class_list":{"0":"post-50855","1":"product","2":"type-product","3":"status-publish","4":"has-post-thumbnail","6":"product_cat-historique","7":"product_cat-roman","8":"pa_auteur-claire-pontbriand","9":"maison_dedition-heritage-quebec","10":"maison_dedition-les-editions-coup-doeil","12":"first","13":"instock","14":"taxable","15":"shipping-taxable","16":"purchasable","17":"product-type-variable"},"bundled_by":[],"bundle_stock_status":"instock","bundle_stock_quantity":null,"bundle_virtual":false,"bundle_layout":"","bundle_add_to_cart_form_location":"","bundle_editable_in_cart":false,"bundle_sold_individually_context":"","bundle_item_grouping":"","bundle_min_size":"","bundle_max_size":"","bundle_price":[],"bundled_items":[],"bundle_sell_ids":[],"acf":[],"_links":{"self":[{"href":"https:\/\/goelette.ca\/en\/wp-json\/wp\/v2\/product\/50855","targetHints":{"allow":["GET"]}}],"collection":[{"href":"https:\/\/goelette.ca\/en\/wp-json\/wp\/v2\/product"}],"about":[{"href":"https:\/\/goelette.ca\/en\/wp-json\/wp\/v2\/types\/product"}],"wp:featuredmedia":[{"embeddable":true,"href":"https:\/\/goelette.ca\/en\/wp-json\/wp\/v2\/media\/50857"}],"wp:attachment":[{"href":"https:\/\/goelette.ca\/en\/wp-json\/wp\/v2\/media?parent=50855"}],"wp:term":[{"taxonomy":"product_brand","embeddable":true,"href":"https:\/\/goelette.ca\/en\/wp-json\/wp\/v2\/product_brand?post=50855"},{"taxonomy":"product_cat","embeddable":true,"href":"https:\/\/goelette.ca\/en\/wp-json\/wp\/v2\/product_cat?post=50855"},{"taxonomy":"product_tag","embeddable":true,"href":"https:\/\/goelette.ca\/en\/wp-json\/wp\/v2\/product_tag?post=50855"},{"taxonomy":"maison_dedition","embeddable":true,"href":"https:\/\/goelette.ca\/en\/wp-json\/wp\/v2\/maison_dedition?post=50855"}],"curies":[{"name":"wp","href":"https:\/\/api.w.org\/{rel}","templated":true}]}}