{"id":49097,"date":"2022-10-23T16:36:11","date_gmt":"2022-10-23T20:36:11","guid":{"rendered":"https:\/\/www.goelette.ca\/?post_type=product&#038;p=49097"},"modified":"2023-10-23T13:36:37","modified_gmt":"2023-10-23T17:36:37","slug":"bloc-notes-ma-liste-depicerie","status":"publish","type":"product","link":"https:\/\/goelette.ca\/en\/tous-les-livres\/bloc-notes-ma-liste-depicerie\/","title":{"rendered":"Bloc-notes &#8211; Ma liste d&#8217;\u00e9picerie"},"content":{"rendered":"<p>104 pages o\u00f9 \u00e9crire vos listes et noter toutes vos id\u00e9es pour ne plus rien oublier !<\/p>\n<p>&nbsp;<\/p>\n<p>Gr\u00e2ce \u00e0 son revers magn\u00e9tique, ce bloc-notes adh\u00e8re facilement \u00e0 n\u2019importe quelle surface m\u00e9tallique comme le r\u00e9frig\u00e9rateur ou votre classeur.<\/p>\n","protected":false},"excerpt":{"rendered":"<p>104 pages o\u00f9 \u00e9crire vos listes et noter toutes vos id\u00e9es pour ne plus rien oublier ! &nbsp; Gr\u00e2ce \u00e0 son revers magn\u00e9tique, ce bloc-notes adh\u00e8re facilement \u00e0 n\u2019importe quelle surface m\u00e9tallique comme le r\u00e9frig\u00e9rateur ou votre classeur.<\/p>\n","protected":false},"featured_media":49099,"template":"","meta":{"wds_primary_product_brand":0,"wds_primary_product_cat":0,"wds_primary_maison_dedition":0},"product_brand":[],"product_cat":[682,614],"product_tag":[],"maison_dedition":[672,732],"class_list":{"0":"post-49097","1":"product","2":"type-product","3":"status-publish","4":"has-post-thumbnail","6":"product_cat-bloc-notes","7":"product_cat-papeterie","8":"pa_auteur-genevieve-everell","9":"maison_dedition-beaux-papierrs","10":"maison_dedition-genevieve-everell","12":"first","13":"instock","14":"taxable","15":"shipping-taxable","16":"purchasable","17":"product-type-variable"},"bundled_by":["48814"],"bundle_stock_status":"instock","bundle_stock_quantity":null,"bundle_virtual":false,"bundle_layout":"","bundle_add_to_cart_form_location":"","bundle_editable_in_cart":false,"bundle_sold_individually_context":"","bundle_item_grouping":"","bundle_min_size":"","bundle_max_size":"","bundle_price":[],"bundled_items":[],"bundle_sell_ids":[],"acf":[],"_links":{"self":[{"href":"https:\/\/goelette.ca\/en\/wp-json\/wp\/v2\/product\/49097","targetHints":{"allow":["GET"]}}],"collection":[{"href":"https:\/\/goelette.ca\/en\/wp-json\/wp\/v2\/product"}],"about":[{"href":"https:\/\/goelette.ca\/en\/wp-json\/wp\/v2\/types\/product"}],"wp:featuredmedia":[{"embeddable":true,"href":"https:\/\/goelette.ca\/en\/wp-json\/wp\/v2\/media\/49099"}],"wp:attachment":[{"href":"https:\/\/goelette.ca\/en\/wp-json\/wp\/v2\/media?parent=49097"}],"wp:term":[{"taxonomy":"product_brand","embeddable":true,"href":"https:\/\/goelette.ca\/en\/wp-json\/wp\/v2\/product_brand?post=49097"},{"taxonomy":"product_cat","embeddable":true,"href":"https:\/\/goelette.ca\/en\/wp-json\/wp\/v2\/product_cat?post=49097"},{"taxonomy":"product_tag","embeddable":true,"href":"https:\/\/goelette.ca\/en\/wp-json\/wp\/v2\/product_tag?post=49097"},{"taxonomy":"maison_dedition","embeddable":true,"href":"https:\/\/goelette.ca\/en\/wp-json\/wp\/v2\/maison_dedition?post=49097"}],"curies":[{"name":"wp","href":"https:\/\/api.w.org\/{rel}","templated":true}]}}