{"id":49077,"date":"2022-10-23T16:09:59","date_gmt":"2022-10-23T20:09:59","guid":{"rendered":"https:\/\/www.goelette.ca\/?post_type=product&#038;p=49077"},"modified":"2023-10-23T14:02:26","modified_gmt":"2023-10-23T18:02:26","slug":"cahier-spirale-epanouis-toi","status":"publish","type":"product","link":"https:\/\/goelette.ca\/en\/tous-les-livres\/cahier-spirale-epanouis-toi\/","title":{"rendered":"Cahier spirale &#8211; \u00c9panouis-toi"},"content":{"rendered":"<p>Gr\u00e2ce \u00e0 sa reliure \u00e0 spirale, ce cahier s\u2019ouvre compl\u00e8tement \u00e0 plat lorsque vous \u00e9crivez. Id\u00e9al pour le travail, l\u2019\u00e9cole ou la maison.<\/p>\n","protected":false},"excerpt":{"rendered":"<p>Gr\u00e2ce \u00e0 sa reliure \u00e0 spirale, ce cahier s\u2019ouvre compl\u00e8tement \u00e0 plat lorsque vous \u00e9crivez. Id\u00e9al pour le travail, l\u2019\u00e9cole ou la maison.<\/p>\n","protected":false},"featured_media":49079,"template":"","meta":{"wds_primary_product_brand":0,"wds_primary_product_cat":0,"wds_primary_maison_dedition":0},"product_brand":[],"product_cat":[622,614],"product_tag":[],"maison_dedition":[672,732],"class_list":{"0":"post-49077","1":"product","2":"type-product","3":"status-publish","4":"has-post-thumbnail","6":"product_cat-carnet-de-note","7":"product_cat-papeterie","8":"pa_auteur-genevieve-everell","9":"maison_dedition-beaux-papierrs","10":"maison_dedition-genevieve-everell","12":"first","13":"instock","14":"taxable","15":"shipping-taxable","16":"purchasable","17":"product-type-variable"},"bundled_by":["48817"],"bundle_stock_status":"instock","bundle_stock_quantity":null,"bundle_virtual":false,"bundle_layout":"","bundle_add_to_cart_form_location":"","bundle_editable_in_cart":false,"bundle_sold_individually_context":"","bundle_item_grouping":"","bundle_min_size":"","bundle_max_size":"","bundle_price":[],"bundled_items":[],"bundle_sell_ids":[],"acf":[],"_links":{"self":[{"href":"https:\/\/goelette.ca\/en\/wp-json\/wp\/v2\/product\/49077","targetHints":{"allow":["GET"]}}],"collection":[{"href":"https:\/\/goelette.ca\/en\/wp-json\/wp\/v2\/product"}],"about":[{"href":"https:\/\/goelette.ca\/en\/wp-json\/wp\/v2\/types\/product"}],"wp:featuredmedia":[{"embeddable":true,"href":"https:\/\/goelette.ca\/en\/wp-json\/wp\/v2\/media\/49079"}],"wp:attachment":[{"href":"https:\/\/goelette.ca\/en\/wp-json\/wp\/v2\/media?parent=49077"}],"wp:term":[{"taxonomy":"product_brand","embeddable":true,"href":"https:\/\/goelette.ca\/en\/wp-json\/wp\/v2\/product_brand?post=49077"},{"taxonomy":"product_cat","embeddable":true,"href":"https:\/\/goelette.ca\/en\/wp-json\/wp\/v2\/product_cat?post=49077"},{"taxonomy":"product_tag","embeddable":true,"href":"https:\/\/goelette.ca\/en\/wp-json\/wp\/v2\/product_tag?post=49077"},{"taxonomy":"maison_dedition","embeddable":true,"href":"https:\/\/goelette.ca\/en\/wp-json\/wp\/v2\/maison_dedition?post=49077"}],"curies":[{"name":"wp","href":"https:\/\/api.w.org\/{rel}","templated":true}]}}