{"id":43983,"date":"2022-10-07T16:11:23","date_gmt":"2022-10-07T20:11:23","guid":{"rendered":"https:\/\/www.goelette.ca\/?post_type=product&#038;p=43983"},"modified":"2024-03-01T12:50:30","modified_gmt":"2024-03-01T17:50:30","slug":"cahier-de-reunion-idees-florissantes","status":"publish","type":"product","link":"https:\/\/goelette.ca\/en\/tous-les-livres\/cahier-de-reunion-idees-florissantes\/","title":{"rendered":"Cahier r\u00e9union &#8211; Id\u00e9es florissantes"},"content":{"rendered":"<p>Gr\u00e2ce \u00e0 son grand format et sa couverture souple, ce grand cahier vous permet d\u2019\u00e9crire des notes bien organis\u00e9es et espac\u00e9es. Parfait pour vos besoins professionnels, scolaires ou personnels.<\/p>\n","protected":false},"excerpt":{"rendered":"<p>Gr\u00e2ce \u00e0 son grand format et sa couverture souple, ce grand cahier vous permet d\u2019\u00e9crire des notes bien organis\u00e9es et espac\u00e9es. Parfait pour vos besoins professionnels, scolaires ou personnels.<\/p>\n","protected":false},"featured_media":43985,"template":"","meta":{"wds_primary_product_brand":0,"wds_primary_product_cat":0,"wds_primary_maison_dedition":0},"product_brand":[],"product_cat":[622,614],"product_tag":[],"maison_dedition":[672,732],"class_list":{"0":"post-43983","1":"product","2":"type-product","3":"status-publish","4":"has-post-thumbnail","6":"product_cat-carnet-de-note","7":"product_cat-papeterie","8":"pa_auteur-genevieve-everell","9":"maison_dedition-beaux-papierrs","10":"maison_dedition-genevieve-everell","12":"first","13":"instock","14":"sale","15":"taxable","16":"shipping-taxable","17":"purchasable","18":"product-type-variable"},"bundled_by":["43964","43967"],"bundle_stock_status":"instock","bundle_stock_quantity":null,"bundle_virtual":false,"bundle_layout":"","bundle_add_to_cart_form_location":"","bundle_editable_in_cart":false,"bundle_sold_individually_context":"","bundle_item_grouping":"","bundle_min_size":"","bundle_max_size":"","bundle_price":[],"bundled_items":[],"bundle_sell_ids":[],"acf":[],"_links":{"self":[{"href":"https:\/\/goelette.ca\/en\/wp-json\/wp\/v2\/product\/43983","targetHints":{"allow":["GET"]}}],"collection":[{"href":"https:\/\/goelette.ca\/en\/wp-json\/wp\/v2\/product"}],"about":[{"href":"https:\/\/goelette.ca\/en\/wp-json\/wp\/v2\/types\/product"}],"wp:featuredmedia":[{"embeddable":true,"href":"https:\/\/goelette.ca\/en\/wp-json\/wp\/v2\/media\/43985"}],"wp:attachment":[{"href":"https:\/\/goelette.ca\/en\/wp-json\/wp\/v2\/media?parent=43983"}],"wp:term":[{"taxonomy":"product_brand","embeddable":true,"href":"https:\/\/goelette.ca\/en\/wp-json\/wp\/v2\/product_brand?post=43983"},{"taxonomy":"product_cat","embeddable":true,"href":"https:\/\/goelette.ca\/en\/wp-json\/wp\/v2\/product_cat?post=43983"},{"taxonomy":"product_tag","embeddable":true,"href":"https:\/\/goelette.ca\/en\/wp-json\/wp\/v2\/product_tag?post=43983"},{"taxonomy":"maison_dedition","embeddable":true,"href":"https:\/\/goelette.ca\/en\/wp-json\/wp\/v2\/maison_dedition?post=43983"}],"curies":[{"name":"wp","href":"https:\/\/api.w.org\/{rel}","templated":true}]}}