{"id":43038,"date":"2022-11-17T00:00:49","date_gmt":"2022-11-17T05:00:49","guid":{"rendered":"https:\/\/www.goelette.ca\/?post_type=product&#038;p=43038"},"modified":"2025-05-15T13:44:25","modified_gmt":"2025-05-15T17:44:25","slug":"gwen-la-fee-de-lhiver","status":"publish","type":"product","link":"https:\/\/goelette.ca\/en\/tous-les-livres\/gwen-la-fee-de-lhiver\/","title":{"rendered":"Gwen, la f\u00e9e de l&#8217;hiver"},"content":{"rendered":"<p>Qu\u2019est-ce qui arrive \u00e0 Gwen, la f\u00e9e ? Depuis le d\u00e9but du mois de mars, elle ne par vient plus \u00e0 enneiger la for\u00eat. Elle a chaud, ses jolis flocons se changent en gouttes de pluie et ses sculptures de glace fondent en un rien de temps ! Qui pour ra lui expliquer les raisons de cet te transformation ?<\/p>\n","protected":false},"excerpt":{"rendered":"<p>Qu\u2019est-ce qui arrive \u00e0 Gwen, la f\u00e9e ? Depuis le d\u00e9but du mois de mars, elle ne par vient plus \u00e0 enneiger la for\u00eat. Elle a chaud, ses jolis flocons se changent en gouttes de pluie et ses sculptures de glace fondent en un rien de temps ! Qui pour ra lui expliquer les raisons [&hellip;]<\/p>\n","protected":false},"featured_media":48764,"template":"","meta":{"wds_primary_product_brand":0,"wds_primary_product_cat":0,"wds_primary_maison_dedition":0},"product_brand":[],"product_cat":[560,578,538],"product_tag":[],"maison_dedition":[541,584],"class_list":{"0":"post-43038","1":"product","2":"type-product","3":"status-publish","4":"has-post-thumbnail","6":"product_cat-3-5-ans","7":"product_cat-albums-illustres","8":"product_cat-jeunesse","9":"pa_auteur-marie-frederique-poirier","10":"pa_illustrateur-monika-pieczka","11":"maison_dedition-les-editions-coup-doeil","12":"maison_dedition-petites-lectures","14":"first","15":"instock","16":"taxable","17":"shipping-taxable","18":"purchasable","19":"product-type-variable","20":"has-default-attributes"},"bundled_by":[],"bundle_stock_status":"instock","bundle_stock_quantity":null,"bundle_virtual":false,"bundle_layout":"","bundle_add_to_cart_form_location":"","bundle_editable_in_cart":false,"bundle_sold_individually_context":"","bundle_item_grouping":"","bundle_min_size":"","bundle_max_size":"","bundle_price":[],"bundled_items":[],"bundle_sell_ids":[],"acf":[],"_links":{"self":[{"href":"https:\/\/goelette.ca\/en\/wp-json\/wp\/v2\/product\/43038","targetHints":{"allow":["GET"]}}],"collection":[{"href":"https:\/\/goelette.ca\/en\/wp-json\/wp\/v2\/product"}],"about":[{"href":"https:\/\/goelette.ca\/en\/wp-json\/wp\/v2\/types\/product"}],"wp:featuredmedia":[{"embeddable":true,"href":"https:\/\/goelette.ca\/en\/wp-json\/wp\/v2\/media\/48764"}],"wp:attachment":[{"href":"https:\/\/goelette.ca\/en\/wp-json\/wp\/v2\/media?parent=43038"}],"wp:term":[{"taxonomy":"product_brand","embeddable":true,"href":"https:\/\/goelette.ca\/en\/wp-json\/wp\/v2\/product_brand?post=43038"},{"taxonomy":"product_cat","embeddable":true,"href":"https:\/\/goelette.ca\/en\/wp-json\/wp\/v2\/product_cat?post=43038"},{"taxonomy":"product_tag","embeddable":true,"href":"https:\/\/goelette.ca\/en\/wp-json\/wp\/v2\/product_tag?post=43038"},{"taxonomy":"maison_dedition","embeddable":true,"href":"https:\/\/goelette.ca\/en\/wp-json\/wp\/v2\/maison_dedition?post=43038"}],"curies":[{"name":"wp","href":"https:\/\/api.w.org\/{rel}","templated":true}]}}