{"id":43034,"date":"2022-11-17T00:00:39","date_gmt":"2022-11-17T05:00:39","guid":{"rendered":"https:\/\/www.goelette.ca\/?post_type=product&#038;p=43034"},"modified":"2025-05-15T13:48:43","modified_gmt":"2025-05-15T17:48:43","slug":"au-ski","status":"publish","type":"product","link":"https:\/\/goelette.ca\/en\/tous-les-livres\/au-ski\/","title":{"rendered":"Au ski !"},"content":{"rendered":"<p>C\u2019est enfin le week-end ! Maman et tante Tania ont emmen\u00e9 les enfants au chalet, et Elliot est impatient de d\u00e9valer les pentes avec ses cousins. Mais ceux-ci skient dr\u00f4lement vite ! Elliot a du mal \u00e0 les suivre. Que fera-t-il lorsqu\u2019il les perdra de vue au d\u00e9tour d\u2019une piste ?<\/p>\n","protected":false},"excerpt":{"rendered":"<p>C\u2019est enfin le week-end ! Maman et tante Tania ont emmen\u00e9 les enfants au chalet, et Elliot est impatient de d\u00e9valer les pentes avec ses cousins. Mais ceux-ci skient dr\u00f4lement vite ! Elliot a du mal \u00e0 les suivre. Que fera-t-il lorsqu\u2019il les perdra de vue au d\u00e9tour d\u2019une piste ?<\/p>\n","protected":false},"featured_media":43036,"template":"","meta":{"wds_primary_product_brand":0,"wds_primary_product_cat":0,"wds_primary_maison_dedition":0},"product_brand":[],"product_cat":[560,578,538],"product_tag":[],"maison_dedition":[541,584,663],"class_list":{"0":"post-43034","1":"product","2":"type-product","3":"status-publish","4":"has-post-thumbnail","6":"product_cat-3-5-ans","7":"product_cat-albums-illustres","8":"product_cat-jeunesse","9":"pa_auteur-marie-frederique-poirier","10":"pa_illustrateur-marta-comito","11":"maison_dedition-les-editions-coup-doeil","12":"maison_dedition-petites-lectures","13":"maison_dedition-petites-lectures-les-editions-goelette","15":"first","16":"instock","17":"taxable","18":"shipping-taxable","19":"purchasable","20":"product-type-variable","21":"has-default-attributes"},"bundled_by":[],"bundle_stock_status":"instock","bundle_stock_quantity":null,"bundle_virtual":false,"bundle_layout":"","bundle_add_to_cart_form_location":"","bundle_editable_in_cart":false,"bundle_sold_individually_context":"","bundle_item_grouping":"","bundle_min_size":"","bundle_max_size":"","bundle_price":[],"bundled_items":[],"bundle_sell_ids":[],"acf":[],"_links":{"self":[{"href":"https:\/\/goelette.ca\/en\/wp-json\/wp\/v2\/product\/43034","targetHints":{"allow":["GET"]}}],"collection":[{"href":"https:\/\/goelette.ca\/en\/wp-json\/wp\/v2\/product"}],"about":[{"href":"https:\/\/goelette.ca\/en\/wp-json\/wp\/v2\/types\/product"}],"wp:featuredmedia":[{"embeddable":true,"href":"https:\/\/goelette.ca\/en\/wp-json\/wp\/v2\/media\/43036"}],"wp:attachment":[{"href":"https:\/\/goelette.ca\/en\/wp-json\/wp\/v2\/media?parent=43034"}],"wp:term":[{"taxonomy":"product_brand","embeddable":true,"href":"https:\/\/goelette.ca\/en\/wp-json\/wp\/v2\/product_brand?post=43034"},{"taxonomy":"product_cat","embeddable":true,"href":"https:\/\/goelette.ca\/en\/wp-json\/wp\/v2\/product_cat?post=43034"},{"taxonomy":"product_tag","embeddable":true,"href":"https:\/\/goelette.ca\/en\/wp-json\/wp\/v2\/product_tag?post=43034"},{"taxonomy":"maison_dedition","embeddable":true,"href":"https:\/\/goelette.ca\/en\/wp-json\/wp\/v2\/maison_dedition?post=43034"}],"curies":[{"name":"wp","href":"https:\/\/api.w.org\/{rel}","templated":true}]}}