{"id":43026,"date":"2022-11-17T00:00:51","date_gmt":"2022-11-17T05:00:51","guid":{"rendered":"https:\/\/www.goelette.ca\/?post_type=product&#038;p=43026"},"modified":"2025-05-15T14:06:11","modified_gmt":"2025-05-15T18:06:11","slug":"mysteres-chez-les-rennes","status":"publish","type":"product","link":"https:\/\/goelette.ca\/en\/tous-les-livres\/mysteres-chez-les-rennes\/","title":{"rendered":"Myst\u00e8res chez les rennes"},"content":{"rendered":"<p>Sais-tu pourquoi les rennes du p\u00e8re No\u00ebl peuvent voler ? C\u2019est parce qu\u2019ils mettent de la poudre chocolat\u00e9e magique dans tous leurs repas. Mais un matin, un probl\u00e8me est arriv\u00e9. Lors de leur entra\u00eenement quotidien, ils n\u2019ont pas pu s\u2019envoler. Pourquoi leur ingr\u00e9dient sp\u00e9cial n\u2019a-t-il pas fonctionn\u00e9 ?<\/p>\n","protected":false},"excerpt":{"rendered":"<p>Sais-tu pourquoi les rennes du p\u00e8re No\u00ebl peuvent voler ? C\u2019est parce qu\u2019ils mettent de la poudre chocolat\u00e9e magique dans tous leurs repas. Mais un matin, un probl\u00e8me est arriv\u00e9. Lors de leur entra\u00eenement quotidien, ils n\u2019ont pas pu s\u2019envoler. Pourquoi leur ingr\u00e9dient sp\u00e9cial n\u2019a-t-il pas fonctionn\u00e9 ?<\/p>\n","protected":false},"featured_media":43028,"template":"","meta":{"wds_primary_product_brand":0,"wds_primary_product_cat":0,"wds_primary_maison_dedition":0},"product_brand":[],"product_cat":[560,578,538,545],"product_tag":[],"maison_dedition":[541,584],"class_list":{"0":"post-43026","1":"product","2":"type-product","3":"status-publish","4":"has-post-thumbnail","6":"product_cat-3-5-ans","7":"product_cat-albums-illustres","8":"product_cat-jeunesse","9":"product_cat-noel","10":"pa_auteur-marilou-charpentier","11":"pa_illustrateur-angela-sbandelli","12":"maison_dedition-les-editions-coup-doeil","13":"maison_dedition-petites-lectures","15":"first","16":"instock","17":"taxable","18":"shipping-taxable","19":"purchasable","20":"product-type-variable","21":"has-default-attributes"},"bundled_by":[],"bundle_stock_status":"instock","bundle_stock_quantity":null,"bundle_virtual":false,"bundle_layout":"","bundle_add_to_cart_form_location":"","bundle_editable_in_cart":false,"bundle_sold_individually_context":"","bundle_item_grouping":"","bundle_min_size":"","bundle_max_size":"","bundle_price":[],"bundled_items":[],"bundle_sell_ids":[],"acf":[],"_links":{"self":[{"href":"https:\/\/goelette.ca\/en\/wp-json\/wp\/v2\/product\/43026","targetHints":{"allow":["GET"]}}],"collection":[{"href":"https:\/\/goelette.ca\/en\/wp-json\/wp\/v2\/product"}],"about":[{"href":"https:\/\/goelette.ca\/en\/wp-json\/wp\/v2\/types\/product"}],"wp:featuredmedia":[{"embeddable":true,"href":"https:\/\/goelette.ca\/en\/wp-json\/wp\/v2\/media\/43028"}],"wp:attachment":[{"href":"https:\/\/goelette.ca\/en\/wp-json\/wp\/v2\/media?parent=43026"}],"wp:term":[{"taxonomy":"product_brand","embeddable":true,"href":"https:\/\/goelette.ca\/en\/wp-json\/wp\/v2\/product_brand?post=43026"},{"taxonomy":"product_cat","embeddable":true,"href":"https:\/\/goelette.ca\/en\/wp-json\/wp\/v2\/product_cat?post=43026"},{"taxonomy":"product_tag","embeddable":true,"href":"https:\/\/goelette.ca\/en\/wp-json\/wp\/v2\/product_tag?post=43026"},{"taxonomy":"maison_dedition","embeddable":true,"href":"https:\/\/goelette.ca\/en\/wp-json\/wp\/v2\/maison_dedition?post=43026"}],"curies":[{"name":"wp","href":"https:\/\/api.w.org\/{rel}","templated":true}]}}