{"id":43022,"date":"2022-11-17T00:00:23","date_gmt":"2022-11-17T05:00:23","guid":{"rendered":"https:\/\/www.goelette.ca\/?post_type=product&#038;p=43022"},"modified":"2025-05-15T14:11:46","modified_gmt":"2025-05-15T18:11:46","slug":"des-biscuits-pour-noel","status":"publish","type":"product","link":"https:\/\/goelette.ca\/en\/tous-les-livres\/des-biscuits-pour-noel\/","title":{"rendered":"Des biscuits pour No\u00ebl"},"content":{"rendered":"<p>Quelle tristesse ! Madame Grisette est seule pour les festivit\u00e9s de fin d\u2019ann\u00e9e. Heureusement, Piccola est bien d\u00e9cid\u00e9e \u00e0 \u00e9gayer le No\u00ebl de sa voisine. Et pour \u00e7a, il n\u2019y a rien de mieux que des biscuits au pain d\u2019\u00e9pices. Sauf que tout ne se passe pas comme pr\u00e9vu\u2026 Comment la petite souris parviendra-t-elle \u00e0 r\u00e9chauffer le coeur de la vieille dame ?<\/p>\n","protected":false},"excerpt":{"rendered":"<p>Quelle tristesse ! Madame Grisette est seule pour les festivit\u00e9s de fin d\u2019ann\u00e9e. Heureusement, Piccola est bien d\u00e9cid\u00e9e \u00e0 \u00e9gayer le No\u00ebl de sa voisine. Et pour \u00e7a, il n\u2019y a rien de mieux que des biscuits au pain d\u2019\u00e9pices. Sauf que tout ne se passe pas comme pr\u00e9vu\u2026 Comment la petite souris parviendra-t-elle \u00e0 [&hellip;]<\/p>\n","protected":false},"featured_media":43024,"template":"","meta":{"wds_primary_product_brand":0,"wds_primary_product_cat":0,"wds_primary_maison_dedition":0},"product_brand":[],"product_cat":[560,578,538,545],"product_tag":[],"maison_dedition":[541,584],"class_list":{"0":"post-43022","1":"product","2":"type-product","3":"status-publish","4":"has-post-thumbnail","6":"product_cat-3-5-ans","7":"product_cat-albums-illustres","8":"product_cat-jeunesse","9":"product_cat-noel","10":"pa_auteur-catherine-cote","11":"pa_illustrateur-federica-tanania","12":"maison_dedition-les-editions-coup-doeil","13":"maison_dedition-petites-lectures","15":"first","16":"instock","17":"taxable","18":"shipping-taxable","19":"purchasable","20":"product-type-variable","21":"has-default-attributes"},"bundled_by":[],"bundle_stock_status":"instock","bundle_stock_quantity":null,"bundle_virtual":false,"bundle_layout":"","bundle_add_to_cart_form_location":"","bundle_editable_in_cart":false,"bundle_sold_individually_context":"","bundle_item_grouping":"","bundle_min_size":"","bundle_max_size":"","bundle_price":[],"bundled_items":[],"bundle_sell_ids":[],"acf":[],"_links":{"self":[{"href":"https:\/\/goelette.ca\/en\/wp-json\/wp\/v2\/product\/43022","targetHints":{"allow":["GET"]}}],"collection":[{"href":"https:\/\/goelette.ca\/en\/wp-json\/wp\/v2\/product"}],"about":[{"href":"https:\/\/goelette.ca\/en\/wp-json\/wp\/v2\/types\/product"}],"wp:featuredmedia":[{"embeddable":true,"href":"https:\/\/goelette.ca\/en\/wp-json\/wp\/v2\/media\/43024"}],"wp:attachment":[{"href":"https:\/\/goelette.ca\/en\/wp-json\/wp\/v2\/media?parent=43022"}],"wp:term":[{"taxonomy":"product_brand","embeddable":true,"href":"https:\/\/goelette.ca\/en\/wp-json\/wp\/v2\/product_brand?post=43022"},{"taxonomy":"product_cat","embeddable":true,"href":"https:\/\/goelette.ca\/en\/wp-json\/wp\/v2\/product_cat?post=43022"},{"taxonomy":"product_tag","embeddable":true,"href":"https:\/\/goelette.ca\/en\/wp-json\/wp\/v2\/product_tag?post=43022"},{"taxonomy":"maison_dedition","embeddable":true,"href":"https:\/\/goelette.ca\/en\/wp-json\/wp\/v2\/maison_dedition?post=43022"}],"curies":[{"name":"wp","href":"https:\/\/api.w.org\/{rel}","templated":true}]}}