{"id":43017,"date":"2022-11-17T00:00:46","date_gmt":"2022-11-17T05:00:46","guid":{"rendered":"https:\/\/www.goelette.ca\/?post_type=product&#038;p=43017"},"modified":"2025-05-15T14:14:06","modified_gmt":"2025-05-15T18:14:06","slug":"un-noel-bien-special","status":"publish","type":"product","link":"https:\/\/goelette.ca\/en\/tous-les-livres\/un-noel-bien-special\/","title":{"rendered":"Un no\u00ebl bien sp\u00e9cial !"},"content":{"rendered":"<p>C\u2019est la 2000<sup>e<\/sup> tourn\u00e9e du p\u00e8re No\u00ebl ! Pour souligner l\u2019\u00e9v\u00e9nement, la m\u00e8re No\u00ebl d\u00e9cide de concocter un d\u00e9licieux festin avec les lutins. Malheureusement, elle doit partir pendant les pr\u00e9paratifs pour porter secours \u00e0 son mari, qui est dans une bien dr\u00f4le de position. Qu\u2019adviendra-t-il de sa surprise ?<\/p>\n","protected":false},"excerpt":{"rendered":"<p>C\u2019est la 2000e tourn\u00e9e du p\u00e8re No\u00ebl ! Pour souligner l\u2019\u00e9v\u00e9nement, la m\u00e8re No\u00ebl d\u00e9cide de concocter un d\u00e9licieux festin avec les lutins. Malheureusement, elle doit partir pendant les pr\u00e9paratifs pour porter secours \u00e0 son mari, qui est dans une bien dr\u00f4le de position. Qu\u2019adviendra-t-il de sa surprise ?<\/p>\n","protected":false},"featured_media":43019,"template":"","meta":{"wds_primary_product_brand":0,"wds_primary_product_cat":0,"wds_primary_maison_dedition":0},"product_brand":[],"product_cat":[560,578,538,545],"product_tag":[],"maison_dedition":[541,584],"class_list":{"0":"post-43017","1":"product","2":"type-product","3":"status-publish","4":"has-post-thumbnail","6":"product_cat-3-5-ans","7":"product_cat-albums-illustres","8":"product_cat-jeunesse","9":"product_cat-noel","10":"pa_auteur-fannie-jacques","11":"pa_illustrateur-emilie-pepin","12":"maison_dedition-les-editions-coup-doeil","13":"maison_dedition-petites-lectures","15":"first","16":"instock","17":"taxable","18":"shipping-taxable","19":"purchasable","20":"product-type-variable","21":"has-default-attributes"},"bundled_by":[],"bundle_stock_status":"instock","bundle_stock_quantity":null,"bundle_virtual":false,"bundle_layout":"","bundle_add_to_cart_form_location":"","bundle_editable_in_cart":false,"bundle_sold_individually_context":"","bundle_item_grouping":"","bundle_min_size":"","bundle_max_size":"","bundle_price":[],"bundled_items":[],"bundle_sell_ids":[],"acf":[],"_links":{"self":[{"href":"https:\/\/goelette.ca\/en\/wp-json\/wp\/v2\/product\/43017","targetHints":{"allow":["GET"]}}],"collection":[{"href":"https:\/\/goelette.ca\/en\/wp-json\/wp\/v2\/product"}],"about":[{"href":"https:\/\/goelette.ca\/en\/wp-json\/wp\/v2\/types\/product"}],"wp:featuredmedia":[{"embeddable":true,"href":"https:\/\/goelette.ca\/en\/wp-json\/wp\/v2\/media\/43019"}],"wp:attachment":[{"href":"https:\/\/goelette.ca\/en\/wp-json\/wp\/v2\/media?parent=43017"}],"wp:term":[{"taxonomy":"product_brand","embeddable":true,"href":"https:\/\/goelette.ca\/en\/wp-json\/wp\/v2\/product_brand?post=43017"},{"taxonomy":"product_cat","embeddable":true,"href":"https:\/\/goelette.ca\/en\/wp-json\/wp\/v2\/product_cat?post=43017"},{"taxonomy":"product_tag","embeddable":true,"href":"https:\/\/goelette.ca\/en\/wp-json\/wp\/v2\/product_tag?post=43017"},{"taxonomy":"maison_dedition","embeddable":true,"href":"https:\/\/goelette.ca\/en\/wp-json\/wp\/v2\/maison_dedition?post=43017"}],"curies":[{"name":"wp","href":"https:\/\/api.w.org\/{rel}","templated":true}]}}