{"id":42993,"date":"2022-10-20T00:00:33","date_gmt":"2022-10-20T04:00:33","guid":{"rendered":"https:\/\/www.goelette.ca\/?post_type=product&#038;p=42993"},"modified":"2023-12-20T14:26:14","modified_gmt":"2023-12-20T19:26:14","slug":"joyeux-casse-tete-livre-casse-tete","status":"publish","type":"product","link":"https:\/\/goelette.ca\/en\/tous-les-livres\/joyeux-casse-tete-livre-casse-tete\/","title":{"rendered":"Joyeux casse-t\u00eate (livre casse-t\u00eate)"},"content":{"rendered":"<p>Livre casse-t\u00eate<\/p>\n","protected":false},"excerpt":{"rendered":"<p>Livre casse-t\u00eate<\/p>\n","protected":false},"featured_media":42995,"template":"","meta":{"wds_primary_product_brand":0,"wds_primary_product_cat":0,"wds_primary_maison_dedition":0},"product_brand":[],"product_cat":[540,560,551,538,559,667,545],"product_tag":[],"maison_dedition":[541],"class_list":{"0":"post-42993","1":"product","2":"type-product","3":"status-publish","4":"has-post-thumbnail","6":"product_cat-0-2-ans","7":"product_cat-3-5-ans","8":"product_cat-activites","9":"product_cat-jeunesse","10":"product_cat-livres-casse-tete","11":"product_cat-livres-tout-carton","12":"product_cat-noel","13":"pa_auteur-laurence-perras","14":"maison_dedition-les-editions-coup-doeil","16":"first","17":"instock","18":"taxable","19":"shipping-taxable","20":"purchasable","21":"product-type-variable"},"bundled_by":[],"bundle_stock_status":"instock","bundle_stock_quantity":null,"bundle_virtual":false,"bundle_layout":"","bundle_add_to_cart_form_location":"","bundle_editable_in_cart":false,"bundle_sold_individually_context":"","bundle_item_grouping":"","bundle_min_size":"","bundle_max_size":"","bundle_price":[],"bundled_items":[],"bundle_sell_ids":[],"acf":[],"_links":{"self":[{"href":"https:\/\/goelette.ca\/en\/wp-json\/wp\/v2\/product\/42993","targetHints":{"allow":["GET"]}}],"collection":[{"href":"https:\/\/goelette.ca\/en\/wp-json\/wp\/v2\/product"}],"about":[{"href":"https:\/\/goelette.ca\/en\/wp-json\/wp\/v2\/types\/product"}],"wp:featuredmedia":[{"embeddable":true,"href":"https:\/\/goelette.ca\/en\/wp-json\/wp\/v2\/media\/42995"}],"wp:attachment":[{"href":"https:\/\/goelette.ca\/en\/wp-json\/wp\/v2\/media?parent=42993"}],"wp:term":[{"taxonomy":"product_brand","embeddable":true,"href":"https:\/\/goelette.ca\/en\/wp-json\/wp\/v2\/product_brand?post=42993"},{"taxonomy":"product_cat","embeddable":true,"href":"https:\/\/goelette.ca\/en\/wp-json\/wp\/v2\/product_cat?post=42993"},{"taxonomy":"product_tag","embeddable":true,"href":"https:\/\/goelette.ca\/en\/wp-json\/wp\/v2\/product_tag?post=42993"},{"taxonomy":"maison_dedition","embeddable":true,"href":"https:\/\/goelette.ca\/en\/wp-json\/wp\/v2\/maison_dedition?post=42993"}],"curies":[{"name":"wp","href":"https:\/\/api.w.org\/{rel}","templated":true}]}}