{"id":42983,"date":"2022-10-20T00:00:39","date_gmt":"2022-10-20T04:00:39","guid":{"rendered":"https:\/\/www.goelette.ca\/?post_type=product&#038;p=42983"},"modified":"2023-11-29T09:26:16","modified_gmt":"2023-11-29T14:26:16","slug":"le-temps-des-fetes-souleve-les-volets","status":"publish","type":"product","link":"https:\/\/goelette.ca\/en\/tous-les-livres\/le-temps-des-fetes-souleve-les-volets\/","title":{"rendered":"Le temps des f\u00eates | Soul\u00e8ve les volets"},"content":{"rendered":"<p>30 volets \u00e0 soulever !<\/p>\n","protected":false},"excerpt":{"rendered":"<p>30 volets \u00e0 soulever !<\/p>\n","protected":false},"featured_media":42985,"template":"","meta":{"wds_primary_product_brand":0,"wds_primary_product_cat":0,"wds_primary_maison_dedition":0},"product_brand":[],"product_cat":[540,538,545,579],"product_tag":[],"maison_dedition":[541],"class_list":{"0":"post-42983","1":"product","2":"type-product","3":"status-publish","4":"has-post-thumbnail","6":"product_cat-0-2-ans","7":"product_cat-jeunesse","8":"product_cat-noel","9":"product_cat-souleve-les-volets","10":"pa_auteur-collectif","11":"maison_dedition-les-editions-coup-doeil","13":"first","14":"instock","15":"featured","16":"taxable","17":"shipping-taxable","18":"purchasable","19":"product-type-variable"},"bundled_by":[],"bundle_stock_status":"instock","bundle_stock_quantity":null,"bundle_virtual":false,"bundle_layout":"","bundle_add_to_cart_form_location":"","bundle_editable_in_cart":false,"bundle_sold_individually_context":"","bundle_item_grouping":"","bundle_min_size":"","bundle_max_size":"","bundle_price":[],"bundled_items":[],"bundle_sell_ids":[],"acf":[],"_links":{"self":[{"href":"https:\/\/goelette.ca\/en\/wp-json\/wp\/v2\/product\/42983","targetHints":{"allow":["GET"]}}],"collection":[{"href":"https:\/\/goelette.ca\/en\/wp-json\/wp\/v2\/product"}],"about":[{"href":"https:\/\/goelette.ca\/en\/wp-json\/wp\/v2\/types\/product"}],"wp:featuredmedia":[{"embeddable":true,"href":"https:\/\/goelette.ca\/en\/wp-json\/wp\/v2\/media\/42985"}],"wp:attachment":[{"href":"https:\/\/goelette.ca\/en\/wp-json\/wp\/v2\/media?parent=42983"}],"wp:term":[{"taxonomy":"product_brand","embeddable":true,"href":"https:\/\/goelette.ca\/en\/wp-json\/wp\/v2\/product_brand?post=42983"},{"taxonomy":"product_cat","embeddable":true,"href":"https:\/\/goelette.ca\/en\/wp-json\/wp\/v2\/product_cat?post=42983"},{"taxonomy":"product_tag","embeddable":true,"href":"https:\/\/goelette.ca\/en\/wp-json\/wp\/v2\/product_tag?post=42983"},{"taxonomy":"maison_dedition","embeddable":true,"href":"https:\/\/goelette.ca\/en\/wp-json\/wp\/v2\/maison_dedition?post=42983"}],"curies":[{"name":"wp","href":"https:\/\/api.w.org\/{rel}","templated":true}]}}