{"id":42979,"date":"2022-10-20T00:00:00","date_gmt":"2022-10-20T04:00:00","guid":{"rendered":"https:\/\/www.goelette.ca\/?post_type=product&#038;p=42979"},"modified":"2024-11-05T14:42:53","modified_gmt":"2024-11-05T19:42:53","slug":"les-assistants-du-pere-noel-livre-a-toucher","status":"publish","type":"product","link":"https:\/\/goelette.ca\/en\/tous-les-livres\/les-assistants-du-pere-noel-livre-a-toucher\/","title":{"rendered":"Les assistants du p\u00e8re No\u00ebl | Livre \u00e0 toucher"},"content":{"rendered":"<p>Organiser la f\u00eate de No\u00ebl n\u2019est pas de tout repos !<br \/>\nHeureusement que le p\u00e8re No\u00ebl peut compter sur ses nombreux assistants.<br \/>\nMais que fait chacun d\u2019entre eux pour l\u2019aider ?<br \/>\nUne histoire pour les tout-petits, \u00e0 lire aussi avec les doigts !<\/p>\n","protected":false},"excerpt":{"rendered":"<p>Organiser la f\u00eate de No\u00ebl n\u2019est pas de tout repos ! Heureusement que le p\u00e8re No\u00ebl peut compter sur ses nombreux assistants. Mais que fait chacun d\u2019entre eux pour l\u2019aider ? Une histoire pour les tout-petits, \u00e0 lire aussi avec les doigts !<\/p>\n","protected":false},"featured_media":180464,"template":"","meta":{"wds_primary_product_brand":0,"wds_primary_product_cat":0,"wds_primary_maison_dedition":0},"product_brand":[],"product_cat":[540,538,544,545],"product_tag":[],"maison_dedition":[541],"class_list":{"0":"post-42979","1":"product","2":"type-product","3":"status-publish","4":"has-post-thumbnail","6":"product_cat-0-2-ans","7":"product_cat-jeunesse","8":"product_cat-livres-a-toucher","9":"product_cat-noel","10":"pa_auteur-collectif","11":"maison_dedition-les-editions-coup-doeil","13":"first","14":"instock","15":"featured","16":"taxable","17":"shipping-taxable","18":"purchasable","19":"product-type-variable"},"bundled_by":[],"bundle_stock_status":"instock","bundle_stock_quantity":null,"bundle_virtual":false,"bundle_layout":"","bundle_add_to_cart_form_location":"","bundle_editable_in_cart":false,"bundle_sold_individually_context":"","bundle_item_grouping":"","bundle_min_size":"","bundle_max_size":"","bundle_price":[],"bundled_items":[],"bundle_sell_ids":[],"acf":[],"_links":{"self":[{"href":"https:\/\/goelette.ca\/en\/wp-json\/wp\/v2\/product\/42979","targetHints":{"allow":["GET"]}}],"collection":[{"href":"https:\/\/goelette.ca\/en\/wp-json\/wp\/v2\/product"}],"about":[{"href":"https:\/\/goelette.ca\/en\/wp-json\/wp\/v2\/types\/product"}],"wp:featuredmedia":[{"embeddable":true,"href":"https:\/\/goelette.ca\/en\/wp-json\/wp\/v2\/media\/180464"}],"wp:attachment":[{"href":"https:\/\/goelette.ca\/en\/wp-json\/wp\/v2\/media?parent=42979"}],"wp:term":[{"taxonomy":"product_brand","embeddable":true,"href":"https:\/\/goelette.ca\/en\/wp-json\/wp\/v2\/product_brand?post=42979"},{"taxonomy":"product_cat","embeddable":true,"href":"https:\/\/goelette.ca\/en\/wp-json\/wp\/v2\/product_cat?post=42979"},{"taxonomy":"product_tag","embeddable":true,"href":"https:\/\/goelette.ca\/en\/wp-json\/wp\/v2\/product_tag?post=42979"},{"taxonomy":"maison_dedition","embeddable":true,"href":"https:\/\/goelette.ca\/en\/wp-json\/wp\/v2\/maison_dedition?post=42979"}],"curies":[{"name":"wp","href":"https:\/\/api.w.org\/{rel}","templated":true}]}}