{"id":42959,"date":"2022-10-06T00:00:25","date_gmt":"2022-10-06T04:00:25","guid":{"rendered":"https:\/\/www.goelette.ca\/?post_type=product&#038;p=42959"},"modified":"2025-03-14T11:29:03","modified_gmt":"2025-03-14T15:29:03","slug":"splendeurs-des-jardins-40-mandalas-pour-etre-heureux","status":"publish","type":"product","link":"https:\/\/goelette.ca\/en\/tous-les-livres\/splendeurs-des-jardins-40-mandalas-pour-etre-heureux\/","title":{"rendered":"Splendeurs des jardins &#8211; 40 mandalas pour \u00eatre heureux"},"content":{"rendered":"<p>\u00c9vacuez le stress du quotidien gr\u00e2ce \u00e0 ces 40 dessins \u00e0 colorier selon vos humeurs, vos inspirations et vos sentiments du moment.<\/p>\n<p><span style=\"color: #ff0000;\">Prenez du temps pour vous !<\/span><\/p>\n","protected":false},"excerpt":{"rendered":"<p>\u00c9vacuez le stress du quotidien gr\u00e2ce \u00e0 ces 40 dessins \u00e0 colorier selon vos humeurs, vos inspirations et vos sentiments du moment. Prenez du temps pour vous !<\/p>\n","protected":false},"featured_media":223278,"template":"","meta":{"wds_primary_product_brand":0,"wds_primary_product_cat":0,"wds_primary_maison_dedition":0},"product_brand":[],"product_cat":[570,571,566,568],"product_tag":[],"maison_dedition":[],"class_list":{"0":"post-42959","1":"product","2":"type-product","3":"status-publish","4":"has-post-thumbnail","6":"product_cat-activites-livres-de-jeux","7":"product_cat-coloriage","8":"product_cat-livres-de-jeux","9":"product_cat-pratique-livres-de-jeux","11":"first","12":"instock","13":"taxable","14":"shipping-taxable","15":"purchasable","16":"product-type-variable","17":"has-default-attributes"},"bundled_by":["49996"],"bundle_stock_status":"instock","bundle_stock_quantity":null,"bundle_virtual":false,"bundle_layout":"","bundle_add_to_cart_form_location":"","bundle_editable_in_cart":false,"bundle_sold_individually_context":"","bundle_item_grouping":"","bundle_min_size":"","bundle_max_size":"","bundle_price":[],"bundled_items":[],"bundle_sell_ids":[],"acf":[],"_links":{"self":[{"href":"https:\/\/goelette.ca\/en\/wp-json\/wp\/v2\/product\/42959","targetHints":{"allow":["GET"]}}],"collection":[{"href":"https:\/\/goelette.ca\/en\/wp-json\/wp\/v2\/product"}],"about":[{"href":"https:\/\/goelette.ca\/en\/wp-json\/wp\/v2\/types\/product"}],"wp:featuredmedia":[{"embeddable":true,"href":"https:\/\/goelette.ca\/en\/wp-json\/wp\/v2\/media\/223278"}],"wp:attachment":[{"href":"https:\/\/goelette.ca\/en\/wp-json\/wp\/v2\/media?parent=42959"}],"wp:term":[{"taxonomy":"product_brand","embeddable":true,"href":"https:\/\/goelette.ca\/en\/wp-json\/wp\/v2\/product_brand?post=42959"},{"taxonomy":"product_cat","embeddable":true,"href":"https:\/\/goelette.ca\/en\/wp-json\/wp\/v2\/product_cat?post=42959"},{"taxonomy":"product_tag","embeddable":true,"href":"https:\/\/goelette.ca\/en\/wp-json\/wp\/v2\/product_tag?post=42959"},{"taxonomy":"maison_dedition","embeddable":true,"href":"https:\/\/goelette.ca\/en\/wp-json\/wp\/v2\/maison_dedition?post=42959"}],"curies":[{"name":"wp","href":"https:\/\/api.w.org\/{rel}","templated":true}]}}