{"id":41669,"date":"2022-09-12T00:00:25","date_gmt":"2022-09-12T04:00:25","guid":{"rendered":"https:\/\/www.goelette.ca\/?post_type=product&#038;p=41669"},"modified":"2023-11-01T08:12:06","modified_gmt":"2023-11-01T12:12:06","slug":"a-la-recherche-du-deguisement-parfait-livre-a-toucher","status":"publish","type":"product","link":"https:\/\/goelette.ca\/en\/tous-les-livres\/a-la-recherche-du-deguisement-parfait-livre-a-toucher\/","title":{"rendered":"\u00c0 la recherche du d\u00e9guisement parfait | Livre \u00e0 toucher"},"content":{"rendered":"<p>Quel d\u00e9guisement Lilou le fant\u00f4me choisira-t-il pour l\u2019halloween ?<\/p>\n<p>Touche les 4 textures et d\u00e9couvre les costumes de ses amis !<\/p>\n","protected":false},"excerpt":{"rendered":"<p>Quel d\u00e9guisement Lilou le fant\u00f4me choisira-t-il pour l\u2019halloween ? Touche les 4 textures et d\u00e9couvre les costumes de ses amis !<\/p>\n","protected":false},"featured_media":41671,"template":"","meta":{"wds_primary_product_brand":0,"wds_primary_product_cat":0,"wds_primary_maison_dedition":0},"product_brand":[],"product_cat":[540,625,538,544],"product_tag":[],"maison_dedition":[541],"class_list":{"0":"post-41669","1":"product","2":"type-product","3":"status-publish","4":"has-post-thumbnail","6":"product_cat-0-2-ans","7":"product_cat-halloween","8":"product_cat-jeunesse","9":"product_cat-livres-a-toucher","10":"pa_auteur-collectif","11":"maison_dedition-les-editions-coup-doeil","13":"first","14":"instock","15":"taxable","16":"shipping-taxable","17":"purchasable","18":"product-type-variable"},"bundled_by":[],"bundle_stock_status":"instock","bundle_stock_quantity":null,"bundle_virtual":false,"bundle_layout":"","bundle_add_to_cart_form_location":"","bundle_editable_in_cart":false,"bundle_sold_individually_context":"","bundle_item_grouping":"","bundle_min_size":"","bundle_max_size":"","bundle_price":[],"bundled_items":[],"bundle_sell_ids":[],"acf":[],"_links":{"self":[{"href":"https:\/\/goelette.ca\/en\/wp-json\/wp\/v2\/product\/41669","targetHints":{"allow":["GET"]}}],"collection":[{"href":"https:\/\/goelette.ca\/en\/wp-json\/wp\/v2\/product"}],"about":[{"href":"https:\/\/goelette.ca\/en\/wp-json\/wp\/v2\/types\/product"}],"wp:featuredmedia":[{"embeddable":true,"href":"https:\/\/goelette.ca\/en\/wp-json\/wp\/v2\/media\/41671"}],"wp:attachment":[{"href":"https:\/\/goelette.ca\/en\/wp-json\/wp\/v2\/media?parent=41669"}],"wp:term":[{"taxonomy":"product_brand","embeddable":true,"href":"https:\/\/goelette.ca\/en\/wp-json\/wp\/v2\/product_brand?post=41669"},{"taxonomy":"product_cat","embeddable":true,"href":"https:\/\/goelette.ca\/en\/wp-json\/wp\/v2\/product_cat?post=41669"},{"taxonomy":"product_tag","embeddable":true,"href":"https:\/\/goelette.ca\/en\/wp-json\/wp\/v2\/product_tag?post=41669"},{"taxonomy":"maison_dedition","embeddable":true,"href":"https:\/\/goelette.ca\/en\/wp-json\/wp\/v2\/maison_dedition?post=41669"}],"curies":[{"name":"wp","href":"https:\/\/api.w.org\/{rel}","templated":true}]}}