{"id":41639,"date":"2022-09-29T00:00:35","date_gmt":"2022-09-29T04:00:35","guid":{"rendered":"https:\/\/www.goelette.ca\/?post_type=product&#038;p=41639"},"modified":"2024-03-07T15:26:18","modified_gmt":"2024-03-07T20:26:18","slug":"des-jeux-et-des-jeux-geants-mots-caches-grandes-grilles","status":"publish","type":"product","link":"https:\/\/goelette.ca\/en\/tous-les-livres\/des-jeux-et-des-jeux-geants-mots-caches-grandes-grilles\/","title":{"rendered":"Des jeux et des jeux &#8211; Mots cach\u00e9s grandes grilles"},"content":{"rendered":"<p>125 GRILLES ET SOLUTIONS<\/p>\n<p>Adeptes des mots cach\u00e9s, relevez un d\u00e9fi de taille ! Retrouvez votre jeu pr\u00e9f\u00e9r\u00e9 dans une version grandes grilles.<\/p>\n<p>La collection Des jeux et des jeux g\u00e9ants vous propose des jeux de lettres et de chiffres classiques dans un format plus grand.<\/p>\n<p>30 x 30 cases<\/p>\n","protected":false},"excerpt":{"rendered":"<p>125 GRILLES ET SOLUTIONS Adeptes des mots cach\u00e9s, relevez un d\u00e9fi de taille ! Retrouvez votre jeu pr\u00e9f\u00e9r\u00e9 dans une version grandes grilles. La collection Des jeux et des jeux g\u00e9ants vous propose des jeux de lettres et de chiffres classiques dans un format plus grand. 30 x 30 cases<\/p>\n","protected":false},"featured_media":41641,"template":"","meta":{"wds_primary_product_brand":0,"wds_primary_product_cat":0,"wds_primary_maison_dedition":0},"product_brand":[],"product_cat":[567,566,608],"product_tag":[],"maison_dedition":[],"class_list":{"0":"post-41639","1":"product","2":"type-product","3":"status-publish","4":"has-post-thumbnail","6":"product_cat-adulte","7":"product_cat-livres-de-jeux","8":"product_cat-mots-caches","9":"pa_auteur-collectif","11":"first","12":"instock","13":"taxable","14":"shipping-taxable","15":"purchasable","16":"product-type-variable"},"bundled_by":[],"bundle_stock_status":"instock","bundle_stock_quantity":null,"bundle_virtual":false,"bundle_layout":"","bundle_add_to_cart_form_location":"","bundle_editable_in_cart":false,"bundle_sold_individually_context":"","bundle_item_grouping":"","bundle_min_size":"","bundle_max_size":"","bundle_price":[],"bundled_items":[],"bundle_sell_ids":[],"acf":[],"_links":{"self":[{"href":"https:\/\/goelette.ca\/en\/wp-json\/wp\/v2\/product\/41639","targetHints":{"allow":["GET"]}}],"collection":[{"href":"https:\/\/goelette.ca\/en\/wp-json\/wp\/v2\/product"}],"about":[{"href":"https:\/\/goelette.ca\/en\/wp-json\/wp\/v2\/types\/product"}],"wp:featuredmedia":[{"embeddable":true,"href":"https:\/\/goelette.ca\/en\/wp-json\/wp\/v2\/media\/41641"}],"wp:attachment":[{"href":"https:\/\/goelette.ca\/en\/wp-json\/wp\/v2\/media?parent=41639"}],"wp:term":[{"taxonomy":"product_brand","embeddable":true,"href":"https:\/\/goelette.ca\/en\/wp-json\/wp\/v2\/product_brand?post=41639"},{"taxonomy":"product_cat","embeddable":true,"href":"https:\/\/goelette.ca\/en\/wp-json\/wp\/v2\/product_cat?post=41639"},{"taxonomy":"product_tag","embeddable":true,"href":"https:\/\/goelette.ca\/en\/wp-json\/wp\/v2\/product_tag?post=41639"},{"taxonomy":"maison_dedition","embeddable":true,"href":"https:\/\/goelette.ca\/en\/wp-json\/wp\/v2\/maison_dedition?post=41639"}],"curies":[{"name":"wp","href":"https:\/\/api.w.org\/{rel}","templated":true}]}}