{"id":41633,"date":"2022-09-15T00:00:42","date_gmt":"2022-09-15T04:00:42","guid":{"rendered":"https:\/\/www.goelette.ca\/?post_type=product&#038;p=41633"},"modified":"2023-04-07T16:12:25","modified_gmt":"2023-04-07T20:12:25","slug":"les-baleines-du-saint-laurent","status":"publish","type":"product","link":"https:\/\/goelette.ca\/en\/tous-les-livres\/les-baleines-du-saint-laurent\/","title":{"rendered":"Les baleines du Saint-Laurent"},"content":{"rendered":"<p>&nbsp;<\/p>\n<p>Faites connaissance avec les 13 esp\u00e8ces de c\u00e9tac\u00e9s qui viennent visiter le Saint-Laurent chaque ann\u00e9e et d\u00e9couvrez les zones o\u00f9 il est possible de les admirer. Dans ce livre, vous d\u00e9couvrirez comment ces mammif\u00e8res dorment, chassent, ou donnent naissance \u00e0 leurs petits. Vous apprendrez \u00e9galement de nombreuses informations fascinantes sur leur migration, leur alimentation, mais aussi comment les reconna\u00eetre ou pourquoi elles sautent hors de l\u2019eau.<\/p>\n<p>\u00c9coutez leurs chants et vocalises enregistr\u00e9s par Olivier Adam, sp\u00e9cialiste en capture de sons sous-marins.<\/p>\n<p>Ces sympathiques animaux g\u00e9ants m\u00e9ritent d\u2019\u00eatre connus pour \u00eatre mieux prot\u00e9g\u00e9s.<\/p>\n<p>Un montant de 0,50$ sera vers\u00e9 au GREMM (Groupe de recherche et d\u2019\u00e9ducation sur les mammif\u00e8res marins) pour chaque exemplaire vendu.<\/p>\n","protected":false},"excerpt":{"rendered":"<p>&nbsp; Faites connaissance avec les 13 esp\u00e8ces de c\u00e9tac\u00e9s qui viennent visiter le Saint-Laurent chaque ann\u00e9e et d\u00e9couvrez les zones o\u00f9 il est possible de les admirer. Dans ce livre, vous d\u00e9couvrirez comment ces mammif\u00e8res dorment, chassent, ou donnent naissance \u00e0 leurs petits. Vous apprendrez \u00e9galement de nombreuses informations fascinantes sur leur migration, leur alimentation, [&hellip;]<\/p>\n","protected":false},"featured_media":41635,"template":"","meta":{"wds_primary_product_brand":0,"wds_primary_product_cat":0,"wds_primary_maison_dedition":0},"product_brand":[],"product_cat":[560,553,583,538,554],"product_tag":[],"maison_dedition":[],"class_list":{"0":"post-41633","1":"product","2":"type-product","3":"status-publish","4":"has-post-thumbnail","6":"product_cat-3-5-ans","7":"product_cat-documentaire","8":"product_cat-imagiers","9":"product_cat-jeunesse","10":"product_cat-zoologie","11":"pa_auteur-cathy-faucher","13":"first","14":"instock","15":"taxable","16":"shipping-taxable","17":"purchasable","18":"product-type-variable","19":"has-default-attributes"},"bundled_by":[],"bundle_stock_status":"instock","bundle_stock_quantity":null,"bundle_virtual":false,"bundle_layout":"","bundle_add_to_cart_form_location":"","bundle_editable_in_cart":false,"bundle_sold_individually_context":"","bundle_item_grouping":"","bundle_min_size":"","bundle_max_size":"","bundle_price":[],"bundled_items":[],"bundle_sell_ids":[],"acf":[],"_links":{"self":[{"href":"https:\/\/goelette.ca\/en\/wp-json\/wp\/v2\/product\/41633","targetHints":{"allow":["GET"]}}],"collection":[{"href":"https:\/\/goelette.ca\/en\/wp-json\/wp\/v2\/product"}],"about":[{"href":"https:\/\/goelette.ca\/en\/wp-json\/wp\/v2\/types\/product"}],"wp:featuredmedia":[{"embeddable":true,"href":"https:\/\/goelette.ca\/en\/wp-json\/wp\/v2\/media\/41635"}],"wp:attachment":[{"href":"https:\/\/goelette.ca\/en\/wp-json\/wp\/v2\/media?parent=41633"}],"wp:term":[{"taxonomy":"product_brand","embeddable":true,"href":"https:\/\/goelette.ca\/en\/wp-json\/wp\/v2\/product_brand?post=41633"},{"taxonomy":"product_cat","embeddable":true,"href":"https:\/\/goelette.ca\/en\/wp-json\/wp\/v2\/product_cat?post=41633"},{"taxonomy":"product_tag","embeddable":true,"href":"https:\/\/goelette.ca\/en\/wp-json\/wp\/v2\/product_tag?post=41633"},{"taxonomy":"maison_dedition","embeddable":true,"href":"https:\/\/goelette.ca\/en\/wp-json\/wp\/v2\/maison_dedition?post=41633"}],"curies":[{"name":"wp","href":"https:\/\/api.w.org\/{rel}","templated":true}]}}