{"id":41631,"date":"2022-09-15T00:00:12","date_gmt":"2022-09-15T04:00:12","guid":{"rendered":"https:\/\/www.goelette.ca\/?post_type=product&#038;p=41631"},"modified":"2023-04-07T16:09:26","modified_gmt":"2023-04-07T20:09:26","slug":"les-oiseaux-du-quebecles-oiseaux-du-quebec","status":"publish","type":"product","link":"https:\/\/goelette.ca\/en\/tous-les-livres\/les-oiseaux-du-quebecles-oiseaux-du-quebec\/","title":{"rendered":"Les oiseaux du Qu\u00e9bec"},"content":{"rendered":"<p>Au fil des pages de ce livre, d\u00e9couvrez comment rep\u00e9rer nos amis les oiseaux partout o\u00f9 ils se trouvent. D\u00e9couvrez leur anatomie, admirez leur plumage et comparez leurs fa\u00e7ons de voler. Apprenez une foule d\u2019informations fascinantes sur des sujets comme la nidification, la migration ou la mue. Enfin, \u00e9coutez les chants d\u2019une dizaine d\u2019esp\u00e8ces diff\u00e9rentes. Ces derniers ont \u00e9t\u00e9 capt\u00e9s au Qu\u00e9bec par Jocelyn Lauzon, un artiste du son.<\/p>\n<p>Ce livre invite petits et grands \u00e0 s\u2019initier \u00e0 l\u2019ornithologie et \u00e0 alimenter le plaisir d\u2019identifier et d\u2019admirer les oiseaux du Qu\u00e9bec.<\/p>\n<p>&nbsp;<\/p>\n","protected":false},"excerpt":{"rendered":"<p>Au fil des pages de ce livre, d\u00e9couvrez comment rep\u00e9rer nos amis les oiseaux partout o\u00f9 ils se trouvent. D\u00e9couvrez leur anatomie, admirez leur plumage et comparez leurs fa\u00e7ons de voler. Apprenez une foule d\u2019informations fascinantes sur des sujets comme la nidification, la migration ou la mue. Enfin, \u00e9coutez les chants d\u2019une dizaine d\u2019esp\u00e8ces diff\u00e9rentes. [&hellip;]<\/p>\n","protected":false},"featured_media":41637,"template":"","meta":{"wds_primary_product_brand":0,"wds_primary_product_cat":0,"wds_primary_maison_dedition":0},"product_brand":[],"product_cat":[560,553,583,538,554],"product_tag":[],"maison_dedition":[],"class_list":{"0":"post-41631","1":"product","2":"type-product","3":"status-publish","4":"has-post-thumbnail","6":"product_cat-3-5-ans","7":"product_cat-documentaire","8":"product_cat-imagiers","9":"product_cat-jeunesse","10":"product_cat-zoologie","11":"pa_auteur-cathy-faucher","13":"first","14":"instock","15":"taxable","16":"shipping-taxable","17":"purchasable","18":"product-type-variable","19":"has-default-attributes"},"bundled_by":[],"bundle_stock_status":"instock","bundle_stock_quantity":null,"bundle_virtual":false,"bundle_layout":"","bundle_add_to_cart_form_location":"","bundle_editable_in_cart":false,"bundle_sold_individually_context":"","bundle_item_grouping":"","bundle_min_size":"","bundle_max_size":"","bundle_price":[],"bundled_items":[],"bundle_sell_ids":[],"acf":[],"_links":{"self":[{"href":"https:\/\/goelette.ca\/en\/wp-json\/wp\/v2\/product\/41631","targetHints":{"allow":["GET"]}}],"collection":[{"href":"https:\/\/goelette.ca\/en\/wp-json\/wp\/v2\/product"}],"about":[{"href":"https:\/\/goelette.ca\/en\/wp-json\/wp\/v2\/types\/product"}],"wp:featuredmedia":[{"embeddable":true,"href":"https:\/\/goelette.ca\/en\/wp-json\/wp\/v2\/media\/41637"}],"wp:attachment":[{"href":"https:\/\/goelette.ca\/en\/wp-json\/wp\/v2\/media?parent=41631"}],"wp:term":[{"taxonomy":"product_brand","embeddable":true,"href":"https:\/\/goelette.ca\/en\/wp-json\/wp\/v2\/product_brand?post=41631"},{"taxonomy":"product_cat","embeddable":true,"href":"https:\/\/goelette.ca\/en\/wp-json\/wp\/v2\/product_cat?post=41631"},{"taxonomy":"product_tag","embeddable":true,"href":"https:\/\/goelette.ca\/en\/wp-json\/wp\/v2\/product_tag?post=41631"},{"taxonomy":"maison_dedition","embeddable":true,"href":"https:\/\/goelette.ca\/en\/wp-json\/wp\/v2\/maison_dedition?post=41631"}],"curies":[{"name":"wp","href":"https:\/\/api.w.org\/{rel}","templated":true}]}}