{"id":41602,"date":"2022-09-08T00:00:20","date_gmt":"2022-09-08T04:00:20","guid":{"rendered":"https:\/\/www.goelette.ca\/?post_type=product&#038;p=41602"},"modified":"2023-10-23T12:06:23","modified_gmt":"2023-10-23T16:06:23","slug":"reflexions-pour-une-pincee-de-bonheur","status":"publish","type":"product","link":"https:\/\/goelette.ca\/en\/tous-les-livres\/reflexions-pour-une-pincee-de-bonheur\/","title":{"rendered":"R\u00e9flexions pour une pinc\u00e9e de bonheur"},"content":{"rendered":"<p>Comme la fleur \u00e9panouie ressort dans une friche, la beaut\u00e9 doit attirer le regard plus que la laideur.<\/p>\n<p>R\u00e9flexions pour une pinc\u00e9e de bonheur est un recueil de textes courts qui nous permet de r\u00e9fl\u00e9chir sur les diff\u00e9rentes fa\u00e7ons d\u2019\u00eatre heureux au quotidien. S\u2019inspirant de pens\u00e9es de Marc Aur\u00e8le, d\u2019Alice Parizeau ou encore de Jean-Jacques Rousseau, Herv\u00e9 Desbois nous aide \u00e0 trouver le bonheur, une phrase \u00e0 la fois.<\/p>\n<p>Herv\u00e9 Desbois est auteur polyvalent et com\u00e9dien. Avec une main de ma\u00eetre, il se d\u00e9marque dans plusieurs genres dont la po\u00e9sie, la chanson, le roman et le livre d\u2019inspiration.<\/p>\n","protected":false},"excerpt":{"rendered":"<p>Comme la fleur \u00e9panouie ressort dans une friche, la beaut\u00e9 doit attirer le regard plus que la laideur. R\u00e9flexions pour une pinc\u00e9e de bonheur est un recueil de textes courts qui nous permet de r\u00e9fl\u00e9chir sur les diff\u00e9rentes fa\u00e7ons d\u2019\u00eatre heureux au quotidien. S\u2019inspirant de pens\u00e9es de Marc Aur\u00e8le, d\u2019Alice Parizeau ou encore de Jean-Jacques [&hellip;]<\/p>\n","protected":false},"featured_media":41604,"template":"","meta":{"wds_primary_product_brand":0,"wds_primary_product_cat":0,"wds_primary_maison_dedition":0},"product_brand":[],"product_cat":[586,592,557],"product_tag":[],"maison_dedition":[],"class_list":{"0":"post-41602","1":"product","2":"type-product","3":"status-publish","4":"has-post-thumbnail","6":"product_cat-bien-etre-et-sante-pratique","7":"product_cat-croissance-personnelle-pratique","8":"product_cat-pratique","9":"pa_auteur-herve-desbois","11":"first","12":"instock","13":"taxable","14":"shipping-taxable","15":"purchasable","16":"product-type-variable","17":"has-default-attributes"},"bundled_by":["48850"],"bundle_stock_status":"instock","bundle_stock_quantity":null,"bundle_virtual":false,"bundle_layout":"","bundle_add_to_cart_form_location":"","bundle_editable_in_cart":false,"bundle_sold_individually_context":"","bundle_item_grouping":"","bundle_min_size":"","bundle_max_size":"","bundle_price":[],"bundled_items":[],"bundle_sell_ids":[],"acf":[],"_links":{"self":[{"href":"https:\/\/goelette.ca\/en\/wp-json\/wp\/v2\/product\/41602","targetHints":{"allow":["GET"]}}],"collection":[{"href":"https:\/\/goelette.ca\/en\/wp-json\/wp\/v2\/product"}],"about":[{"href":"https:\/\/goelette.ca\/en\/wp-json\/wp\/v2\/types\/product"}],"wp:featuredmedia":[{"embeddable":true,"href":"https:\/\/goelette.ca\/en\/wp-json\/wp\/v2\/media\/41604"}],"wp:attachment":[{"href":"https:\/\/goelette.ca\/en\/wp-json\/wp\/v2\/media?parent=41602"}],"wp:term":[{"taxonomy":"product_brand","embeddable":true,"href":"https:\/\/goelette.ca\/en\/wp-json\/wp\/v2\/product_brand?post=41602"},{"taxonomy":"product_cat","embeddable":true,"href":"https:\/\/goelette.ca\/en\/wp-json\/wp\/v2\/product_cat?post=41602"},{"taxonomy":"product_tag","embeddable":true,"href":"https:\/\/goelette.ca\/en\/wp-json\/wp\/v2\/product_tag?post=41602"},{"taxonomy":"maison_dedition","embeddable":true,"href":"https:\/\/goelette.ca\/en\/wp-json\/wp\/v2\/maison_dedition?post=41602"}],"curies":[{"name":"wp","href":"https:\/\/api.w.org\/{rel}","templated":true}]}}