{"id":41598,"date":"2022-09-08T00:00:59","date_gmt":"2022-09-08T04:00:59","guid":{"rendered":"https:\/\/www.goelette.ca\/?post_type=product&#038;p=41598"},"modified":"2023-10-23T12:04:35","modified_gmt":"2023-10-23T16:04:35","slug":"reflexions-avec-un-grain-de-zen","status":"publish","type":"product","link":"https:\/\/goelette.ca\/en\/tous-les-livres\/reflexions-avec-un-grain-de-zen\/","title":{"rendered":"R\u00e9flexions avec un grain de zen"},"content":{"rendered":"<p>La s\u00e9r\u00e9nit\u00e9 est un jardin qu\u2019il nous faut cultiver chaque jour.<\/p>\n<p>R\u00e9flexions avec un grain de zen est un recueil de textes courts qui nous permet de r\u00e9fl\u00e9chir sur notre vie et les gestes que nous portons en vue d\u2019une existence<br \/>\nplus sereine. S\u2019inspirant de pens\u00e9es de Confucius, de Victor Hugo, ou encore de David Baird, Herv\u00e9 Desbois nous m\u00e8ne vers le chemin de la paix int\u00e9rieure, une phrase \u00e0 la fois.<\/p>\n<p>Herv\u00e9 Desbois est auteur polyvalent et com\u00e9dien. Avec une main de ma\u00eetre, il se d\u00e9marque dans plusieurs genres dont la po\u00e9sie, la chanson, le roman et le livre d\u2019inspiration.<\/p>\n","protected":false},"excerpt":{"rendered":"<p>La s\u00e9r\u00e9nit\u00e9 est un jardin qu\u2019il nous faut cultiver chaque jour. R\u00e9flexions avec un grain de zen est un recueil de textes courts qui nous permet de r\u00e9fl\u00e9chir sur notre vie et les gestes que nous portons en vue d\u2019une existence plus sereine. S\u2019inspirant de pens\u00e9es de Confucius, de Victor Hugo, ou encore de David [&hellip;]<\/p>\n","protected":false},"featured_media":41600,"template":"","meta":{"wds_primary_product_brand":0,"wds_primary_product_cat":0,"wds_primary_maison_dedition":0},"product_brand":[],"product_cat":[586,592,557],"product_tag":[],"maison_dedition":[],"class_list":{"0":"post-41598","1":"product","2":"type-product","3":"status-publish","4":"has-post-thumbnail","6":"product_cat-bien-etre-et-sante-pratique","7":"product_cat-croissance-personnelle-pratique","8":"product_cat-pratique","9":"pa_auteur-herve-desbois","11":"first","12":"instock","13":"taxable","14":"shipping-taxable","15":"purchasable","16":"product-type-variable"},"bundled_by":["49996"],"bundle_stock_status":"instock","bundle_stock_quantity":null,"bundle_virtual":false,"bundle_layout":"","bundle_add_to_cart_form_location":"","bundle_editable_in_cart":false,"bundle_sold_individually_context":"","bundle_item_grouping":"","bundle_min_size":"","bundle_max_size":"","bundle_price":[],"bundled_items":[],"bundle_sell_ids":[],"acf":[],"_links":{"self":[{"href":"https:\/\/goelette.ca\/en\/wp-json\/wp\/v2\/product\/41598","targetHints":{"allow":["GET"]}}],"collection":[{"href":"https:\/\/goelette.ca\/en\/wp-json\/wp\/v2\/product"}],"about":[{"href":"https:\/\/goelette.ca\/en\/wp-json\/wp\/v2\/types\/product"}],"wp:featuredmedia":[{"embeddable":true,"href":"https:\/\/goelette.ca\/en\/wp-json\/wp\/v2\/media\/41600"}],"wp:attachment":[{"href":"https:\/\/goelette.ca\/en\/wp-json\/wp\/v2\/media?parent=41598"}],"wp:term":[{"taxonomy":"product_brand","embeddable":true,"href":"https:\/\/goelette.ca\/en\/wp-json\/wp\/v2\/product_brand?post=41598"},{"taxonomy":"product_cat","embeddable":true,"href":"https:\/\/goelette.ca\/en\/wp-json\/wp\/v2\/product_cat?post=41598"},{"taxonomy":"product_tag","embeddable":true,"href":"https:\/\/goelette.ca\/en\/wp-json\/wp\/v2\/product_tag?post=41598"},{"taxonomy":"maison_dedition","embeddable":true,"href":"https:\/\/goelette.ca\/en\/wp-json\/wp\/v2\/maison_dedition?post=41598"}],"curies":[{"name":"wp","href":"https:\/\/api.w.org\/{rel}","templated":true}]}}