{"id":41594,"date":"2022-09-08T00:00:08","date_gmt":"2022-09-08T04:00:08","guid":{"rendered":"https:\/\/www.goelette.ca\/?post_type=product&#038;p=41594"},"modified":"2023-10-23T12:05:46","modified_gmt":"2023-10-23T16:05:46","slug":"reflexions-pour-se-garder-jeune","status":"publish","type":"product","link":"https:\/\/goelette.ca\/en\/tous-les-livres\/reflexions-pour-se-garder-jeune\/","title":{"rendered":"R\u00e9flexions pour se garder jeune"},"content":{"rendered":"<p>&nbsp;<\/p>\n<p>Pr\u00e9parer ses vieux jours, n\u2019est-ce pas d\u00e9j\u00e0 vieillir un peu ?<\/p>\n<p>R\u00e9flexions pour se garder jeune est un recueil de textes courts qui nous permet de r\u00e9fl\u00e9chir sur la vieillesse et le temps qui passe. S\u2019inspirant de pens\u00e9es de Jacques Ferron, de Charles Trenet ou encore d\u2019Oscar Wilde, Herv\u00e9 Desbois nous am\u00e8ne \u00e0 appr\u00e9cier chaque moment de la vie, une phrase \u00e0 la fois.<\/p>\n<p>Herv\u00e9 Desbois est auteur polyvalent et com\u00e9dien. Avec une main de ma\u00eetre, il se d\u00e9marque dans plusieurs genres dont la po\u00e9sie, la chanson, le roman et le livre d\u2019inspiration.<\/p>\n","protected":false},"excerpt":{"rendered":"<p>&nbsp; Pr\u00e9parer ses vieux jours, n\u2019est-ce pas d\u00e9j\u00e0 vieillir un peu ? R\u00e9flexions pour se garder jeune est un recueil de textes courts qui nous permet de r\u00e9fl\u00e9chir sur la vieillesse et le temps qui passe. S\u2019inspirant de pens\u00e9es de Jacques Ferron, de Charles Trenet ou encore d\u2019Oscar Wilde, Herv\u00e9 Desbois nous am\u00e8ne \u00e0 appr\u00e9cier [&hellip;]<\/p>\n","protected":false},"featured_media":41596,"template":"","meta":{"wds_primary_product_brand":0,"wds_primary_product_cat":0,"wds_primary_maison_dedition":0},"product_brand":[],"product_cat":[586,592,557],"product_tag":[],"maison_dedition":[],"class_list":{"0":"post-41594","1":"product","2":"type-product","3":"status-publish","4":"has-post-thumbnail","6":"product_cat-bien-etre-et-sante-pratique","7":"product_cat-croissance-personnelle-pratique","8":"product_cat-pratique","9":"pa_auteur-herve-desbois","11":"first","12":"instock","13":"taxable","14":"shipping-taxable","15":"purchasable","16":"product-type-variable"},"bundled_by":[],"bundle_stock_status":"instock","bundle_stock_quantity":null,"bundle_virtual":false,"bundle_layout":"","bundle_add_to_cart_form_location":"","bundle_editable_in_cart":false,"bundle_sold_individually_context":"","bundle_item_grouping":"","bundle_min_size":"","bundle_max_size":"","bundle_price":[],"bundled_items":[],"bundle_sell_ids":[],"acf":[],"_links":{"self":[{"href":"https:\/\/goelette.ca\/en\/wp-json\/wp\/v2\/product\/41594","targetHints":{"allow":["GET"]}}],"collection":[{"href":"https:\/\/goelette.ca\/en\/wp-json\/wp\/v2\/product"}],"about":[{"href":"https:\/\/goelette.ca\/en\/wp-json\/wp\/v2\/types\/product"}],"wp:featuredmedia":[{"embeddable":true,"href":"https:\/\/goelette.ca\/en\/wp-json\/wp\/v2\/media\/41596"}],"wp:attachment":[{"href":"https:\/\/goelette.ca\/en\/wp-json\/wp\/v2\/media?parent=41594"}],"wp:term":[{"taxonomy":"product_brand","embeddable":true,"href":"https:\/\/goelette.ca\/en\/wp-json\/wp\/v2\/product_brand?post=41594"},{"taxonomy":"product_cat","embeddable":true,"href":"https:\/\/goelette.ca\/en\/wp-json\/wp\/v2\/product_cat?post=41594"},{"taxonomy":"product_tag","embeddable":true,"href":"https:\/\/goelette.ca\/en\/wp-json\/wp\/v2\/product_tag?post=41594"},{"taxonomy":"maison_dedition","embeddable":true,"href":"https:\/\/goelette.ca\/en\/wp-json\/wp\/v2\/maison_dedition?post=41594"}],"curies":[{"name":"wp","href":"https:\/\/api.w.org\/{rel}","templated":true}]}}