{"id":39525,"date":"2022-08-11T00:00:23","date_gmt":"2022-08-11T04:00:23","guid":{"rendered":"https:\/\/www.goelette.ca\/?post_type=product&#038;p=39525"},"modified":"2025-03-20T08:56:40","modified_gmt":"2025-03-20T12:56:40","slug":"a-la-decouverte-des-emotions-et-des-sentiments-bonheur-tristesse-jalousie-amitie-2","status":"publish","type":"product","link":"https:\/\/goelette.ca\/en\/tous-les-livres\/a-la-decouverte-des-emotions-et-des-sentiments-bonheur-tristesse-jalousie-amitie-2\/","title":{"rendered":"\u00c0 la d\u00e9couverte des \u00e9motions et des sentiments (bonheur, tristesse, jalousie, amiti\u00e9)"},"content":{"rendered":"<p>Aidez votre enfant \u00e0 mieux se conna\u00eetre ! Ces courtes histoires, avec des mots de son \u00e2ge, des d\u00e9finitions simples, des exemples familiers et des conseils pour prolonger l\u2019apprentissage lui permettront de d\u00e9couvrir ces 4 \u00e9motions<\/p>\n<p>\u2022 le bonheur ;<br \/>\n\u2022 la tristesse ;<br \/>\n\u2022 l\u2019amiti\u00e9 ;<br \/>\n\u2022 la jalousie.<\/p>\n","protected":false},"excerpt":{"rendered":"<p>Aidez votre enfant \u00e0 mieux se conna\u00eetre ! Ces courtes histoires, avec des mots de son \u00e2ge, des d\u00e9finitions simples, des exemples familiers et des conseils pour prolonger l\u2019apprentissage lui permettront de d\u00e9couvrir ces 4 \u00e9motions \u2022 le bonheur ; \u2022 la tristesse ; \u2022 l\u2019amiti\u00e9 ; \u2022 la jalousie.<\/p>\n","protected":false},"featured_media":40449,"template":"","meta":{"wds_primary_product_brand":0,"wds_primary_product_cat":0,"wds_primary_maison_dedition":0},"product_brand":[],"product_cat":[540,560,538],"product_tag":[],"maison_dedition":[541],"class_list":{"0":"post-39525","1":"product","2":"type-product","3":"status-publish","4":"has-post-thumbnail","6":"product_cat-0-2-ans","7":"product_cat-3-5-ans","8":"product_cat-jeunesse","9":"pa_auteur-collectif","10":"maison_dedition-les-editions-coup-doeil","12":"first","13":"instock","14":"taxable","15":"shipping-taxable","16":"purchasable","17":"product-type-variable"},"bundled_by":[],"bundle_stock_status":"instock","bundle_stock_quantity":null,"bundle_virtual":false,"bundle_layout":"","bundle_add_to_cart_form_location":"","bundle_editable_in_cart":false,"bundle_sold_individually_context":"","bundle_item_grouping":"","bundle_min_size":"","bundle_max_size":"","bundle_price":[],"bundled_items":[],"bundle_sell_ids":[],"acf":[],"_links":{"self":[{"href":"https:\/\/goelette.ca\/en\/wp-json\/wp\/v2\/product\/39525","targetHints":{"allow":["GET"]}}],"collection":[{"href":"https:\/\/goelette.ca\/en\/wp-json\/wp\/v2\/product"}],"about":[{"href":"https:\/\/goelette.ca\/en\/wp-json\/wp\/v2\/types\/product"}],"wp:featuredmedia":[{"embeddable":true,"href":"https:\/\/goelette.ca\/en\/wp-json\/wp\/v2\/media\/40449"}],"wp:attachment":[{"href":"https:\/\/goelette.ca\/en\/wp-json\/wp\/v2\/media?parent=39525"}],"wp:term":[{"taxonomy":"product_brand","embeddable":true,"href":"https:\/\/goelette.ca\/en\/wp-json\/wp\/v2\/product_brand?post=39525"},{"taxonomy":"product_cat","embeddable":true,"href":"https:\/\/goelette.ca\/en\/wp-json\/wp\/v2\/product_cat?post=39525"},{"taxonomy":"product_tag","embeddable":true,"href":"https:\/\/goelette.ca\/en\/wp-json\/wp\/v2\/product_tag?post=39525"},{"taxonomy":"maison_dedition","embeddable":true,"href":"https:\/\/goelette.ca\/en\/wp-json\/wp\/v2\/maison_dedition?post=39525"}],"curies":[{"name":"wp","href":"https:\/\/api.w.org\/{rel}","templated":true}]}}