{"id":39504,"date":"2022-08-04T00:00:40","date_gmt":"2022-08-04T04:00:40","guid":{"rendered":"https:\/\/www.goelette.ca\/?post_type=product&#038;p=39504"},"modified":"2022-08-04T07:54:45","modified_gmt":"2022-08-04T11:54:45","slug":"peinture-a-leau-nos-amis-les-animaux-jungle-et-ocean","status":"publish","type":"product","link":"https:\/\/goelette.ca\/en\/tous-les-livres\/peinture-a-leau-nos-amis-les-animaux-jungle-et-ocean\/","title":{"rendered":"Peinture \u00e0 l&#8217;eau &#8211; Nos amis les animaux (Jungle et oc\u00e9an)"},"content":{"rendered":"<p>Trempe ton pinceau dans un peu d\u2019eau et d\u00e9couvre le monde fascinant de nos amis les animaux exotiques et de la mer ! Comme par magie, fais appara\u00eetre 48 illustrations hautes en couleur !<\/p>\n<p>Donne vie \u00e0 d\u2019incroyables animaux et affiche fi\u00e8rement tes \u0153uvres de peinture \u00e0 l\u2019eau.<\/p>\n","protected":false},"excerpt":{"rendered":"<p>Trempe ton pinceau dans un peu d\u2019eau et d\u00e9couvre le monde fascinant de nos amis les animaux exotiques et de la mer ! Comme par magie, fais appara\u00eetre 48 illustrations hautes en couleur ! Donne vie \u00e0 d\u2019incroyables animaux et affiche fi\u00e8rement tes \u0153uvres de peinture \u00e0 l\u2019eau.<\/p>\n","protected":false},"featured_media":39508,"template":"","meta":{"wds_primary_product_brand":0,"wds_primary_product_cat":0,"wds_primary_maison_dedition":0},"product_brand":[],"product_cat":[551,538,611],"product_tag":[],"maison_dedition":[541],"class_list":{"0":"post-39504","1":"product","2":"type-product","3":"status-publish","4":"has-post-thumbnail","6":"product_cat-activites","7":"product_cat-jeunesse","8":"product_cat-peinture-a-leau","9":"pa_auteur-collectif","10":"maison_dedition-les-editions-coup-doeil","12":"first","13":"instock","14":"taxable","15":"shipping-taxable","16":"purchasable","17":"product-type-variable"},"bundled_by":[],"bundle_stock_status":"instock","bundle_stock_quantity":null,"bundle_virtual":false,"bundle_layout":"","bundle_add_to_cart_form_location":"","bundle_editable_in_cart":false,"bundle_sold_individually_context":"","bundle_item_grouping":"","bundle_min_size":"","bundle_max_size":"","bundle_price":[],"bundled_items":[],"bundle_sell_ids":[],"acf":[],"_links":{"self":[{"href":"https:\/\/goelette.ca\/en\/wp-json\/wp\/v2\/product\/39504","targetHints":{"allow":["GET"]}}],"collection":[{"href":"https:\/\/goelette.ca\/en\/wp-json\/wp\/v2\/product"}],"about":[{"href":"https:\/\/goelette.ca\/en\/wp-json\/wp\/v2\/types\/product"}],"wp:featuredmedia":[{"embeddable":true,"href":"https:\/\/goelette.ca\/en\/wp-json\/wp\/v2\/media\/39508"}],"wp:attachment":[{"href":"https:\/\/goelette.ca\/en\/wp-json\/wp\/v2\/media?parent=39504"}],"wp:term":[{"taxonomy":"product_brand","embeddable":true,"href":"https:\/\/goelette.ca\/en\/wp-json\/wp\/v2\/product_brand?post=39504"},{"taxonomy":"product_cat","embeddable":true,"href":"https:\/\/goelette.ca\/en\/wp-json\/wp\/v2\/product_cat?post=39504"},{"taxonomy":"product_tag","embeddable":true,"href":"https:\/\/goelette.ca\/en\/wp-json\/wp\/v2\/product_tag?post=39504"},{"taxonomy":"maison_dedition","embeddable":true,"href":"https:\/\/goelette.ca\/en\/wp-json\/wp\/v2\/maison_dedition?post=39504"}],"curies":[{"name":"wp","href":"https:\/\/api.w.org\/{rel}","templated":true}]}}