{"id":39360,"date":"2022-08-18T00:00:24","date_gmt":"2022-08-18T04:00:24","guid":{"rendered":"https:\/\/www.goelette.ca\/?post_type=product&#038;p=39360"},"modified":"2023-12-21T09:10:54","modified_gmt":"2023-12-21T14:10:54","slug":"ma-vie-assassinee-t-2","status":"publish","type":"product","link":"https:\/\/goelette.ca\/en\/tous-les-livres\/ma-vie-assassinee-t-2\/","title":{"rendered":"Ma vie assassin\u00e9e T.2"},"content":{"rendered":"<p style=\"text-align: justify;\">Depuis un certain temps, Mady r\u00eave \u00e0 Guillaume, son amour de jeunesse, qui lui propose un nouvel avenir commun. Alors que ses songes lui semblent si vrais, la r\u00e9alit\u00e9 est tout autre. Un d\u00e9c\u00e8s, la d\u00e9couverte d\u2019un oncle inconnu et un \u00e9trange colis venu du Qu\u00e9bec sont autant d\u2019\u00e9v\u00e9nements qui lui font revivre son pass\u00e9 parfois difficile.<\/p>\n<p style=\"text-align: justify;\">Alors aux prises avec une foule de questions et de myst\u00e8res \u00e0 \u00e9lucider, Mady d\u00e9sire \u00e0 tout prix voir Guillaume une derni\u00e8re fois afin de clore leur histoire et de comprendre les raisons de sa disparition inexpliqu\u00e9e. Mais lorsqu\u2019elle le reverra, aura-t-il refait sa vie ou ses sentiments seront-ils toujours au rendez-vous ? Les r\u00eaves de Mady se r\u00e9aliseront-ils ?<\/p>\n<p style=\"text-align: justify;\">Dans ce second tome, Agn\u00e8s Ruiz nous transporte dans le d\u00e9dale des mensonges entourant des personnages poignants, qui devront affronter leurs d\u00e9mons pour mieux retrouver l\u2019amour et la s\u00e9r\u00e9nit\u00e9.<\/p>\n","protected":false},"excerpt":{"rendered":"<p>Depuis un certain temps, Mady r\u00eave \u00e0 Guillaume, son amour de jeunesse, qui lui propose un nouvel avenir commun. Alors que ses songes lui semblent si vrais, la r\u00e9alit\u00e9 est tout autre. Un d\u00e9c\u00e8s, la d\u00e9couverte d\u2019un oncle inconnu et un \u00e9trange colis venu du Qu\u00e9bec sont autant d\u2019\u00e9v\u00e9nements qui lui font revivre son pass\u00e9 [&hellip;]<\/p>\n","protected":false},"featured_media":39362,"template":"","meta":{"wds_primary_product_brand":0,"wds_primary_product_cat":0,"wds_primary_maison_dedition":0},"product_brand":[],"product_cat":[565,542],"product_tag":[],"maison_dedition":[541],"class_list":{"0":"post-39360","1":"product","2":"type-product","3":"status-publish","4":"has-post-thumbnail","6":"product_cat-drame","7":"product_cat-roman","8":"pa_auteur-agnes-ruiz","9":"maison_dedition-les-editions-coup-doeil","11":"first","12":"instock","13":"taxable","14":"shipping-taxable","15":"purchasable","16":"product-type-variable"},"bundled_by":[],"bundle_stock_status":"instock","bundle_stock_quantity":null,"bundle_virtual":false,"bundle_layout":"","bundle_add_to_cart_form_location":"","bundle_editable_in_cart":false,"bundle_sold_individually_context":"","bundle_item_grouping":"","bundle_min_size":"","bundle_max_size":"","bundle_price":[],"bundled_items":[],"bundle_sell_ids":[],"acf":[],"_links":{"self":[{"href":"https:\/\/goelette.ca\/en\/wp-json\/wp\/v2\/product\/39360","targetHints":{"allow":["GET"]}}],"collection":[{"href":"https:\/\/goelette.ca\/en\/wp-json\/wp\/v2\/product"}],"about":[{"href":"https:\/\/goelette.ca\/en\/wp-json\/wp\/v2\/types\/product"}],"wp:featuredmedia":[{"embeddable":true,"href":"https:\/\/goelette.ca\/en\/wp-json\/wp\/v2\/media\/39362"}],"wp:attachment":[{"href":"https:\/\/goelette.ca\/en\/wp-json\/wp\/v2\/media?parent=39360"}],"wp:term":[{"taxonomy":"product_brand","embeddable":true,"href":"https:\/\/goelette.ca\/en\/wp-json\/wp\/v2\/product_brand?post=39360"},{"taxonomy":"product_cat","embeddable":true,"href":"https:\/\/goelette.ca\/en\/wp-json\/wp\/v2\/product_cat?post=39360"},{"taxonomy":"product_tag","embeddable":true,"href":"https:\/\/goelette.ca\/en\/wp-json\/wp\/v2\/product_tag?post=39360"},{"taxonomy":"maison_dedition","embeddable":true,"href":"https:\/\/goelette.ca\/en\/wp-json\/wp\/v2\/maison_dedition?post=39360"}],"curies":[{"name":"wp","href":"https:\/\/api.w.org\/{rel}","templated":true}]}}