{"id":39355,"date":"2022-08-18T00:00:47","date_gmt":"2022-08-18T04:00:47","guid":{"rendered":"https:\/\/www.goelette.ca\/?post_type=product&#038;p=39355"},"modified":"2023-12-21T09:10:07","modified_gmt":"2023-12-21T14:10:07","slug":"ma-vie-assassinee-t-1","status":"publish","type":"product","link":"https:\/\/goelette.ca\/en\/tous-les-livres\/ma-vie-assassinee-t-1\/","title":{"rendered":"Ma vie assassin\u00e9e T.1"},"content":{"rendered":"<p style=\"text-align: justify;\"><span style=\"font-size: 14px;\">Mady Lestrey a seize ans lorsqu&#8217;elle rencontre Guillaume, venu du Qu\u00e9bec pour chercher la paix \u00e0 Pincourt, un petit village de France. M\u00eame si son p\u00e8re n&#8217;approuve pas sa relation, la jeune femme aspire \u00e0 une vie heureuse avec son amour. Mais leurs r\u00eaves de bonheur sont brusquement interrompus, car la s\u0153ur cadette de Guillaume tombe malade, et ce dernier doit retourner au Qu\u00e9bec afin de veiller sur elle.<\/span><\/p>\n<p style=\"text-align: justify;\"><span style=\"font-size: 14px;\">Vingt ans plus tard, Mady n&#8217;a jamais eu de nouvelles de son premier amour, mais un beau jour, une inconnue frappe \u00e0 sa porte, clamant \u00eatre sa fille. Pourtant, l&#8217;enfant qu&#8217;elle a eu est mort \u00e0 la naissance, alors comment serait-ce possible ? Des secrets bien gard\u00e9s devront \u00eatre d\u00e9terr\u00e9s afin de lever le voile sur le pass\u00e9 et comprendre ce qui est vraiment arriv\u00e9.<\/span><\/p>\n<p style=\"text-align: justify;\"><span style=\"font-size: 14px;\">Plongez dans une histoire en deux tableaux pleine de myst\u00e8res, d&#8217;amour et de drames, o\u00f9 une m\u00e8re et sa fille devront apprendre \u00e0 tisser des liens pour mieux reconstituer le casse-t\u00eate de leur s\u00e9paration et o\u00f9 deux amants verront leurs destin\u00e9es s&#8217;entrem\u00ealer.<\/span><\/p>\n","protected":false},"excerpt":{"rendered":"<p>Mady Lestrey a seize ans lorsqu&#8217;elle rencontre Guillaume, venu du Qu\u00e9bec pour chercher la paix \u00e0 Pincourt, un petit village de France. M\u00eame si son p\u00e8re n&#8217;approuve pas sa relation, la jeune femme aspire \u00e0 une vie heureuse avec son amour. Mais leurs r\u00eaves de bonheur sont brusquement interrompus, car la s\u0153ur cadette de Guillaume [&hellip;]<\/p>\n","protected":false},"featured_media":39358,"template":"","meta":{"wds_primary_product_brand":0,"wds_primary_product_cat":0,"wds_primary_maison_dedition":0},"product_brand":[],"product_cat":[565,542],"product_tag":[],"maison_dedition":[541],"class_list":{"0":"post-39355","1":"product","2":"type-product","3":"status-publish","4":"has-post-thumbnail","6":"product_cat-drame","7":"product_cat-roman","8":"pa_auteur-agnes-ruiz","9":"maison_dedition-les-editions-coup-doeil","11":"first","12":"instock","13":"taxable","14":"shipping-taxable","15":"purchasable","16":"product-type-variable"},"bundled_by":[],"bundle_stock_status":"instock","bundle_stock_quantity":null,"bundle_virtual":false,"bundle_layout":"","bundle_add_to_cart_form_location":"","bundle_editable_in_cart":false,"bundle_sold_individually_context":"","bundle_item_grouping":"","bundle_min_size":"","bundle_max_size":"","bundle_price":[],"bundled_items":[],"bundle_sell_ids":[],"acf":[],"_links":{"self":[{"href":"https:\/\/goelette.ca\/en\/wp-json\/wp\/v2\/product\/39355","targetHints":{"allow":["GET"]}}],"collection":[{"href":"https:\/\/goelette.ca\/en\/wp-json\/wp\/v2\/product"}],"about":[{"href":"https:\/\/goelette.ca\/en\/wp-json\/wp\/v2\/types\/product"}],"wp:featuredmedia":[{"embeddable":true,"href":"https:\/\/goelette.ca\/en\/wp-json\/wp\/v2\/media\/39358"}],"wp:attachment":[{"href":"https:\/\/goelette.ca\/en\/wp-json\/wp\/v2\/media?parent=39355"}],"wp:term":[{"taxonomy":"product_brand","embeddable":true,"href":"https:\/\/goelette.ca\/en\/wp-json\/wp\/v2\/product_brand?post=39355"},{"taxonomy":"product_cat","embeddable":true,"href":"https:\/\/goelette.ca\/en\/wp-json\/wp\/v2\/product_cat?post=39355"},{"taxonomy":"product_tag","embeddable":true,"href":"https:\/\/goelette.ca\/en\/wp-json\/wp\/v2\/product_tag?post=39355"},{"taxonomy":"maison_dedition","embeddable":true,"href":"https:\/\/goelette.ca\/en\/wp-json\/wp\/v2\/maison_dedition?post=39355"}],"curies":[{"name":"wp","href":"https:\/\/api.w.org\/{rel}","templated":true}]}}