{"id":39348,"date":"2022-08-25T00:00:07","date_gmt":"2022-08-25T04:00:07","guid":{"rendered":"https:\/\/www.goelette.ca\/?post_type=product&#038;p=39348"},"modified":"2025-03-20T10:37:41","modified_gmt":"2025-03-20T14:37:41","slug":"le-gaillard-et-moi","status":"publish","type":"product","link":"https:\/\/goelette.ca\/en\/tous-les-livres\/le-gaillard-et-moi\/","title":{"rendered":"Le gaillard et moi"},"content":{"rendered":"<p style=\"text-align: justify;\">Hood n\u2019utilise aucune po\u00e9sie pour la s\u00e9duire ce soir-l\u00e0. Cru et sans d\u00e9tour, l\u2019homme ne m\u00e9nage pas la pudeur de Roxanne en lui dictant exactement ce qu\u2019il veut d\u2019elle. D\u2019une fa\u00e7on inexplicable, la jeune femme se sent en s\u00e9curit\u00e9 dans ses bras, s\u2019offrant corps et \u00e2me jusqu\u2019au matin. C\u2019est avec des mots d\u2019une cruaut\u00e9 percutante que Hood dispara\u00eet alors de la vie de Roxanne, l\u2019abandonnant, bris\u00e9e, derri\u00e8re lui.<br \/>\nPr\u00e8s de six ans plus tard&#8230;<\/p>\n<p style=\"text-align: justify;\">Fragile, mais courageuse, Roxanne se remet d\u2019\u00e9preuves difficiles. Hood, quant \u00e0 lui, combat furieusement ses d\u00e9mons. Lorsque Roxanne engage un inconnu pour des r\u00e9novations urgentes, elle est loin de se douter qu\u2019elle vient de laisser entrer chez elle celui qui a g\u00e2ch\u00e9 sa vie. Et Hood ne sait pas qu\u2019il s\u2019appr\u00eate \u00e0 exposer le tumulte qui l\u2019habite&#8230;<\/p>\n<p style=\"text-align: justify;\">Le gaillard et moi est un roman rempli d\u2019espoir et de tristesse, de romance et de coeurs bris\u00e9s. Des personnages aux vies bouleversantes naissent sous la plume sensible de Marie Potvin, qui nous livre ce r\u00e9cit envo\u00fbtant.<\/p>\n<p style=\"text-align: justify;\">Pr\u00e9alablement publi\u00e9 sous le titre original Le gaillard<\/p>\n","protected":false},"excerpt":{"rendered":"<p>Hood n\u2019utilise aucune po\u00e9sie pour la s\u00e9duire ce soir-l\u00e0. Cru et sans d\u00e9tour, l\u2019homme ne m\u00e9nage pas la pudeur de Roxanne en lui dictant exactement ce qu\u2019il veut d\u2019elle. D\u2019une fa\u00e7on inexplicable, la jeune femme se sent en s\u00e9curit\u00e9 dans ses bras, s\u2019offrant corps et \u00e2me jusqu\u2019au matin. C\u2019est avec des mots d\u2019une cruaut\u00e9 percutante [&hellip;]<\/p>\n","protected":false},"featured_media":39353,"template":"","meta":{"wds_primary_product_brand":0,"wds_primary_product_cat":0,"wds_primary_maison_dedition":0},"product_brand":[],"product_cat":[548,542],"product_tag":[],"maison_dedition":[541],"class_list":{"0":"post-39348","1":"product","2":"type-product","3":"status-publish","4":"has-post-thumbnail","6":"product_cat-chick-lit","7":"product_cat-roman","8":"pa_auteur-marie-potvin","9":"maison_dedition-les-editions-coup-doeil","11":"first","12":"instock","13":"taxable","14":"shipping-taxable","15":"purchasable","16":"product-type-variable"},"bundled_by":[],"bundle_stock_status":"instock","bundle_stock_quantity":null,"bundle_virtual":false,"bundle_layout":"","bundle_add_to_cart_form_location":"","bundle_editable_in_cart":false,"bundle_sold_individually_context":"","bundle_item_grouping":"","bundle_min_size":"","bundle_max_size":"","bundle_price":[],"bundled_items":[],"bundle_sell_ids":[],"acf":[],"_links":{"self":[{"href":"https:\/\/goelette.ca\/en\/wp-json\/wp\/v2\/product\/39348","targetHints":{"allow":["GET"]}}],"collection":[{"href":"https:\/\/goelette.ca\/en\/wp-json\/wp\/v2\/product"}],"about":[{"href":"https:\/\/goelette.ca\/en\/wp-json\/wp\/v2\/types\/product"}],"wp:featuredmedia":[{"embeddable":true,"href":"https:\/\/goelette.ca\/en\/wp-json\/wp\/v2\/media\/39353"}],"wp:attachment":[{"href":"https:\/\/goelette.ca\/en\/wp-json\/wp\/v2\/media?parent=39348"}],"wp:term":[{"taxonomy":"product_brand","embeddable":true,"href":"https:\/\/goelette.ca\/en\/wp-json\/wp\/v2\/product_brand?post=39348"},{"taxonomy":"product_cat","embeddable":true,"href":"https:\/\/goelette.ca\/en\/wp-json\/wp\/v2\/product_cat?post=39348"},{"taxonomy":"product_tag","embeddable":true,"href":"https:\/\/goelette.ca\/en\/wp-json\/wp\/v2\/product_tag?post=39348"},{"taxonomy":"maison_dedition","embeddable":true,"href":"https:\/\/goelette.ca\/en\/wp-json\/wp\/v2\/maison_dedition?post=39348"}],"curies":[{"name":"wp","href":"https:\/\/api.w.org\/{rel}","templated":true}]}}